{"id":5062,"date":"2023-05-16T12:37:34","date_gmt":"2023-05-16T12:37:34","guid":{"rendered":"https:\/\/riccionepiadina.com\/kundenservice\/"},"modified":"2024-03-12T16:48:00","modified_gmt":"2024-03-12T16:48:00","slug":"kundenservice","status":"publish","type":"page","link":"https:\/\/riccionepiadina.com\/de\/kundenservice\/","title":{"rendered":"Kundenservice"},"content":{"rendered":"<section class=\"wpb-content-wrapper\"><p>[vc_row css_animation=&#8220;&#8220; row_type=&#8220;row&#8220; use_row_as_full_screen_section=&#8220;no&#8220; type=&#8220;grid&#8220; angled_section=&#8220;no&#8220; text_align=&#8220;center&#8220; background_image_as_pattern=&#8220;without_pattern&#8220; z_index=&#8220;&#8220; css=&#8220;.vc_custom_1684163230359{padding-top: 100px !important;padding-bottom: 100px !important;}&#8220;][vc_column width=&#8220;1\/6&#8243;][\/vc_column][vc_column width=&#8220;2\/3&#8243;][vc_column_text]<\/p>\n<h1>Kundenservice<\/h1>\n<p>[\/vc_column_text][vc_empty_space][vc_column_text]<\/p>\n<h2>Wir sind hier, um Ihre Fragen zu beantworten, Unterst\u00fctzung anzubieten und eine zufriedenstellende Erfahrung zu garantieren. Kontaktieren Sie uns noch heute eine Unterst\u00fctzung, die sich durch ihre hohe Qualit\u00e4t auszeichnet<\/h2>\n<p>[\/vc_column_text][vc_empty_space][\/vc_column][vc_column width=&#8220;1\/6&#8243;][\/vc_column][\/vc_row][vc_row css_animation=&#8220;&#8220; row_type=&#8220;row&#8220; use_row_as_full_screen_section=&#8220;no&#8220; type=&#8220;full_width&#8220; angled_section=&#8220;no&#8220; text_align=&#8220;left&#8220; background_image_as_pattern=&#8220;without_pattern&#8220; z_index=&#8220;&#8220;][vc_column][qode_elements_holder number_of_columns=&#8220;two_columns&#8220; switch_to_one_column=&#8220;1300&#8243;][qode_elements_holder_item vertical_alignment=&#8220;middle&#8220; horizontal_alignment=&#8220;center&#8220; advanced_animations=&#8220;no&#8220; item_padding=&#8220;10% 10% 10% 10%&#8220; background_color=&#8220;#fdf5ea&#8220;]<div class='q_icon_with_title small normal_icon center '><div class=\"icon_holder \" style=\" \"><span data-icon-type=\"normal\"   style=\"\" class=\"qode_iwt_icon_holder q_font_awsome_icon fa-2x  \"><i class=\"qode_icon_font_awesome fa fa-question-circle-o qode_iwt_icon_element\" style=\"\" ><\/i><\/span><\/div><div class=\"icon_text_holder\" style=\"\"><div class=\"icon_text_inner\" style=\"\"><h3 class=\"icon_title\" style=\"\">H\u00e4ufige Fragen schnell gekl\u00e4rt<\/h3><div class=\"separator small left\" style=\"height: 2px;width: 20px;margin-bottom: 15px;\"><\/div><p style=''><\/p><\/div><\/div><\/div>[vc_column_text]Direkte Antworten auf die am h\u00e4ufigsten gestellten Fragen. Sparen Sie Zeit, indem Sie die gesuchten Informationen im <a href=\"https:\/\/riccionepiadina.com\/de\/faq\/\">FAQ-Bereich<\/a> finden.[\/vc_column_text][vc_empty_space][\/qode_elements_holder_item][qode_elements_holder_item vertical_alignment=&#8220;middle&#8220; horizontal_alignment=&#8220;center&#8220; advanced_animations=&#8220;no&#8220; item_padding=&#8220;20% 10% 20% 10%&#8220; background_color=&#8220;#f6eee3&#8243;]<div class='q_icon_with_title small normal_icon center '><div class=\"icon_holder \" style=\" \"><span data-icon-type=\"normal\"   style=\"\" class=\"qode_iwt_icon_holder q_font_awsome_icon fa-2x  \"><i class=\"qode_icon_font_awesome fa fa-ticket qode_iwt_icon_element\" style=\"\" ><\/i><\/span><\/div><div class=\"icon_text_holder\" style=\"\"><div class=\"icon_text_inner\" style=\"\"><h3 class=\"icon_title\" style=\"\">Spezialisierter technischer Support<\/h3><div class=\"separator small left\" style=\"height: 2px;width: 20px;margin-bottom: 15px;\"><\/div><p style=''><\/p><\/div><\/div><\/div>[vc_column_text]Unsere Experten helfen Ihnen gerne bei technischen Problemen. Kontaktieren Sie uns telefonisch unter der Nummer <a href=\"http:\/\/0541\/957299\">0541\/957299<\/a> oder per E-Mail an <a href=\"mailto:info@riccionepiadina.com\" target=\"_new\" rel=\"noopener\">info@riccionepiadina.com<\/a> f\u00fcr einen schnellen Support.[\/vc_column_text][vc_empty_space][\/qode_elements_holder_item][\/qode_elements_holder][\/vc_column][\/vc_row][vc_row css_animation=&#8220;&#8220; row_type=&#8220;row&#8220; use_row_as_full_screen_section=&#8220;no&#8220; type=&#8220;full_width&#8220; angled_section=&#8220;no&#8220; text_align=&#8220;left&#8220; background_image_as_pattern=&#8220;without_pattern&#8220;][vc_column][qode_elements_holder number_of_columns=&#8220;two_columns&#8220; switch_to_one_column=&#8220;1300&#8243;][qode_elements_holder_item vertical_alignment=&#8220;middle&#8220; horizontal_alignment=&#8220;center&#8220; advanced_animations=&#8220;no&#8220; item_padding=&#8220;20% 10% 20% 10%&#8220;]<div class='q_icon_with_title small normal_icon center '><div class=\"icon_holder \" style=\" \"><span data-icon-type=\"normal\"   style=\"\" class=\"qode_iwt_icon_holder q_font_awsome_icon fa-2x  \"><i class=\"qode_icon_font_awesome fa fa-thermometer-full qode_iwt_icon_element\" style=\"\" ><\/i><\/span><\/div><div class=\"icon_text_holder\" style=\"\"><div class=\"icon_text_inner\" style=\"\"><h3 class=\"icon_title\" style=\"\">Problemmanagement und Probleml\u00f6sung<\/h3><div class=\"separator small left\" style=\"height: 2px;width: 20px;margin-bottom: 15px;\"><\/div><p style=''><\/p><\/div><\/div><\/div>[vc_column_text]Sagen Sie uns Ihre Meinung. Wenn Sie eine Erfahrung gemacht haben, die Sie nicht zufriedengestellt hat, sind wir hier, um Ihnen zu helfen. Senden Sie uns Ihre Reklamation mit unserem <a href=\"https:\/\/riccionepiadina.com\/de\/kundenservice-2\/\">Online-Formular<\/a> oder kontaktieren Sie uns telefonische unter der Nimmer <a href=\"http:\/\/0541\/957299\">0541\/957299<\/a>, um das Problem zu l\u00f6sen.[\/vc_column_text][vc_empty_space][\/qode_elements_holder_item][qode_elements_holder_item vertical_alignment=&#8220;middle&#8220; horizontal_alignment=&#8220;center&#8220; advanced_animations=&#8220;no&#8220; item_padding=&#8220;20% 10% 20% 10%&#8220; background_color=&#8220;#fdf5ea&#8220;]<div class='q_icon_with_title small normal_icon center '><div class=\"icon_holder \" style=\" \"><span data-icon-type=\"normal\"   style=\"\" class=\"qode_iwt_icon_holder q_font_awsome_icon fa-2x  \"><i class=\"qode_icon_font_awesome fa fa-headphones qode_iwt_icon_element\" style=\"\" ><\/i><\/span><\/div><div class=\"icon_text_holder\" style=\"\"><div class=\"icon_text_inner\" style=\"\"><h3 class=\"icon_title\" style=\"\">Personalisierter Kundenservice<\/h3><div class=\"separator small left\" style=\"height: 2px;width: 20px;margin-bottom: 15px;\"><\/div><p style=''><\/p><\/div><\/div><\/div>[vc_column_text]Ihr Wohlbefinden ist uns wichtig. Wir bieten einen Kundenservice nach Ma\u00df f\u00fcr alle Ihre Anforderungen. Kontaktieren Sie uns \u00fcber unsere <a href=\"http:\/\/RP-demo\/Live-chat\">Live Chat<\/a> auf der Webseite, wenn Sie direkte Antworten und einen personalisierten Support w\u00fcnschen.[\/vc_column_text][vc_empty_space][\/qode_elements_holder_item][\/qode_elements_holder][\/vc_column][\/vc_row]<\/p>\n<\/section>","protected":false},"excerpt":{"rendered":"<p>[vc_row css_animation=&#8220;&#8220; row_type=&#8220;row&#8220; use_row_as_full_screen_section=&#8220;no&#8220; type=&#8220;grid&#8220; angled_section=&#8220;no&#8220; text_align=&#8220;center&#8220; background_image_as_pattern=&#8220;without_pattern&#8220; z_index=&#8220;&#8220; css=&#8220;.vc_custom_1684163230359{padding-top: 100px !important;padding-bottom: 100px !important;}&#8220;][vc_column width=&#8220;1\/6&#8243;][\/vc_column][vc_column&#8230;<\/p>\n","protected":false},"author":1,"featured_media":0,"parent":0,"menu_order":0,"comment_status":"closed","ping_status":"closed","template":"full_width.php","meta":{"footnotes":""},"class_list":["post-5062","page","type-page","status-publish","hentry"],"yoast_head":"<!-- This site is optimized with the Yoast SEO plugin v27.4 - https:\/\/yoast.com\/product\/yoast-seo-wordpress\/ -->\n<title>Kundenservice - Riccione Piadina<\/title>\n<meta name=\"robots\" content=\"index, follow, max-snippet:-1, max-image-preview:large, max-video-preview:-1\" \/>\n<link rel=\"canonical\" href=\"https:\/\/riccionepiadina.com\/de\/kundenservice\/\" \/>\n<meta property=\"og:locale\" content=\"de_DE\" \/>\n<meta property=\"og:type\" content=\"article\" \/>\n<meta property=\"og:title\" content=\"Kundenservice - Riccione Piadina\" \/>\n<meta property=\"og:description\" content=\"[vc_row css_animation=&#8220;&#8220; row_type=&#8220;row&#8220; use_row_as_full_screen_section=&#8220;no&#8220; type=&#8220;grid&#8220; angled_section=&#8220;no&#8220; text_align=&#8220;center&#8220; background_image_as_pattern=&#8220;without_pattern&#8220; z_index=&#8220;&#8220; css=&#8220;.vc_custom_1684163230359{padding-top: 100px !important;padding-bottom: 100px !important;}&#8220;][vc_column width=&#8220;1\/6&#8243;][\/vc_column][vc_column...\" \/>\n<meta property=\"og:url\" content=\"https:\/\/riccionepiadina.com\/de\/kundenservice\/\" \/>\n<meta property=\"og:site_name\" content=\"Riccione Piadina\" \/>\n<meta property=\"article:publisher\" content=\"https:\/\/www.facebook.com\/Riccione.Piadina\" \/>\n<meta property=\"article:modified_time\" content=\"2024-03-12T16:48:00+00:00\" \/>\n<meta name=\"twitter:card\" content=\"summary_large_image\" \/>\n<meta name=\"twitter:label1\" content=\"Gesch\u00e4tzte Lesezeit\" \/>\n\t<meta name=\"twitter:data1\" content=\"3\u00a0Minuten\" \/>\n<script type=\"application\/ld+json\" class=\"yoast-schema-graph\">{\"@context\":\"https:\\\/\\\/schema.org\",\"@graph\":[{\"@type\":\"WebPage\",\"@id\":\"https:\\\/\\\/riccionepiadina.com\\\/de\\\/kundenservice\\\/\",\"url\":\"https:\\\/\\\/riccionepiadina.com\\\/de\\\/kundenservice\\\/\",\"name\":\"Kundenservice - Riccione Piadina\",\"isPartOf\":{\"@id\":\"https:\\\/\\\/riccionepiadina.com\\\/de\\\/#website\"},\"datePublished\":\"2023-05-16T12:37:34+00:00\",\"dateModified\":\"2024-03-12T16:48:00+00:00\",\"breadcrumb\":{\"@id\":\"https:\\\/\\\/riccionepiadina.com\\\/de\\\/kundenservice\\\/#breadcrumb\"},\"inLanguage\":\"de\",\"potentialAction\":[{\"@type\":\"ReadAction\",\"target\":[\"https:\\\/\\\/riccionepiadina.com\\\/de\\\/kundenservice\\\/\"]}]},{\"@type\":\"BreadcrumbList\",\"@id\":\"https:\\\/\\\/riccionepiadina.com\\\/de\\\/kundenservice\\\/#breadcrumb\",\"itemListElement\":[{\"@type\":\"ListItem\",\"position\":1,\"name\":\"Home\",\"item\":\"https:\\\/\\\/riccionepiadina.com\\\/de\\\/\"},{\"@type\":\"ListItem\",\"position\":2,\"name\":\"Kundenservice\"}]},{\"@type\":\"WebSite\",\"@id\":\"https:\\\/\\\/riccionepiadina.com\\\/de\\\/#website\",\"url\":\"https:\\\/\\\/riccionepiadina.com\\\/de\\\/\",\"name\":\"Riccione Piadina\",\"description\":\"Riccione Piadina seit mehr als 30 Jahren in der italienischen Piadina Romagnola: Classica, Biologica, Senza Glutine, Integrale und echtes IGP alla Riminese\",\"publisher\":{\"@id\":\"https:\\\/\\\/riccionepiadina.com\\\/de\\\/#organization\"},\"alternateName\":\"Riccione Piadina\",\"potentialAction\":[{\"@type\":\"SearchAction\",\"target\":{\"@type\":\"EntryPoint\",\"urlTemplate\":\"https:\\\/\\\/riccionepiadina.com\\\/de\\\/?s={search_term_string}\"},\"query-input\":{\"@type\":\"PropertyValueSpecification\",\"valueRequired\":true,\"valueName\":\"search_term_string\"}}],\"inLanguage\":\"de\"},{\"@type\":\"Organization\",\"@id\":\"https:\\\/\\\/riccionepiadina.com\\\/de\\\/#organization\",\"name\":\"Riccione S.r.l.\",\"url\":\"https:\\\/\\\/riccionepiadina.com\\\/de\\\/\",\"logo\":{\"@type\":\"ImageObject\",\"inLanguage\":\"de\",\"@id\":\"https:\\\/\\\/riccionepiadina.com\\\/de\\\/#\\\/schema\\\/logo\\\/image\\\/\",\"url\":\"https:\\\/\\\/riccionepiadina.com\\\/wp-content\\\/uploads\\\/2023\\\/05\\\/Riccione-Piadina-produzione-piadine-romagnole-certificate.png\",\"contentUrl\":\"https:\\\/\\\/riccionepiadina.com\\\/wp-content\\\/uploads\\\/2023\\\/05\\\/Riccione-Piadina-produzione-piadine-romagnole-certificate.png\",\"width\":152,\"height\":118,\"caption\":\"Riccione S.r.l.\"},\"image\":{\"@id\":\"https:\\\/\\\/riccionepiadina.com\\\/de\\\/#\\\/schema\\\/logo\\\/image\\\/\"},\"sameAs\":[\"https:\\\/\\\/www.facebook.com\\\/Riccione.Piadina\",\"https:\\\/\\\/www.youtube.com\\\/user\\\/RICCIONEPIADINA\",\"https:\\\/\\\/www.instagram.com\\\/riccionepiadina\\\/\"]}]}<\/script>\n<!-- \/ Yoast SEO plugin. -->","yoast_head_json":{"title":"Kundenservice - Riccione Piadina","robots":{"index":"index","follow":"follow","max-snippet":"max-snippet:-1","max-image-preview":"max-image-preview:large","max-video-preview":"max-video-preview:-1"},"canonical":"https:\/\/riccionepiadina.com\/de\/kundenservice\/","og_locale":"de_DE","og_type":"article","og_title":"Kundenservice - Riccione Piadina","og_description":"[vc_row css_animation=&#8220;&#8220; row_type=&#8220;row&#8220; use_row_as_full_screen_section=&#8220;no&#8220; type=&#8220;grid&#8220; angled_section=&#8220;no&#8220; text_align=&#8220;center&#8220; background_image_as_pattern=&#8220;without_pattern&#8220; z_index=&#8220;&#8220; css=&#8220;.vc_custom_1684163230359{padding-top: 100px !important;padding-bottom: 100px !important;}&#8220;][vc_column width=&#8220;1\/6&#8243;][\/vc_column][vc_column...","og_url":"https:\/\/riccionepiadina.com\/de\/kundenservice\/","og_site_name":"Riccione Piadina","article_publisher":"https:\/\/www.facebook.com\/Riccione.Piadina","article_modified_time":"2024-03-12T16:48:00+00:00","twitter_card":"summary_large_image","twitter_misc":{"Gesch\u00e4tzte Lesezeit":"3\u00a0Minuten"},"schema":{"@context":"https:\/\/schema.org","@graph":[{"@type":"WebPage","@id":"https:\/\/riccionepiadina.com\/de\/kundenservice\/","url":"https:\/\/riccionepiadina.com\/de\/kundenservice\/","name":"Kundenservice - Riccione Piadina","isPartOf":{"@id":"https:\/\/riccionepiadina.com\/de\/#website"},"datePublished":"2023-05-16T12:37:34+00:00","dateModified":"2024-03-12T16:48:00+00:00","breadcrumb":{"@id":"https:\/\/riccionepiadina.com\/de\/kundenservice\/#breadcrumb"},"inLanguage":"de","potentialAction":[{"@type":"ReadAction","target":["https:\/\/riccionepiadina.com\/de\/kundenservice\/"]}]},{"@type":"BreadcrumbList","@id":"https:\/\/riccionepiadina.com\/de\/kundenservice\/#breadcrumb","itemListElement":[{"@type":"ListItem","position":1,"name":"Home","item":"https:\/\/riccionepiadina.com\/de\/"},{"@type":"ListItem","position":2,"name":"Kundenservice"}]},{"@type":"WebSite","@id":"https:\/\/riccionepiadina.com\/de\/#website","url":"https:\/\/riccionepiadina.com\/de\/","name":"Riccione Piadina","description":"Riccione Piadina seit mehr als 30 Jahren in der italienischen Piadina Romagnola: Classica, Biologica, Senza Glutine, Integrale und echtes IGP alla Riminese","publisher":{"@id":"https:\/\/riccionepiadina.com\/de\/#organization"},"alternateName":"Riccione Piadina","potentialAction":[{"@type":"SearchAction","target":{"@type":"EntryPoint","urlTemplate":"https:\/\/riccionepiadina.com\/de\/?s={search_term_string}"},"query-input":{"@type":"PropertyValueSpecification","valueRequired":true,"valueName":"search_term_string"}}],"inLanguage":"de"},{"@type":"Organization","@id":"https:\/\/riccionepiadina.com\/de\/#organization","name":"Riccione S.r.l.","url":"https:\/\/riccionepiadina.com\/de\/","logo":{"@type":"ImageObject","inLanguage":"de","@id":"https:\/\/riccionepiadina.com\/de\/#\/schema\/logo\/image\/","url":"https:\/\/riccionepiadina.com\/wp-content\/uploads\/2023\/05\/Riccione-Piadina-produzione-piadine-romagnole-certificate.png","contentUrl":"https:\/\/riccionepiadina.com\/wp-content\/uploads\/2023\/05\/Riccione-Piadina-produzione-piadine-romagnole-certificate.png","width":152,"height":118,"caption":"Riccione S.r.l."},"image":{"@id":"https:\/\/riccionepiadina.com\/de\/#\/schema\/logo\/image\/"},"sameAs":["https:\/\/www.facebook.com\/Riccione.Piadina","https:\/\/www.youtube.com\/user\/RICCIONEPIADINA","https:\/\/www.instagram.com\/riccionepiadina\/"]}]}},"_links":{"self":[{"href":"https:\/\/riccionepiadina.com\/de\/wp-json\/wp\/v2\/pages\/5062","targetHints":{"allow":["GET"]}}],"collection":[{"href":"https:\/\/riccionepiadina.com\/de\/wp-json\/wp\/v2\/pages"}],"about":[{"href":"https:\/\/riccionepiadina.com\/de\/wp-json\/wp\/v2\/types\/page"}],"author":[{"embeddable":true,"href":"https:\/\/riccionepiadina.com\/de\/wp-json\/wp\/v2\/users\/1"}],"replies":[{"embeddable":true,"href":"https:\/\/riccionepiadina.com\/de\/wp-json\/wp\/v2\/comments?post=5062"}],"version-history":[{"count":9,"href":"https:\/\/riccionepiadina.com\/de\/wp-json\/wp\/v2\/pages\/5062\/revisions"}],"predecessor-version":[{"id":7415,"href":"https:\/\/riccionepiadina.com\/de\/wp-json\/wp\/v2\/pages\/5062\/revisions\/7415"}],"wp:attachment":[{"href":"https:\/\/riccionepiadina.com\/de\/wp-json\/wp\/v2\/media?parent=5062"}],"curies":[{"name":"wp","href":"https:\/\/api.w.org\/{rel}","templated":true}]}}