{"id":5066,"date":"2023-05-16T12:43:21","date_gmt":"2023-05-16T12:43:21","guid":{"rendered":"https:\/\/riccionepiadina.com\/sonderangebote\/"},"modified":"2024-03-12T16:46:18","modified_gmt":"2024-03-12T16:46:18","slug":"sonderangebote","status":"publish","type":"page","link":"https:\/\/riccionepiadina.com\/de\/sonderangebote\/","title":{"rendered":"Sonderangebote"},"content":{"rendered":"<section class=\"wpb-content-wrapper\"><p>[vc_row css_animation=&#8220;&#8220; row_type=&#8220;row&#8220; use_row_as_full_screen_section=&#8220;no&#8220; type=&#8220;full_width&#8220; angled_section=&#8220;no&#8220; text_align=&#8220;left&#8220; background_image_as_pattern=&#8220;without_pattern&#8220; z_index=&#8220;&#8220; css=&#8220;.vc_custom_1706800689432{background-position: center !important;background-repeat: no-repeat !important;background-size: cover !important;}&#8220;][vc_column][qode_elements_holder number_of_columns=&#8220;two_columns&#8220;][qode_elements_holder_item vertical_alignment=&#8220;middle&#8220; horizontal_alignment=&#8220;left&#8220; advanced_animations=&#8220;no&#8220; item_padding=&#8220;15% 10% 15% 10%&#8220;][vc_column_text]<\/p>\n<h1 style=\"text-align: left;\">Online einkaufen<\/h1>\n<p>[\/vc_column_text][vc_empty_space height=&#8220;43px&#8220;][vc_column_text]<\/p>\n<h2>Sie k\u00f6nnen Riccione Piadina-Produkte auch online finden!<\/h2>\n<p>[\/vc_column_text][vc_empty_space height=&#8220;40px&#8220;][vc_column_text]Durchsuchen Sie alle Kategorien von <strong>frische Piadinas<\/strong>, <strong>aus dem K\u00fchlschrank<\/strong>, <strong>speziell<\/strong>, <strong>Bio<\/strong> und <strong>ohne Gluten <\/strong>. Sie k\u00f6nnen auch die Truhen finden und sich die Gelegenheit nicht entgehen lassen, den Testo Romagnolo zu erwerben. Entdecken Sie auch alle Angebote, die wir f\u00fcr Sie vorbereitet haben![\/vc_column_text][vc_empty_space height=&#8220;40px&#8220;]<a  itemprop=\"url\" href=\"https:\/\/riccionepiadinashop.it\" target=\"_blank\"  class=\"qbutton  default\" style=\"\">Gesch\u00e4ft<\/a>[\/qode_elements_holder_item][qode_elements_holder_item cover=&#8220;yes&#8220; vertical_alignment=&#8220;top&#8220; advanced_animations=&#8220;no&#8220; item_padding=&#8220;30% 25% 30% 25%&#8220; background_image=&#8220;4526&#8243;][\/qode_elements_holder_item][\/qode_elements_holder][\/vc_column][\/vc_row][vc_row css_animation=&#8220;&#8220; row_type=&#8220;row&#8220; use_row_as_full_screen_section=&#8220;no&#8220; type=&#8220;full_width&#8220; angled_section=&#8220;no&#8220; text_align=&#8220;left&#8220; background_image_as_pattern=&#8220;without_pattern&#8220; z_index=&#8220;&#8220; css=&#8220;.vc_custom_1706805418328{background-color: #f6eee3 !important;background-position: center !important;background-repeat: no-repeat !important;background-size: cover !important;}&#8220;][vc_column][qode_elements_holder number_of_columns=&#8220;two_columns&#8220;][qode_elements_holder_item vertical_alignment=&#8220;middle&#8220; horizontal_alignment=&#8220;center&#8220; advanced_animations=&#8220;no&#8220; item_padding=&#8220;0% 0% 0% 0%&#8220;][vc_video link=&#8220;https:\/\/youtu.be\/DkTEJw2Q6Po&#8220;][\/qode_elements_holder_item][qode_elements_holder_item vertical_alignment=&#8220;middle&#8220; horizontal_alignment=&#8220;left&#8220; advanced_animations=&#8220;no&#8220; item_padding=&#8220;10% 10% 10% 10%&#8220;][vc_column_text]<\/p>\n<h1 style=\"text-align: left;\">Sonderangebote<\/h1>\n<p>[\/vc_column_text][vc_empty_space height=&#8220;43px&#8220;][vc_column_text]<\/p>\n<h2><strong>\u201eRomagna Starter Pack\u201c<\/strong>, das Wesentliche f\u00fcr die Zubereitung einer Piadina nach Tradition.<\/h2>\n<p>[\/vc_column_text][vc_empty_space height=&#8220;40px&#8220;][vc_column_text]<strong>1<\/strong> Packung <strong>Riccione Piadina Classica<\/strong> + <strong>1<\/strong> <strong>Testo Romagnolo<\/strong> zu einem erstaunlichen Preis![\/vc_column_text][vc_empty_space height=&#8220;40px&#8220;]<a  itemprop=\"url\" href=\"https:\/\/www.riccionepiadinashop.it\/box-verkostung\/15196-romagna-starter-pack-angebot-rabatt-ungekuehlte-piadina-testo-romagnolo.html\" target=\"_blank\"  class=\"qbutton  default\" style=\"\">Jetzt kaufen<\/a>[\/qode_elements_holder_item][\/qode_elements_holder][\/vc_column][\/vc_row][vc_row css_animation=&#8220;&#8220; row_type=&#8220;row&#8220; use_row_as_full_screen_section=&#8220;no&#8220; type=&#8220;full_width&#8220; angled_section=&#8220;no&#8220; text_align=&#8220;left&#8220; background_image_as_pattern=&#8220;without_pattern&#8220; z_index=&#8220;&#8220; css=&#8220;.vc_custom_1688631076991{background-position: center !important;background-repeat: no-repeat !important;background-size: cover !important;}&#8220;][vc_column][qode_elements_holder number_of_columns=&#8220;two_columns&#8220; switch_to_one_column=&#8220;1300&#8243;][qode_elements_holder_item advanced_animations=&#8220;no&#8220; item_padding=&#8220;20% 15% 20% 15%&#8220; item_padding_480_600=&#8220;20px 40px 20px 40px&#8220; item_padding_480=&#8220;20px 40px 20px 40px&#8220; item_padding_600_768=&#8220;20px 30px 20px 30px&#8220;][vc_column_text]<\/p>\n<h1 style=\"text-align: left;\">Ihre Majest\u00e4t, die Piadina.<\/h1>\n<p>[\/vc_column_text][vc_empty_space height=&#8220;0.4em&#8220;][vc_column_text]Entdecken Sie unsere Produktlinien <a href=\"https:\/\/riccionepiadina.com\/de\/frische-piadine\/\">Piadine Klassiker<\/a>, <a href=\"https:\/\/riccionepiadina.com\/de\/produkte\/bio-piadina\/\">Bio<\/a>, <a href=\"https:\/\/riccionepiadina.com\/de\/produkte\/piadine-speciali\/\">GGA, Spezial<\/a>, <a href=\"https:\/\/riccionepiadina.com\/de\/produkte\/glutenfreie-piadine\/\">Glutenfrei<\/a> und <a href=\"https:\/\/riccionepiadina.com\/de\/produkte\/cassoni-romagnoli\/\">Cassoni Romagnoli<\/a> und viele andere leckere Spezialit\u00e4ten.[\/vc_column_text][vc_empty_space height=&#8220;1.2em&#8220;]<a  itemprop=\"url\" href=\"\/de\/produkte\/\" target=\"_self\"  class=\"qbutton  default\" style=\"\">Kategorien durchbl\u00e4ttern<\/a>[\/qode_elements_holder_item][qode_elements_holder_item vertical_alignment=&#8220;middle&#8220; advanced_animations=&#8220;no&#8220; item_padding=&#8220;8% 0% 8% 0%&#8220; item_padding_480_600=&#8220;20px 0px 20px 0px&#8220; item_padding_480=&#8220;20px 0px 20px 0px&#8220;][vc_single_image image=&#8220;1162&#8243; img_size=&#8220;full&#8220; alignment=&#8220;right&#8220; qode_css_animation=&#8220;&#8220;][\/qode_elements_holder_item][\/qode_elements_holder][\/vc_column][\/vc_row][vc_row css_animation=&#8220;&#8220; row_type=&#8220;row&#8220; use_row_as_full_screen_section=&#8220;no&#8220; type=&#8220;full_width&#8220; angled_section=&#8220;no&#8220; text_align=&#8220;left&#8220; background_image_as_pattern=&#8220;without_pattern&#8220; z_index=&#8220;&#8220;][vc_column][qode_elements_holder number_of_columns=&#8220;two_columns&#8220;][qode_elements_holder_item vertical_alignment=&#8220;top&#8220; advanced_animations=&#8220;no&#8220; item_padding=&#8220;10% 15% 10% 15%&#8220; background_color=&#8220;#f6eee3&#8243;][vc_column_text]<\/p>\n<h3>Der Geschmack vorab<\/h3>\n<p>[\/vc_column_text][vc_empty_space][vc_column_text]Abonnieren Sie jetzt unseren Newsletter und Sie erhalten die neuesten News, die besten Rezepte und die exklusivsten Angebote.[\/vc_column_text][vc_empty_space][vc_column_text]\n\t\t\t<form id=\"sib_signup_form_1\" method=\"post\" class=\"sib_signup_form\">\n\t\t\t\t<div class=\"sib_loader\" style=\"display:none;\"><img\n\t\t\t\t\t\t\tsrc=\"https:\/\/riccionepiadina.com\/wp-includes\/images\/spinner.gif\" alt=\"loader\"><\/div>\n\t\t\t\t<input type=\"hidden\" name=\"sib_form_action\" value=\"subscribe_form_submit\">\n\t\t\t\t<input type=\"hidden\" name=\"sib_form_id\" value=\"1\">\n                <input type=\"hidden\" name=\"sib_form_alert_notice\" value=\"Ti preghiamo di compilare tutti i campi richiesti\">\n                <input type=\"hidden\" name=\"sib_form_invalid_email_notice\" value=\"L&#039;indirizzo email non \u00e8 valido\">\n                <input type=\"hidden\" name=\"sib_security\" value=\"de112bd69c\">\n\t\t\t\t<div class=\"sib_signup_box_inside_1\">\n\t\t\t\t\t<div style=\"\/*display:none*\/\" class=\"sib_msg_disp\">\n\t\t\t\t\t<\/div>\n                    \t\t\t\t\t  <div class=\"two-columns\">\r\n<div class=\"column\">\r\n    <input type=\"email\" name=\"email\" class=\"wpcf7-form-control wpcf7-text wpcf7-email wpcf7-validates-as-required wpcf7-validates-as-email\" placeholder=\"Inserisci la tua email\">\r\n  <\/div>\r\n  <div class=\"column\">\r\n      <input type=\"submit\" class=\"qbutton\" value=\"Iscriviti\">\r\n  <\/div>\r\n<\/div>\r\n\r\n<div style=\"text-align:left;padding-top:35px\"><input type=\"checkbox\" name=\"terms\" required=\"required\"> Dichiaro di aver preso visione della privacy e cookie policy di <a href=\"https:\/\/riccionepiadina.com\" target=\"_self\">Riccione S.r.l.<\/a> <\/div>\r\n\r\n<style>\r\n.two-columns {\r\n  display: flex;\r\n  flex-direction: row;\r\n  flex-wrap: wrap;\r\n}\r\n\r\n.column {\r\n  flex: 1;\r\n  max-width: 70%;\r\n  padding-right: 10px;\r\n}\r\n\r\n.clearfix:after {\r\n  content: \"\";\r\n  clear: both;\r\n  display: block;\r\n}\r\n\r\n\r\n<\/style>\t\t\t\t<\/div>\n\t\t\t<\/form>\n\t\t\t<style>\n\t\t\t\tform#sib_signup_form_1 p.sib-alert-message {\n    padding: 6px 12px;\n    margin-bottom: 20px;\n    border: 1px solid transparent;\n    border-radius: 4px;\n    -webkit-box-sizing: border-box;\n    -moz-box-sizing: border-box;\n    box-sizing: border-box;\n}\nform#sib_signup_form_1 p.sib-alert-message-error {\n    background-color: #f2dede;\n    border-color: #ebccd1;\n    color: #a94442;\n}\nform#sib_signup_form_1 p.sib-alert-message-success {\n    background-color: #dff0d8;\n    border-color: #d6e9c6;\n    color: #3c763d;\n}\nform#sib_signup_form_1 p.sib-alert-message-warning {\n    background-color: #fcf8e3;\n    border-color: #faebcc;\n    color: #8a6d3b;\n}\n\t\t\t<\/style>\n\t\t\t[\/vc_column_text][vc_empty_space][\/qode_elements_holder_item][qode_elements_holder_item vertical_alignment=&#8220;top&#8220; advanced_animations=&#8220;no&#8220; item_padding=&#8220;10% 15% 10% 15%&#8220; background_color=&#8220;#fdf5ea&#8220;][vc_column_text]<\/p>\n<h3>Mehr als ein Benutzeraccount<\/h3>\n<p>[\/vc_column_text][vc_empty_space][vc_column_text]Reservierter Bereich f\u00fcr Profis, wir arbeiten zusammen, damit Ihr Gesch\u00e4ft w\u00e4chst.[\/vc_column_text][vc_empty_space]<a  itemprop=\"url\" href=\"\/de\/kundenbereich\" target=\"_self\"  class=\"qbutton  default\" style=\"\">Anmelden<\/a>[vc_empty_space][vc_column_text]Wenn Sie noch keine Zugangsdaten haben, <a href=\"https:\/\/riccionepiadina.com\/de\/anmelden\/\">registrieren Sie sich<\/a> jetzt.[\/vc_column_text][\/qode_elements_holder_item][\/qode_elements_holder][\/vc_column][\/vc_row]<\/p>\n<\/section>","protected":false},"excerpt":{"rendered":"<p>[vc_row css_animation=&#8220;&#8220; row_type=&#8220;row&#8220; use_row_as_full_screen_section=&#8220;no&#8220; type=&#8220;full_width&#8220; angled_section=&#8220;no&#8220; text_align=&#8220;left&#8220; background_image_as_pattern=&#8220;without_pattern&#8220; z_index=&#8220;&#8220; css=&#8220;.vc_custom_1706800689432{background-position: center !important;background-repeat: no-repeat !important;background-size: cover&#8230;<\/p>\n","protected":false},"author":1,"featured_media":0,"parent":0,"menu_order":0,"comment_status":"closed","ping_status":"closed","template":"full_width.php","meta":{"footnotes":""},"class_list":["post-5066","page","type-page","status-publish","hentry"],"yoast_head":"<!-- This site is optimized with the Yoast SEO plugin v27.4 - https:\/\/yoast.com\/product\/yoast-seo-wordpress\/ -->\n<title>Sonderangebote - Riccione Piadina<\/title>\n<meta name=\"robots\" content=\"index, follow, max-snippet:-1, max-image-preview:large, max-video-preview:-1\" \/>\n<link rel=\"canonical\" href=\"https:\/\/riccionepiadina.com\/de\/sonderangebote\/\" \/>\n<meta property=\"og:locale\" content=\"de_DE\" \/>\n<meta property=\"og:type\" content=\"article\" \/>\n<meta property=\"og:title\" content=\"Sonderangebote - Riccione Piadina\" \/>\n<meta property=\"og:description\" content=\"[vc_row css_animation=&#8220;&#8220; row_type=&#8220;row&#8220; use_row_as_full_screen_section=&#8220;no&#8220; type=&#8220;full_width&#8220; angled_section=&#8220;no&#8220; text_align=&#8220;left&#8220; background_image_as_pattern=&#8220;without_pattern&#8220; z_index=&#8220;&#8220; css=&#8220;.vc_custom_1706800689432{background-position: center !important;background-repeat: no-repeat !important;background-size: cover...\" \/>\n<meta property=\"og:url\" content=\"https:\/\/riccionepiadina.com\/de\/sonderangebote\/\" \/>\n<meta property=\"og:site_name\" content=\"Riccione Piadina\" \/>\n<meta property=\"article:publisher\" content=\"https:\/\/www.facebook.com\/Riccione.Piadina\" \/>\n<meta property=\"article:modified_time\" content=\"2024-03-12T16:46:18+00:00\" \/>\n<meta name=\"twitter:card\" content=\"summary_large_image\" \/>\n<meta name=\"twitter:label1\" content=\"Gesch\u00e4tzte Lesezeit\" \/>\n\t<meta name=\"twitter:data1\" content=\"4\u00a0Minuten\" \/>\n<script type=\"application\/ld+json\" class=\"yoast-schema-graph\">{\"@context\":\"https:\\\/\\\/schema.org\",\"@graph\":[{\"@type\":\"WebPage\",\"@id\":\"https:\\\/\\\/riccionepiadina.com\\\/de\\\/sonderangebote\\\/\",\"url\":\"https:\\\/\\\/riccionepiadina.com\\\/de\\\/sonderangebote\\\/\",\"name\":\"Sonderangebote - Riccione Piadina\",\"isPartOf\":{\"@id\":\"https:\\\/\\\/riccionepiadina.com\\\/de\\\/#website\"},\"datePublished\":\"2023-05-16T12:43:21+00:00\",\"dateModified\":\"2024-03-12T16:46:18+00:00\",\"breadcrumb\":{\"@id\":\"https:\\\/\\\/riccionepiadina.com\\\/de\\\/sonderangebote\\\/#breadcrumb\"},\"inLanguage\":\"de\",\"potentialAction\":[{\"@type\":\"ReadAction\",\"target\":[\"https:\\\/\\\/riccionepiadina.com\\\/de\\\/sonderangebote\\\/\"]}]},{\"@type\":\"BreadcrumbList\",\"@id\":\"https:\\\/\\\/riccionepiadina.com\\\/de\\\/sonderangebote\\\/#breadcrumb\",\"itemListElement\":[{\"@type\":\"ListItem\",\"position\":1,\"name\":\"Home\",\"item\":\"https:\\\/\\\/riccionepiadina.com\\\/de\\\/\"},{\"@type\":\"ListItem\",\"position\":2,\"name\":\"Sonderangebote\"}]},{\"@type\":\"WebSite\",\"@id\":\"https:\\\/\\\/riccionepiadina.com\\\/de\\\/#website\",\"url\":\"https:\\\/\\\/riccionepiadina.com\\\/de\\\/\",\"name\":\"Riccione Piadina\",\"description\":\"Riccione Piadina seit mehr als 30 Jahren in der italienischen Piadina Romagnola: Classica, Biologica, Senza Glutine, Integrale und echtes IGP alla Riminese\",\"publisher\":{\"@id\":\"https:\\\/\\\/riccionepiadina.com\\\/de\\\/#organization\"},\"alternateName\":\"Riccione Piadina\",\"potentialAction\":[{\"@type\":\"SearchAction\",\"target\":{\"@type\":\"EntryPoint\",\"urlTemplate\":\"https:\\\/\\\/riccionepiadina.com\\\/de\\\/?s={search_term_string}\"},\"query-input\":{\"@type\":\"PropertyValueSpecification\",\"valueRequired\":true,\"valueName\":\"search_term_string\"}}],\"inLanguage\":\"de\"},{\"@type\":\"Organization\",\"@id\":\"https:\\\/\\\/riccionepiadina.com\\\/de\\\/#organization\",\"name\":\"Riccione S.r.l.\",\"url\":\"https:\\\/\\\/riccionepiadina.com\\\/de\\\/\",\"logo\":{\"@type\":\"ImageObject\",\"inLanguage\":\"de\",\"@id\":\"https:\\\/\\\/riccionepiadina.com\\\/de\\\/#\\\/schema\\\/logo\\\/image\\\/\",\"url\":\"https:\\\/\\\/riccionepiadina.com\\\/wp-content\\\/uploads\\\/2023\\\/05\\\/Riccione-Piadina-produzione-piadine-romagnole-certificate.png\",\"contentUrl\":\"https:\\\/\\\/riccionepiadina.com\\\/wp-content\\\/uploads\\\/2023\\\/05\\\/Riccione-Piadina-produzione-piadine-romagnole-certificate.png\",\"width\":152,\"height\":118,\"caption\":\"Riccione S.r.l.\"},\"image\":{\"@id\":\"https:\\\/\\\/riccionepiadina.com\\\/de\\\/#\\\/schema\\\/logo\\\/image\\\/\"},\"sameAs\":[\"https:\\\/\\\/www.facebook.com\\\/Riccione.Piadina\",\"https:\\\/\\\/www.youtube.com\\\/user\\\/RICCIONEPIADINA\",\"https:\\\/\\\/www.instagram.com\\\/riccionepiadina\\\/\"]}]}<\/script>\n<!-- \/ Yoast SEO plugin. -->","yoast_head_json":{"title":"Sonderangebote - Riccione Piadina","robots":{"index":"index","follow":"follow","max-snippet":"max-snippet:-1","max-image-preview":"max-image-preview:large","max-video-preview":"max-video-preview:-1"},"canonical":"https:\/\/riccionepiadina.com\/de\/sonderangebote\/","og_locale":"de_DE","og_type":"article","og_title":"Sonderangebote - Riccione Piadina","og_description":"[vc_row css_animation=&#8220;&#8220; row_type=&#8220;row&#8220; use_row_as_full_screen_section=&#8220;no&#8220; type=&#8220;full_width&#8220; angled_section=&#8220;no&#8220; text_align=&#8220;left&#8220; background_image_as_pattern=&#8220;without_pattern&#8220; z_index=&#8220;&#8220; css=&#8220;.vc_custom_1706800689432{background-position: center !important;background-repeat: no-repeat !important;background-size: cover...","og_url":"https:\/\/riccionepiadina.com\/de\/sonderangebote\/","og_site_name":"Riccione Piadina","article_publisher":"https:\/\/www.facebook.com\/Riccione.Piadina","article_modified_time":"2024-03-12T16:46:18+00:00","twitter_card":"summary_large_image","twitter_misc":{"Gesch\u00e4tzte Lesezeit":"4\u00a0Minuten"},"schema":{"@context":"https:\/\/schema.org","@graph":[{"@type":"WebPage","@id":"https:\/\/riccionepiadina.com\/de\/sonderangebote\/","url":"https:\/\/riccionepiadina.com\/de\/sonderangebote\/","name":"Sonderangebote - Riccione Piadina","isPartOf":{"@id":"https:\/\/riccionepiadina.com\/de\/#website"},"datePublished":"2023-05-16T12:43:21+00:00","dateModified":"2024-03-12T16:46:18+00:00","breadcrumb":{"@id":"https:\/\/riccionepiadina.com\/de\/sonderangebote\/#breadcrumb"},"inLanguage":"de","potentialAction":[{"@type":"ReadAction","target":["https:\/\/riccionepiadina.com\/de\/sonderangebote\/"]}]},{"@type":"BreadcrumbList","@id":"https:\/\/riccionepiadina.com\/de\/sonderangebote\/#breadcrumb","itemListElement":[{"@type":"ListItem","position":1,"name":"Home","item":"https:\/\/riccionepiadina.com\/de\/"},{"@type":"ListItem","position":2,"name":"Sonderangebote"}]},{"@type":"WebSite","@id":"https:\/\/riccionepiadina.com\/de\/#website","url":"https:\/\/riccionepiadina.com\/de\/","name":"Riccione Piadina","description":"Riccione Piadina seit mehr als 30 Jahren in der italienischen Piadina Romagnola: Classica, Biologica, Senza Glutine, Integrale und echtes IGP alla Riminese","publisher":{"@id":"https:\/\/riccionepiadina.com\/de\/#organization"},"alternateName":"Riccione Piadina","potentialAction":[{"@type":"SearchAction","target":{"@type":"EntryPoint","urlTemplate":"https:\/\/riccionepiadina.com\/de\/?s={search_term_string}"},"query-input":{"@type":"PropertyValueSpecification","valueRequired":true,"valueName":"search_term_string"}}],"inLanguage":"de"},{"@type":"Organization","@id":"https:\/\/riccionepiadina.com\/de\/#organization","name":"Riccione S.r.l.","url":"https:\/\/riccionepiadina.com\/de\/","logo":{"@type":"ImageObject","inLanguage":"de","@id":"https:\/\/riccionepiadina.com\/de\/#\/schema\/logo\/image\/","url":"https:\/\/riccionepiadina.com\/wp-content\/uploads\/2023\/05\/Riccione-Piadina-produzione-piadine-romagnole-certificate.png","contentUrl":"https:\/\/riccionepiadina.com\/wp-content\/uploads\/2023\/05\/Riccione-Piadina-produzione-piadine-romagnole-certificate.png","width":152,"height":118,"caption":"Riccione S.r.l."},"image":{"@id":"https:\/\/riccionepiadina.com\/de\/#\/schema\/logo\/image\/"},"sameAs":["https:\/\/www.facebook.com\/Riccione.Piadina","https:\/\/www.youtube.com\/user\/RICCIONEPIADINA","https:\/\/www.instagram.com\/riccionepiadina\/"]}]}},"_links":{"self":[{"href":"https:\/\/riccionepiadina.com\/de\/wp-json\/wp\/v2\/pages\/5066","targetHints":{"allow":["GET"]}}],"collection":[{"href":"https:\/\/riccionepiadina.com\/de\/wp-json\/wp\/v2\/pages"}],"about":[{"href":"https:\/\/riccionepiadina.com\/de\/wp-json\/wp\/v2\/types\/page"}],"author":[{"embeddable":true,"href":"https:\/\/riccionepiadina.com\/de\/wp-json\/wp\/v2\/users\/1"}],"replies":[{"embeddable":true,"href":"https:\/\/riccionepiadina.com\/de\/wp-json\/wp\/v2\/comments?post=5066"}],"version-history":[{"count":33,"href":"https:\/\/riccionepiadina.com\/de\/wp-json\/wp\/v2\/pages\/5066\/revisions"}],"predecessor-version":[{"id":7409,"href":"https:\/\/riccionepiadina.com\/de\/wp-json\/wp\/v2\/pages\/5066\/revisions\/7409"}],"wp:attachment":[{"href":"https:\/\/riccionepiadina.com\/de\/wp-json\/wp\/v2\/media?parent=5066"}],"curies":[{"name":"wp","href":"https:\/\/api.w.org\/{rel}","templated":true}]}}