{"id":5096,"date":"2023-05-24T12:56:19","date_gmt":"2023-05-24T12:56:19","guid":{"rendered":"https:\/\/riccionepiadina.com\/zutaten\/salz\/"},"modified":"2024-03-12T16:20:40","modified_gmt":"2024-03-12T16:20:40","slug":"salz","status":"publish","type":"page","link":"https:\/\/riccionepiadina.com\/de\/zutaten\/salz\/","title":{"rendered":"Salz"},"content":{"rendered":"<section class=\"wpb-content-wrapper\"><p>[vc_row css_animation=&#8220;&#8220; row_type=&#8220;row&#8220; use_row_as_full_screen_section=&#8220;no&#8220; type=&#8220;full_width&#8220; angled_section=&#8220;no&#8220; text_align=&#8220;left&#8220; background_image_as_pattern=&#8220;without_pattern&#8220; z_index=&#8220;&#8220;][vc_column][qode_elements_holder number_of_columns=&#8220;two_columns&#8220; switch_to_one_column=&#8220;1300&#8243;][qode_elements_holder_item vertical_alignment=&#8220;middle&#8220; advanced_animations=&#8220;no&#8220; item_padding=&#8220;15% 10% 15% 10%&#8220; background_color=&#8220;#fdf5ea&#8220; item_padding_600_768=&#8220;30px 20px 30px 20px&#8220; item_padding_480_600=&#8220;30px 20px 30px 20px&#8220; item_padding_480=&#8220;30px 20px 30px 20px&#8220;][vc_column_text]<\/p>\n<h1>Mit Sorgfalt verarbeitetes italienisches Salz<\/h1>\n<p>[\/vc_column_text][vc_empty_space][vc_column_text]Wir verwenden <strong>italienisches Salz<\/strong> aus Sardinien, denn wir glauben in unsere <strong>lokale Wirtschaft<\/strong>, die immer sicher und garantiert ist.[\/vc_column_text][vc_column_text]Das Meersalz, das wir f\u00fcr die Piadina Romagnola verwenden, enth\u00e4lt Inhaltsstoffe, die f\u00fcr ein gutes und ausgewogenen Funktionieren des menschlichen K\u00f6rpers unverzichtbar sind, wie <strong>Natrium<\/strong>, <strong>Magnesium<\/strong>, <strong>Calcium<\/strong>, <strong>Kalium<\/strong> und andere Mineralstoffe.[\/vc_column_text][vc_column_text]Wir m\u00f6chten, dass alle in den Genuss der G\u00fcte dieses au\u00dferordentlichen Produkts kommen, das das Land hervorbringt und das im feuchten und milden Klima am Meer im typischen Boden der Romagna w\u00e4chst und uns die Hauptzutat f\u00fcr die <strong>wahre Piadina Romagnola<\/strong> liefert.[\/vc_column_text][vc_empty_space]<a  itemprop=\"url\" href=\"\/de\/produkte\/\" target=\"_self\"  class=\"qbutton  default\" style=\"\">Produktkategorien durchbl\u00e4ttern<\/a>[\/qode_elements_holder_item][qode_elements_holder_item cover=&#8220;yes&#8220; vertical_alignment=&#8220;middle&#8220; advanced_animations=&#8220;no&#8220; item_padding=&#8220;20% 10% 20% 10%&#8220; background_image=&#8220;2552&#8243; item_padding_600_768=&#8220;160px 10px 160px 10px&#8220; item_padding_480_600=&#8220;160px 10px 160px 10px&#8220; item_padding_480=&#8220;160px 10px 160px 10px&#8220; item_padding_768_1024=&#8220;270px 10px 270px 10px&#8220;][\/qode_elements_holder_item][\/qode_elements_holder][\/vc_column][\/vc_row][vc_row css_animation=&#8220;&#8220; row_type=&#8220;row&#8220; use_row_as_full_screen_section=&#8220;no&#8220; type=&#8220;full_width&#8220; angled_section=&#8220;no&#8220; text_align=&#8220;left&#8220; background_image_as_pattern=&#8220;without_pattern&#8220; z_index=&#8220;&#8220;][vc_column][qode_elements_holder number_of_columns=&#8220;two_columns&#8220; switch_to_one_column=&#8220;1300&#8243;][qode_elements_holder_item cover=&#8220;yes&#8220; vertical_alignment=&#8220;middle&#8220; advanced_animations=&#8220;no&#8220; background_image=&#8220;1460&#8243; item_padding=&#8220;20% 10% 20% 10%&#8220; item_padding_768_1024=&#8220;270px 10px 270px 10px&#8220; item_padding_600_768=&#8220;160px 10px 160px 10px&#8220; item_padding_480_600=&#8220;160px 10px 160px 10px&#8220; item_padding_480=&#8220;160px 10px 160px 10px&#8220;][\/qode_elements_holder_item][qode_elements_holder_item vertical_alignment=&#8220;middle&#8220; advanced_animations=&#8220;no&#8220; item_padding=&#8220;15% 10% 15% 10%&#8220; item_padding_600_768=&#8220;30px 20px 30px 20px&#8220; item_padding_480_600=&#8220;30px 20px 30px 20px&#8220; item_padding_480=&#8220;30px 20px 30px 20px&#8220;][vc_column_text]<\/p>\n<h1>Salz aus Sardinien<\/h1>\n<p>[\/vc_column_text][vc_empty_space][vc_column_text]&nbsp;<strong>Sardinien<\/strong> z\u00e4hlt zu den wichtigsten Regionen f\u00fcr die Produktion von Meersalz. Alte Traditionen, die seit vielen Jahren weitergegeben werden, um den authentischen Geschmack Sardiniens auf unsere Tische zu bringen.[\/vc_column_text][vc_column_text]Dieses Salz wird auf nat\u00fcrliche Weise durch Verdunsten des Meerwassers produziert und bewahrt sich den originalen Geschmack des <strong>Meers von Sardinien<\/strong>. Das Ergebnis dieses Verfahrens ist ein Meersalz herausragender Qualit\u00e4t, das perfekt f\u00fcr die <a href=\"https:\/\/riccionepiadina.com\/de\/produkte\/\">Piadina Romagnola<\/a> ist und in der ganzen Welt f\u00fcr seine chemischen und organoleptischen Eigenschaften gesch\u00e4tzt wird.[\/vc_column_text][\/qode_elements_holder_item][\/qode_elements_holder][\/vc_column][\/vc_row][vc_row css_animation=&#8220;&#8220; row_type=&#8220;row&#8220; use_row_as_full_screen_section=&#8220;no&#8220; type=&#8220;grid&#8220; angled_section=&#8220;no&#8220; text_align=&#8220;left&#8220; background_image_as_pattern=&#8220;without_pattern&#8220; z_index=&#8220;&#8220; css=&#8220;.vc_custom_1687788066160{padding-top: 100px !important;padding-bottom: 100px !important;background-color: #f6eee3 !important;}&#8220;][vc_column][vc_column_text]<\/p>\n<h1>Zutaten<\/h1>\n<p>[\/vc_column_text][vc_empty_space][vc_column_text]Garantierte Exzellenz: Zertifizierte und kontrollierte Zutaten aus Italien.[\/vc_column_text][vc_empty_space]<a  itemprop=\"url\" href=\"\/de\/zutaten\/\" target=\"_self\"  class=\"qbutton  default\" style=\"\">Alle entdecken<\/a>[\/vc_column][\/vc_row][vc_row css_animation=&#8220;&#8220; row_type=&#8220;row&#8220; use_row_as_full_screen_section=&#8220;no&#8220; type=&#8220;full_width&#8220; angled_section=&#8220;no&#8220; text_align=&#8220;left&#8220; background_image_as_pattern=&#8220;without_pattern&#8220; z_index=&#8220;&#8220; css=&#8220;.vc_custom_1689066534831{padding-top: 120px !important;padding-bottom: 120px !important;background-position: center !important;background-repeat: no-repeat !important;background-size: cover !important;}&#8220;][vc_column][qode_elements_holder number_of_columns=&#8220;two_columns&#8220; switch_to_one_column=&#8220;1300&#8243;][qode_elements_holder_item advanced_animations=&#8220;no&#8220; item_padding=&#8220;20% 15% 20% 15%&#8220; item_padding_600_768=&#8220;20px 40px 20px 40px&#8220; item_padding_480_600=&#8220;20px 10px 20px 10px&#8220; item_padding_480=&#8220;20px 40px 20px 40px&#8220;][vc_column_text]<\/p>\n<h1 style=\"text-align: left;\">Ihre Majest\u00e4t, die Piadina!<\/h1>\n<p>[\/vc_column_text][vc_empty_space height=&#8220;43px&#8220;][vc_column_text]Entdecken Sie unsere Produktlinien <a href=\"https:\/\/riccionepiadina.com\/de\/prodotti\/piadina-romagnola-gga-rimini-art\/\">Piadine Klassiker<\/a>, <a href=\"https:\/\/riccionepiadina.com\/de\/produkte\/bio-piadina\/\">Bio<\/a>, <a href=\"https:\/\/riccionepiadina.com\/de\/produkte\/piadine-speciali\/\">GGA, Spezial<\/a>, <a href=\"https:\/\/riccionepiadina.com\/piadine-confezionate\/piadina-senza-glutine\/\">Glutenfrei<\/a> und <a href=\"https:\/\/riccionepiadina.com\/de\/produkte\/cassoni-romagnoli\/\">Cassoni Romagnoli<\/a> und viele andere leckere Spezialit\u00e4ten.[\/vc_column_text][vc_empty_space height=&#8220;40px&#8220;]<a  itemprop=\"url\" href=\"\/de\/produkte\/\" target=\"_self\"  class=\"qbutton  default\" style=\"\">Kategorien durchbl\u00e4ttern<\/a>[\/qode_elements_holder_item][qode_elements_holder_item vertical_alignment=&#8220;middle&#8220; advanced_animations=&#8220;no&#8220; item_padding=&#8220;8% 0% 8% 0%&#8220;][vc_single_image image=&#8220;1162&#8243; img_size=&#8220;full&#8220; alignment=&#8220;center&#8220; qode_css_animation=&#8220;&#8220;][\/qode_elements_holder_item][\/qode_elements_holder][\/vc_column][\/vc_row][vc_row css_animation=&#8220;&#8220; row_type=&#8220;row&#8220; use_row_as_full_screen_section=&#8220;no&#8220; type=&#8220;full_width&#8220; angled_section=&#8220;no&#8220; text_align=&#8220;left&#8220; background_image_as_pattern=&#8220;without_pattern&#8220; z_index=&#8220;&#8220;][vc_column][qode_elements_holder number_of_columns=&#8220;two_columns&#8220; switch_to_one_column=&#8220;1300&#8243;][qode_elements_holder_item vertical_alignment=&#8220;top&#8220; advanced_animations=&#8220;no&#8220; item_padding=&#8220;10% 15% 10% 15%&#8220; background_color=&#8220;#f6eee3&#8243;][vc_column_text]<\/p>\n<h3>Der Geschmack vorab<\/h3>\n<p>[\/vc_column_text][vc_empty_space][vc_column_text]Abonnieren Sie jetzt unseren Newsletter und Sie erhalten die neuesten News, die besten Rezepte und die exklusivsten Angebote.[\/vc_column_text][vc_empty_space][vc_column_text]\n\t\t\t<form id=\"sib_signup_form_1\" method=\"post\" class=\"sib_signup_form\">\n\t\t\t\t<div class=\"sib_loader\" style=\"display:none;\"><img\n\t\t\t\t\t\t\tsrc=\"https:\/\/riccionepiadina.com\/wp-includes\/images\/spinner.gif\" alt=\"loader\"><\/div>\n\t\t\t\t<input type=\"hidden\" name=\"sib_form_action\" value=\"subscribe_form_submit\">\n\t\t\t\t<input type=\"hidden\" name=\"sib_form_id\" value=\"1\">\n                <input type=\"hidden\" name=\"sib_form_alert_notice\" value=\"Ti preghiamo di compilare tutti i campi richiesti\">\n                <input type=\"hidden\" name=\"sib_form_invalid_email_notice\" value=\"L&#039;indirizzo email non \u00e8 valido\">\n                <input type=\"hidden\" name=\"sib_security\" value=\"de112bd69c\">\n\t\t\t\t<div class=\"sib_signup_box_inside_1\">\n\t\t\t\t\t<div style=\"\/*display:none*\/\" class=\"sib_msg_disp\">\n\t\t\t\t\t<\/div>\n                    \t\t\t\t\t  <div class=\"two-columns\">\r\n<div class=\"column\">\r\n    <input type=\"email\" name=\"email\" class=\"wpcf7-form-control wpcf7-text wpcf7-email wpcf7-validates-as-required wpcf7-validates-as-email\" placeholder=\"Inserisci la tua email\">\r\n  <\/div>\r\n  <div class=\"column\">\r\n      <input type=\"submit\" class=\"qbutton\" value=\"Iscriviti\">\r\n  <\/div>\r\n<\/div>\r\n\r\n<div style=\"text-align:left;padding-top:35px\"><input type=\"checkbox\" name=\"terms\" required=\"required\"> Dichiaro di aver preso visione della privacy e cookie policy di <a href=\"https:\/\/riccionepiadina.com\" target=\"_self\">Riccione S.r.l.<\/a> <\/div>\r\n\r\n<style>\r\n.two-columns {\r\n  display: flex;\r\n  flex-direction: row;\r\n  flex-wrap: wrap;\r\n}\r\n\r\n.column {\r\n  flex: 1;\r\n  max-width: 70%;\r\n  padding-right: 10px;\r\n}\r\n\r\n.clearfix:after {\r\n  content: \"\";\r\n  clear: both;\r\n  display: block;\r\n}\r\n\r\n\r\n<\/style>\t\t\t\t<\/div>\n\t\t\t<\/form>\n\t\t\t<style>\n\t\t\t\tform#sib_signup_form_1 p.sib-alert-message {\n    padding: 6px 12px;\n    margin-bottom: 20px;\n    border: 1px solid transparent;\n    border-radius: 4px;\n    -webkit-box-sizing: border-box;\n    -moz-box-sizing: border-box;\n    box-sizing: border-box;\n}\nform#sib_signup_form_1 p.sib-alert-message-error {\n    background-color: #f2dede;\n    border-color: #ebccd1;\n    color: #a94442;\n}\nform#sib_signup_form_1 p.sib-alert-message-success {\n    background-color: #dff0d8;\n    border-color: #d6e9c6;\n    color: #3c763d;\n}\nform#sib_signup_form_1 p.sib-alert-message-warning {\n    background-color: #fcf8e3;\n    border-color: #faebcc;\n    color: #8a6d3b;\n}\n\t\t\t<\/style>\n\t\t\t[\/vc_column_text][vc_empty_space][\/qode_elements_holder_item][qode_elements_holder_item vertical_alignment=&#8220;top&#8220; advanced_animations=&#8220;no&#8220; item_padding=&#8220;10% 15% 10% 15%&#8220; background_color=&#8220;#fdf5ea&#8220;][vc_column_text]<\/p>\n<h3>Mehr als ein Benutzeraccount<\/h3>\n<p>[\/vc_column_text][vc_empty_space][vc_column_text]Reservierter Bereich f\u00fcr Profis, wir arbeiten zusammen, damit Ihr Gesch\u00e4ft w\u00e4chst.[\/vc_column_text][vc_empty_space]<a  itemprop=\"url\" href=\"\/kundenbereich\" target=\"_self\"  class=\"qbutton  default\" style=\"\">Anmelden<\/a>[vc_empty_space][vc_column_text]Wenn Sie noch keine Zugangsdaten haben, <a href=\"https:\/\/riccionepiadina.com\/de\/anmelden\/\">registrieren Sie sich<\/a> jetzt.[\/vc_column_text][\/qode_elements_holder_item][\/qode_elements_holder][\/vc_column][\/vc_row]<\/p>\n<\/section>","protected":false},"excerpt":{"rendered":"<p>[vc_row css_animation=&#8220;&#8220; row_type=&#8220;row&#8220; use_row_as_full_screen_section=&#8220;no&#8220; type=&#8220;full_width&#8220; angled_section=&#8220;no&#8220; text_align=&#8220;left&#8220; background_image_as_pattern=&#8220;without_pattern&#8220; z_index=&#8220;&#8220;][vc_column][qode_elements_holder number_of_columns=&#8220;two_columns&#8220; switch_to_one_column=&#8220;1300&#8243;][qode_elements_holder_item vertical_alignment=&#8220;middle&#8220; advanced_animations=&#8220;no&#8220; item_padding=&#8220;15% 10%&#8230;<\/p>\n","protected":false},"author":1,"featured_media":0,"parent":5043,"menu_order":0,"comment_status":"closed","ping_status":"closed","template":"full_width.php","meta":{"footnotes":""},"class_list":["post-5096","page","type-page","status-publish","hentry"],"yoast_head":"<!-- This site is optimized with the Yoast SEO plugin v27.4 - https:\/\/yoast.com\/product\/yoast-seo-wordpress\/ -->\n<title>Salz - Riccione Piadina<\/title>\n<meta name=\"robots\" content=\"index, follow, max-snippet:-1, max-image-preview:large, max-video-preview:-1\" \/>\n<link rel=\"canonical\" href=\"https:\/\/riccionepiadina.com\/de\/zutaten\/salz\/\" \/>\n<meta property=\"og:locale\" content=\"de_DE\" \/>\n<meta property=\"og:type\" content=\"article\" \/>\n<meta property=\"og:title\" content=\"Salz - Riccione Piadina\" \/>\n<meta property=\"og:description\" content=\"[vc_row css_animation=&#8220;&#8220; row_type=&#8220;row&#8220; use_row_as_full_screen_section=&#8220;no&#8220; type=&#8220;full_width&#8220; angled_section=&#8220;no&#8220; text_align=&#8220;left&#8220; background_image_as_pattern=&#8220;without_pattern&#8220; z_index=&#8220;&#8220;][vc_column][qode_elements_holder number_of_columns=&#8220;two_columns&#8220; switch_to_one_column=&#8220;1300&#8243;][qode_elements_holder_item vertical_alignment=&#8220;middle&#8220; advanced_animations=&#8220;no&#8220; item_padding=&#8220;15% 10%...\" \/>\n<meta property=\"og:url\" content=\"https:\/\/riccionepiadina.com\/de\/zutaten\/salz\/\" \/>\n<meta property=\"og:site_name\" content=\"Riccione Piadina\" \/>\n<meta property=\"article:publisher\" content=\"https:\/\/www.facebook.com\/Riccione.Piadina\" \/>\n<meta property=\"article:modified_time\" content=\"2024-03-12T16:20:40+00:00\" \/>\n<meta name=\"twitter:card\" content=\"summary_large_image\" \/>\n<meta name=\"twitter:label1\" content=\"Gesch\u00e4tzte Lesezeit\" \/>\n\t<meta name=\"twitter:data1\" content=\"5\u00a0Minuten\" \/>\n<script type=\"application\/ld+json\" class=\"yoast-schema-graph\">{\"@context\":\"https:\\\/\\\/schema.org\",\"@graph\":[{\"@type\":\"WebPage\",\"@id\":\"https:\\\/\\\/riccionepiadina.com\\\/de\\\/zutaten\\\/salz\\\/\",\"url\":\"https:\\\/\\\/riccionepiadina.com\\\/de\\\/zutaten\\\/salz\\\/\",\"name\":\"Salz - Riccione Piadina\",\"isPartOf\":{\"@id\":\"https:\\\/\\\/riccionepiadina.com\\\/de\\\/#website\"},\"datePublished\":\"2023-05-24T12:56:19+00:00\",\"dateModified\":\"2024-03-12T16:20:40+00:00\",\"breadcrumb\":{\"@id\":\"https:\\\/\\\/riccionepiadina.com\\\/de\\\/zutaten\\\/salz\\\/#breadcrumb\"},\"inLanguage\":\"de\",\"potentialAction\":[{\"@type\":\"ReadAction\",\"target\":[\"https:\\\/\\\/riccionepiadina.com\\\/de\\\/zutaten\\\/salz\\\/\"]}]},{\"@type\":\"BreadcrumbList\",\"@id\":\"https:\\\/\\\/riccionepiadina.com\\\/de\\\/zutaten\\\/salz\\\/#breadcrumb\",\"itemListElement\":[{\"@type\":\"ListItem\",\"position\":1,\"name\":\"Home\",\"item\":\"https:\\\/\\\/riccionepiadina.com\\\/de\\\/\"},{\"@type\":\"ListItem\",\"position\":2,\"name\":\"Zutaten\",\"item\":\"https:\\\/\\\/riccionepiadina.com\\\/de\\\/materie-prime\\\/\"},{\"@type\":\"ListItem\",\"position\":3,\"name\":\"Salz\"}]},{\"@type\":\"WebSite\",\"@id\":\"https:\\\/\\\/riccionepiadina.com\\\/de\\\/#website\",\"url\":\"https:\\\/\\\/riccionepiadina.com\\\/de\\\/\",\"name\":\"Riccione Piadina\",\"description\":\"Riccione Piadina seit mehr als 30 Jahren in der italienischen Piadina Romagnola: Classica, Biologica, Senza Glutine, Integrale und echtes IGP alla Riminese\",\"publisher\":{\"@id\":\"https:\\\/\\\/riccionepiadina.com\\\/de\\\/#organization\"},\"alternateName\":\"Riccione Piadina\",\"potentialAction\":[{\"@type\":\"SearchAction\",\"target\":{\"@type\":\"EntryPoint\",\"urlTemplate\":\"https:\\\/\\\/riccionepiadina.com\\\/de\\\/?s={search_term_string}\"},\"query-input\":{\"@type\":\"PropertyValueSpecification\",\"valueRequired\":true,\"valueName\":\"search_term_string\"}}],\"inLanguage\":\"de\"},{\"@type\":\"Organization\",\"@id\":\"https:\\\/\\\/riccionepiadina.com\\\/de\\\/#organization\",\"name\":\"Riccione S.r.l.\",\"url\":\"https:\\\/\\\/riccionepiadina.com\\\/de\\\/\",\"logo\":{\"@type\":\"ImageObject\",\"inLanguage\":\"de\",\"@id\":\"https:\\\/\\\/riccionepiadina.com\\\/de\\\/#\\\/schema\\\/logo\\\/image\\\/\",\"url\":\"https:\\\/\\\/riccionepiadina.com\\\/wp-content\\\/uploads\\\/2023\\\/05\\\/Riccione-Piadina-produzione-piadine-romagnole-certificate.png\",\"contentUrl\":\"https:\\\/\\\/riccionepiadina.com\\\/wp-content\\\/uploads\\\/2023\\\/05\\\/Riccione-Piadina-produzione-piadine-romagnole-certificate.png\",\"width\":152,\"height\":118,\"caption\":\"Riccione S.r.l.\"},\"image\":{\"@id\":\"https:\\\/\\\/riccionepiadina.com\\\/de\\\/#\\\/schema\\\/logo\\\/image\\\/\"},\"sameAs\":[\"https:\\\/\\\/www.facebook.com\\\/Riccione.Piadina\",\"https:\\\/\\\/www.youtube.com\\\/user\\\/RICCIONEPIADINA\",\"https:\\\/\\\/www.instagram.com\\\/riccionepiadina\\\/\"]}]}<\/script>\n<!-- \/ Yoast SEO plugin. -->","yoast_head_json":{"title":"Salz - Riccione Piadina","robots":{"index":"index","follow":"follow","max-snippet":"max-snippet:-1","max-image-preview":"max-image-preview:large","max-video-preview":"max-video-preview:-1"},"canonical":"https:\/\/riccionepiadina.com\/de\/zutaten\/salz\/","og_locale":"de_DE","og_type":"article","og_title":"Salz - Riccione Piadina","og_description":"[vc_row css_animation=&#8220;&#8220; row_type=&#8220;row&#8220; use_row_as_full_screen_section=&#8220;no&#8220; type=&#8220;full_width&#8220; angled_section=&#8220;no&#8220; text_align=&#8220;left&#8220; background_image_as_pattern=&#8220;without_pattern&#8220; z_index=&#8220;&#8220;][vc_column][qode_elements_holder number_of_columns=&#8220;two_columns&#8220; switch_to_one_column=&#8220;1300&#8243;][qode_elements_holder_item vertical_alignment=&#8220;middle&#8220; advanced_animations=&#8220;no&#8220; item_padding=&#8220;15% 10%...","og_url":"https:\/\/riccionepiadina.com\/de\/zutaten\/salz\/","og_site_name":"Riccione Piadina","article_publisher":"https:\/\/www.facebook.com\/Riccione.Piadina","article_modified_time":"2024-03-12T16:20:40+00:00","twitter_card":"summary_large_image","twitter_misc":{"Gesch\u00e4tzte Lesezeit":"5\u00a0Minuten"},"schema":{"@context":"https:\/\/schema.org","@graph":[{"@type":"WebPage","@id":"https:\/\/riccionepiadina.com\/de\/zutaten\/salz\/","url":"https:\/\/riccionepiadina.com\/de\/zutaten\/salz\/","name":"Salz - Riccione Piadina","isPartOf":{"@id":"https:\/\/riccionepiadina.com\/de\/#website"},"datePublished":"2023-05-24T12:56:19+00:00","dateModified":"2024-03-12T16:20:40+00:00","breadcrumb":{"@id":"https:\/\/riccionepiadina.com\/de\/zutaten\/salz\/#breadcrumb"},"inLanguage":"de","potentialAction":[{"@type":"ReadAction","target":["https:\/\/riccionepiadina.com\/de\/zutaten\/salz\/"]}]},{"@type":"BreadcrumbList","@id":"https:\/\/riccionepiadina.com\/de\/zutaten\/salz\/#breadcrumb","itemListElement":[{"@type":"ListItem","position":1,"name":"Home","item":"https:\/\/riccionepiadina.com\/de\/"},{"@type":"ListItem","position":2,"name":"Zutaten","item":"https:\/\/riccionepiadina.com\/de\/materie-prime\/"},{"@type":"ListItem","position":3,"name":"Salz"}]},{"@type":"WebSite","@id":"https:\/\/riccionepiadina.com\/de\/#website","url":"https:\/\/riccionepiadina.com\/de\/","name":"Riccione Piadina","description":"Riccione Piadina seit mehr als 30 Jahren in der italienischen Piadina Romagnola: Classica, Biologica, Senza Glutine, Integrale und echtes IGP alla Riminese","publisher":{"@id":"https:\/\/riccionepiadina.com\/de\/#organization"},"alternateName":"Riccione Piadina","potentialAction":[{"@type":"SearchAction","target":{"@type":"EntryPoint","urlTemplate":"https:\/\/riccionepiadina.com\/de\/?s={search_term_string}"},"query-input":{"@type":"PropertyValueSpecification","valueRequired":true,"valueName":"search_term_string"}}],"inLanguage":"de"},{"@type":"Organization","@id":"https:\/\/riccionepiadina.com\/de\/#organization","name":"Riccione S.r.l.","url":"https:\/\/riccionepiadina.com\/de\/","logo":{"@type":"ImageObject","inLanguage":"de","@id":"https:\/\/riccionepiadina.com\/de\/#\/schema\/logo\/image\/","url":"https:\/\/riccionepiadina.com\/wp-content\/uploads\/2023\/05\/Riccione-Piadina-produzione-piadine-romagnole-certificate.png","contentUrl":"https:\/\/riccionepiadina.com\/wp-content\/uploads\/2023\/05\/Riccione-Piadina-produzione-piadine-romagnole-certificate.png","width":152,"height":118,"caption":"Riccione S.r.l."},"image":{"@id":"https:\/\/riccionepiadina.com\/de\/#\/schema\/logo\/image\/"},"sameAs":["https:\/\/www.facebook.com\/Riccione.Piadina","https:\/\/www.youtube.com\/user\/RICCIONEPIADINA","https:\/\/www.instagram.com\/riccionepiadina\/"]}]}},"_links":{"self":[{"href":"https:\/\/riccionepiadina.com\/de\/wp-json\/wp\/v2\/pages\/5096","targetHints":{"allow":["GET"]}}],"collection":[{"href":"https:\/\/riccionepiadina.com\/de\/wp-json\/wp\/v2\/pages"}],"about":[{"href":"https:\/\/riccionepiadina.com\/de\/wp-json\/wp\/v2\/types\/page"}],"author":[{"embeddable":true,"href":"https:\/\/riccionepiadina.com\/de\/wp-json\/wp\/v2\/users\/1"}],"replies":[{"embeddable":true,"href":"https:\/\/riccionepiadina.com\/de\/wp-json\/wp\/v2\/comments?post=5096"}],"version-history":[{"count":15,"href":"https:\/\/riccionepiadina.com\/de\/wp-json\/wp\/v2\/pages\/5096\/revisions"}],"predecessor-version":[{"id":7250,"href":"https:\/\/riccionepiadina.com\/de\/wp-json\/wp\/v2\/pages\/5096\/revisions\/7250"}],"up":[{"embeddable":true,"href":"https:\/\/riccionepiadina.com\/de\/wp-json\/wp\/v2\/pages\/5043"}],"wp:attachment":[{"href":"https:\/\/riccionepiadina.com\/de\/wp-json\/wp\/v2\/media?parent=5096"}],"curies":[{"name":"wp","href":"https:\/\/api.w.org\/{rel}","templated":true}]}}