{"id":5146,"date":"2023-05-25T10:22:11","date_gmt":"2023-05-25T10:22:11","guid":{"rendered":"https:\/\/riccionepiadina.com\/kundenbereich\/"},"modified":"2024-03-12T16:01:18","modified_gmt":"2024-03-12T16:01:18","slug":"kundenbereich","status":"publish","type":"page","link":"https:\/\/riccionepiadina.com\/de\/kundenbereich\/","title":{"rendered":"Kundenbereich"},"content":{"rendered":"<section class=\"wpb-content-wrapper\"><p>[vc_row css_animation=&#8220;&#8220; row_type=&#8220;row&#8220; use_row_as_full_screen_section=&#8220;no&#8220; type=&#8220;grid&#8220; angled_section=&#8220;no&#8220; text_align=&#8220;center&#8220; background_image_as_pattern=&#8220;without_pattern&#8220; z_index=&#8220;&#8220; css=&#8220;.vc_custom_1684163230359{padding-top: 100px !important;padding-bottom: 100px !important;}&#8220;][vc_column width=&#8220;1\/6&#8243;][\/vc_column][vc_column width=&#8220;2\/3&#8243;][vc_column_text]<\/p>\n<h1>L\u00f6sungen und Serviceleistungen f\u00fcr Handelskette und den Einzelhandel<\/h1>\n<p>[\/vc_column_text][vc_empty_space][vc_column_text]<\/p>\n<h2>Seien Sie bereit, die Nachfrage Ihrer Kunden mit der Qualit\u00e4t zufriedenzustellen, die uns auszeichnet<\/h2>\n<p>[\/vc_column_text][vc_empty_space][\/vc_column][vc_column width=&#8220;1\/6&#8243;][\/vc_column][\/vc_row][vc_row css_animation=&#8220;&#8220; row_type=&#8220;row&#8220; use_row_as_full_screen_section=&#8220;no&#8220; type=&#8220;full_width&#8220; angled_section=&#8220;no&#8220; text_align=&#8220;left&#8220; background_image_as_pattern=&#8220;without_pattern&#8220; z_index=&#8220;&#8220;][vc_column][qode_elements_holder number_of_columns=&#8220;two_columns&#8220; switch_to_one_column=&#8220;1300&#8243;][qode_elements_holder_item vertical_alignment=&#8220;middle&#8220; advanced_animations=&#8220;no&#8220;]\n\t\t\t<!-- START Romagna in tutti i sensi REVOLUTION SLIDER 6.7.38 --><p class=\"rs-p-wp-fix\"><\/p>\n\t\t\t<rs-module-wrap id=\"rev_slider_10_1_wrapper\" data-source=\"gallery\" style=\"visibility:hidden;background:transparent;padding:0;margin:0px auto;margin-top:0;margin-bottom:0;\">\n\t\t\t\t<rs-module id=\"rev_slider_10_1\" style=\"\" data-version=\"6.7.38\">\n\t\t\t\t\t<rs-slides style=\"overflow: hidden; position: absolute;\">\n\t\t\t\t\t\t<rs-slide style=\"position: absolute;\" data-key=\"rs-36\" data-title=\"Slide\" data-in=\"o:0;\" data-out=\"a:false;\">\n\t\t\t\t\t\t\t<img decoding=\"async\" src=\"\/\/riccionepiadina.com\/wp-content\/plugins\/revslider\/sr6\/assets\/assets\/dummy.png\" alt=\"\" title=\"Kundenbereich\" class=\"rev-slidebg tp-rs-img rs-lazyload\" data-lazyload=\"\/\/i.vimeocdn.com\/video\/1667236074-bf71cf8e45684d19ea78084b93445f90527ced3c239033046ed62f62fdadc448-d_640\" data-parallax=\"off\" data-no-retina>\n\t\t\t\t\t\t\t<rs-bgvideo \n\t\t\t\t\t\t\t\tdata-video=\"vc:none;w:100%;h:100%;nse:false;l:true;ptimer:false;\"\n\t\t\t\t\t\t\t\tdata-vimeoid=\"825053544\"\n\t\t\t\t\t\t\t\tdata-vatr=\"background=1&amp;dnt=true\"\n\t\t\t\t\t\t\t><\/rs-bgvideo>\n<!---->\t\t\t\t\t<\/rs-slide>\n\t\t\t\t\t<\/rs-slides>\n\t\t\t\t<\/rs-module>\n\t\t\t\t<script>\n\t\t\t\t\tsetREVStartSize({c: 'rev_slider_10_1',rl:[1240,1024,778,480],el:[900],gw:[1240],gh:[900],type:'hero',justify:'',layout:'fullwidth',mh:\"0\"});if (window.RS_MODULES!==undefined && window.RS_MODULES.modules!==undefined && window.RS_MODULES.modules[\"revslider101\"]!==undefined) {window.RS_MODULES.modules[\"revslider101\"].once = false;window.revapi10 = undefined;if (window.RS_MODULES.checkMinimal!==undefined) window.RS_MODULES.checkMinimal()}\n\t\t\t\t<\/script>\n\t\t\t<\/rs-module-wrap>\n\t\t\t<!-- END REVOLUTION SLIDER -->\n[\/qode_elements_holder_item][qode_elements_holder_item vertical_alignment=&#8220;middle&#8220; advanced_animations=&#8220;no&#8220; item_padding=&#8220;12% 10% 12% 10%&#8220; background_color=&#8220;#fdf5ea&#8220; item_padding_600_768=&#8220;30px 20px 30px 20px&#8220; item_padding_480_600=&#8220;30px 20px 30px 20px&#8220; item_padding_480=&#8220;30px 20px 30px 20px&#8220;][vc_column_text]<\/p>\n<h1>Warum Sie sich f\u00fcr uns entscheiden sollten<\/h1>\n<p>[\/vc_column_text][vc_empty_space height=&#8220;30px&#8220;][vc_column_text]<\/p>\n<h2>\u00dcberzeugende Qualit\u00e4t<\/h2>\n<p>[\/vc_column_text][vc_empty_space height=&#8220;30px&#8220;][vc_column_text]<\/p>\n<ul>\n<li>Zutaten zu 100% aus Italien<\/li>\n<li>Zertifizierter Weizen aus Romagna<\/li>\n<li>Sehr hohe Qualit\u00e4tsstandards<\/li>\n<\/ul>\n<p>Alle Produkte von <strong>Riccione Piadina<\/strong> sind eine Qualit\u00e4tsgarantie f\u00fcr den Verbraucher.[\/vc_column_text][vc_empty_space height=&#8220;30px&#8220;]<a  itemprop=\"url\" href=\"\/de\/kundenbereich\/kataloge\/\" target=\"_self\"  class=\"qbutton  default\" style=\"\">Kataloge herunterladen<i class=\"qode_icon_font_awesome fa fa-angle-down qode_button_icon_element\" style=\"\" ><\/i><\/a>[\/qode_elements_holder_item][\/qode_elements_holder][\/vc_column][\/vc_row][vc_row css_animation=&#8220;&#8220; row_type=&#8220;row&#8220; use_row_as_full_screen_section=&#8220;no&#8220; type=&#8220;full_width&#8220; angled_section=&#8220;no&#8220; text_align=&#8220;left&#8220; background_image_as_pattern=&#8220;without_pattern&#8220; z_index=&#8220;&#8220;][vc_column][qode_elements_holder number_of_columns=&#8220;two_columns&#8220; switch_to_one_column=&#8220;1300&#8243;][qode_elements_holder_item vertical_alignment=&#8220;middle&#8220; advanced_animations=&#8220;no&#8220; item_padding=&#8220;15% 10% 15% 10%&#8220; item_padding_600_768=&#8220;30px 20px 30px 20px&#8220; item_padding_480_600=&#8220;30px 20px 30px 20px&#8220; item_padding_480=&#8220;30px 20px 30px 20px&#8220;][vc_column_text]<\/p>\n<h1>Die Nummer 1 unter den frischen Piadine und die meistverkaufte Piadina in Italien<\/h1>\n<p>[\/vc_column_text][vc_empty_space height=&#8220;30px&#8220;][vc_column_text]Finden Sie heraus, warum unsere die Italiener unsere Piadina so sehr lieben: romagnolische Tradition, authentische Zutaten und ein Geschmack, der bei jedem Bissen begeistert.[\/vc_column_text][vc_empty_space height=&#8220;30px&#8220;]<a  itemprop=\"url\" href=\"\/de\/kundenbereich\/kataloge\/\" target=\"_self\"  class=\"qbutton  default\" style=\"\">Reports herunterladen<i class=\"qode_icon_font_awesome fa fa-angle-down qode_button_icon_element\" style=\"\" ><\/i><\/a>[\/qode_elements_holder_item][qode_elements_holder_item cover=&#8220;yes&#8220; vertical_alignment=&#8220;middle&#8220; advanced_animations=&#8220;no&#8220; background_image=&#8220;1827&#8243; item_padding=&#8220;20% 10% 20% 10%&#8220; item_padding_768_1024=&#8220;270px 10px 270px 10px&#8220; item_padding_600_768=&#8220;160px 10px 160px 10px&#8220; item_padding_480_600=&#8220;160px 10px 160px 10px&#8220; item_padding_480=&#8220;160px 10px 160px 10px&#8220;][\/qode_elements_holder_item][\/qode_elements_holder][\/vc_column][\/vc_row][vc_row css_animation=&#8220;&#8220; row_type=&#8220;row&#8220; use_row_as_full_screen_section=&#8220;no&#8220; type=&#8220;full_width&#8220; angled_section=&#8220;no&#8220; text_align=&#8220;left&#8220; background_image_as_pattern=&#8220;without_pattern&#8220; z_index=&#8220;&#8220;][vc_column][qode_elements_holder number_of_columns=&#8220;two_columns&#8220; switch_to_one_column=&#8220;1300&#8243;][qode_elements_holder_item cover=&#8220;yes&#8220; vertical_alignment=&#8220;middle&#8220; advanced_animations=&#8220;no&#8220; background_image=&#8220;1825&#8243; item_padding=&#8220;15% 25% 15% 25%&#8220; item_padding_768_1024=&#8220;270px 10px 270px 10px&#8220; item_padding_600_768=&#8220;160px 10px 160px 10px&#8220; item_padding_480_600=&#8220;160px 10px 160px 10px&#8220; item_padding_480=&#8220;160px 10px 160px 10px&#8220;][\/qode_elements_holder_item][qode_elements_holder_item vertical_alignment=&#8220;middle&#8220; advanced_animations=&#8220;no&#8220; item_padding=&#8220;20% 15% 20% 15%&#8220; background_color=&#8220;#fdf5ea&#8220;][vc_column_text]<\/p>\n<h1>Technologie im Dienste der Tradition<\/h1>\n<p>[\/vc_column_text][vc_empty_space height=&#8220;30px&#8220;][vc_column_text]<\/p>\n<ul>\n<li>Gebacken mit verschiedenen Temperaturen<\/li>\n<li>Weltweit einzigartige Maschinen<\/li>\n<li>Technologie, die die Tradition wahrt<\/li>\n<li>Eigene Erzeugung gr\u00fcner Energie, die zu 100% umweltfreundlich ist.<\/li>\n<\/ul>\n<p>[\/vc_column_text][vc_empty_space height=&#8220;30px&#8220;]<a  itemprop=\"url\" href=\"\/de\/kundenbereich\/kataloge\/\" target=\"_self\"  class=\"qbutton  default\" style=\"\">Zahlen und Reports<\/a>[\/qode_elements_holder_item][\/qode_elements_holder][\/vc_column][\/vc_row][vc_row css_animation=&#8220;&#8220; row_type=&#8220;row&#8220; use_row_as_full_screen_section=&#8220;no&#8220; type=&#8220;full_width&#8220; angled_section=&#8220;no&#8220; text_align=&#8220;left&#8220; background_image_as_pattern=&#8220;without_pattern&#8220; z_index=&#8220;&#8220;][vc_column][qode_elements_holder number_of_columns=&#8220;two_columns&#8220; switch_to_one_column=&#8220;1300&#8243;][qode_elements_holder_item vertical_alignment=&#8220;middle&#8220; advanced_animations=&#8220;no&#8220; item_padding=&#8220;10% 25% 10% 25%&#8220; item_padding_600_768=&#8220;30px 20px 30px 20px&#8220; item_padding_480_600=&#8220;30px 20px 30px 20px&#8220; item_padding_480=&#8220;30px 20px 30px 20px&#8220;][vc_column_text]<\/p>\n<h1>Zertifizierungen<\/h1>\n<p>[\/vc_column_text][vc_empty_space height=&#8220;30px&#8220;][vc_single_image image=&#8220;1918&#8243; img_size=&#8220;full&#8220; qode_css_animation=&#8220;&#8220;][vc_empty_space height=&#8220;30px&#8220;]<a  itemprop=\"url\" href=\"\/de\/zertifizierungen\/\" target=\"_self\"  class=\"qbutton  default\" style=\"\">Mehr erfahren<\/a>[\/qode_elements_holder_item][qode_elements_holder_item cover=&#8220;yes&#8220; vertical_alignment=&#8220;middle&#8220; advanced_animations=&#8220;no&#8220; background_image=&#8220;1191&#8243; item_padding=&#8220;20% 10% 20% 10%&#8220; item_padding_768_1024=&#8220;270px 10px 270px 10px&#8220; item_padding_600_768=&#8220;160px 10px 160px 10px&#8220; item_padding_480_600=&#8220;160px 10px 160px 10px&#8220; item_padding_480=&#8220;160px 10px 160px 10px&#8220;][\/qode_elements_holder_item][\/qode_elements_holder][\/vc_column][\/vc_row][vc_row css_animation=&#8220;&#8220; row_type=&#8220;row&#8220; use_row_as_full_screen_section=&#8220;no&#8220; type=&#8220;full_width&#8220; angled_section=&#8220;no&#8220; text_align=&#8220;left&#8220; background_image_as_pattern=&#8220;without_pattern&#8220; z_index=&#8220;&#8220;][vc_column][qode_elements_holder number_of_columns=&#8220;two_columns&#8220; switch_to_one_column=&#8220;1300&#8243;][qode_elements_holder_item cover=&#8220;yes&#8220; vertical_alignment=&#8220;middle&#8220; advanced_animations=&#8220;no&#8220; background_image=&#8220;2057&#8243; item_padding=&#8220;20% 10% 20% 10%&#8220; item_padding_768_1024=&#8220;270px 10px 270px 10px&#8220; item_padding_600_768=&#8220;160px 10px 160px 10px&#8220; item_padding_480_600=&#8220;160px 10px 160px 10px&#8220; item_padding_480=&#8220;160px 10px 160px 10px&#8220;][\/qode_elements_holder_item][qode_elements_holder_item vertical_alignment=&#8220;middle&#8220; advanced_animations=&#8220;no&#8220; item_padding=&#8220;10% 10% 10% 10%&#8220; item_padding_600_768=&#8220;30px 20px 30px 20px&#8220; item_padding_480_600=&#8220;30px 20px 30px 20px&#8220; item_padding_480=&#8220;30px 20px 30px 20px&#8220;][vc_column_text]<\/p>\n<h1>Riccione Piadina Shop<\/h1>\n<p>[\/vc_column_text][vc_empty_space height=&#8220;30px&#8220;][vc_column_text]<\/p>\n<h2>Vereinfachen, optimieren und sparen<\/h2>\n<p>[\/vc_column_text][vc_empty_space height=&#8220;30px&#8220;][vc_column_text]Entdecken Sie den <strong>Riccione Piadina Shop<\/strong>: die innovative L\u00f6sung f\u00fcr Ihre Eink\u00e4ufe.<\/p>\n<ul>\n<li>Sehen Sie sich den kompletten Produktkatalog an.<\/li>\n<li>Kontrollieren Sie die Verf\u00fcgbarkeit in Echtzeit.<\/li>\n<li>Erhalten Sie kundenspezifische Angebote.<\/li>\n<li>Bestellen Sie mit wenigen Klicks.<\/li>\n<li>\u00dcberwachen Sie den Status der Lieferungen.<\/li>\n<\/ul>\n<p><a href=\"https:\/\/riccionepiadina.com\/de\/kontakt\/\">Kontaktieren Sie uns<\/a> noch heute f\u00fcr eine personalisierte Vorf\u00fchrung und optimieren Sie Ihren Beschaffungsprozess f\u00fcr den Erfolg Ihres Unternehmens.[\/vc_column_text][vc_empty_space height=&#8220;30px&#8220;][vc_column_text]<a href=\"#\">Google Play herunterladen<\/a><\/p>\n<p><a href=\"#\">Apple Store herunterladen<\/a>[\/vc_column_text][\/qode_elements_holder_item][\/qode_elements_holder][\/vc_column][\/vc_row]<\/p>\n<\/section>","protected":false},"excerpt":{"rendered":"<p>[vc_row css_animation=&#8220;&#8220; row_type=&#8220;row&#8220; use_row_as_full_screen_section=&#8220;no&#8220; type=&#8220;grid&#8220; angled_section=&#8220;no&#8220; text_align=&#8220;center&#8220; background_image_as_pattern=&#8220;without_pattern&#8220; z_index=&#8220;&#8220; css=&#8220;.vc_custom_1684163230359{padding-top: 100px !important;padding-bottom: 100px !important;}&#8220;][vc_column width=&#8220;1\/6&#8243;][\/vc_column][vc_column&#8230;<\/p>\n","protected":false},"author":1,"featured_media":0,"parent":0,"menu_order":0,"comment_status":"closed","ping_status":"closed","template":"full_width.php","meta":{"footnotes":""},"class_list":["post-5146","page","type-page","status-publish","hentry"],"yoast_head":"<!-- This site is optimized with the Yoast SEO plugin v27.4 - https:\/\/yoast.com\/product\/yoast-seo-wordpress\/ -->\n<title>Kundenbereich - Riccione Piadina<\/title>\n<meta name=\"robots\" content=\"index, follow, max-snippet:-1, max-image-preview:large, max-video-preview:-1\" \/>\n<link rel=\"canonical\" href=\"https:\/\/riccionepiadina.com\/de\/kundenbereich\/\" \/>\n<meta property=\"og:locale\" content=\"de_DE\" \/>\n<meta property=\"og:type\" content=\"article\" \/>\n<meta property=\"og:title\" content=\"Kundenbereich - Riccione Piadina\" \/>\n<meta property=\"og:description\" content=\"[vc_row css_animation=&#8220;&#8220; row_type=&#8220;row&#8220; use_row_as_full_screen_section=&#8220;no&#8220; type=&#8220;grid&#8220; angled_section=&#8220;no&#8220; text_align=&#8220;center&#8220; background_image_as_pattern=&#8220;without_pattern&#8220; z_index=&#8220;&#8220; css=&#8220;.vc_custom_1684163230359{padding-top: 100px !important;padding-bottom: 100px !important;}&#8220;][vc_column width=&#8220;1\/6&#8243;][\/vc_column][vc_column...\" \/>\n<meta property=\"og:url\" content=\"https:\/\/riccionepiadina.com\/de\/kundenbereich\/\" \/>\n<meta property=\"og:site_name\" content=\"Riccione Piadina\" \/>\n<meta property=\"article:publisher\" content=\"https:\/\/www.facebook.com\/Riccione.Piadina\" \/>\n<meta property=\"article:modified_time\" content=\"2024-03-12T16:01:18+00:00\" \/>\n<meta name=\"twitter:card\" content=\"summary_large_image\" \/>\n<meta name=\"twitter:label1\" content=\"Gesch\u00e4tzte Lesezeit\" \/>\n\t<meta name=\"twitter:data1\" content=\"5\u00a0Minuten\" \/>\n<script type=\"application\/ld+json\" class=\"yoast-schema-graph\">{\"@context\":\"https:\\\/\\\/schema.org\",\"@graph\":[{\"@type\":\"WebPage\",\"@id\":\"https:\\\/\\\/riccionepiadina.com\\\/de\\\/kundenbereich\\\/\",\"url\":\"https:\\\/\\\/riccionepiadina.com\\\/de\\\/kundenbereich\\\/\",\"name\":\"Kundenbereich - Riccione Piadina\",\"isPartOf\":{\"@id\":\"https:\\\/\\\/riccionepiadina.com\\\/de\\\/#website\"},\"datePublished\":\"2023-05-25T10:22:11+00:00\",\"dateModified\":\"2024-03-12T16:01:18+00:00\",\"breadcrumb\":{\"@id\":\"https:\\\/\\\/riccionepiadina.com\\\/de\\\/kundenbereich\\\/#breadcrumb\"},\"inLanguage\":\"de\",\"potentialAction\":[{\"@type\":\"ReadAction\",\"target\":[\"https:\\\/\\\/riccionepiadina.com\\\/de\\\/kundenbereich\\\/\"]}]},{\"@type\":\"BreadcrumbList\",\"@id\":\"https:\\\/\\\/riccionepiadina.com\\\/de\\\/kundenbereich\\\/#breadcrumb\",\"itemListElement\":[{\"@type\":\"ListItem\",\"position\":1,\"name\":\"Home\",\"item\":\"https:\\\/\\\/riccionepiadina.com\\\/de\\\/\"},{\"@type\":\"ListItem\",\"position\":2,\"name\":\"Kundenbereich\"}]},{\"@type\":\"WebSite\",\"@id\":\"https:\\\/\\\/riccionepiadina.com\\\/de\\\/#website\",\"url\":\"https:\\\/\\\/riccionepiadina.com\\\/de\\\/\",\"name\":\"Riccione Piadina\",\"description\":\"Riccione Piadina seit mehr als 30 Jahren in der italienischen Piadina Romagnola: Classica, Biologica, Senza Glutine, Integrale und echtes IGP alla Riminese\",\"publisher\":{\"@id\":\"https:\\\/\\\/riccionepiadina.com\\\/de\\\/#organization\"},\"alternateName\":\"Riccione Piadina\",\"potentialAction\":[{\"@type\":\"SearchAction\",\"target\":{\"@type\":\"EntryPoint\",\"urlTemplate\":\"https:\\\/\\\/riccionepiadina.com\\\/de\\\/?s={search_term_string}\"},\"query-input\":{\"@type\":\"PropertyValueSpecification\",\"valueRequired\":true,\"valueName\":\"search_term_string\"}}],\"inLanguage\":\"de\"},{\"@type\":\"Organization\",\"@id\":\"https:\\\/\\\/riccionepiadina.com\\\/de\\\/#organization\",\"name\":\"Riccione S.r.l.\",\"url\":\"https:\\\/\\\/riccionepiadina.com\\\/de\\\/\",\"logo\":{\"@type\":\"ImageObject\",\"inLanguage\":\"de\",\"@id\":\"https:\\\/\\\/riccionepiadina.com\\\/de\\\/#\\\/schema\\\/logo\\\/image\\\/\",\"url\":\"https:\\\/\\\/riccionepiadina.com\\\/wp-content\\\/uploads\\\/2023\\\/05\\\/Riccione-Piadina-produzione-piadine-romagnole-certificate.png\",\"contentUrl\":\"https:\\\/\\\/riccionepiadina.com\\\/wp-content\\\/uploads\\\/2023\\\/05\\\/Riccione-Piadina-produzione-piadine-romagnole-certificate.png\",\"width\":152,\"height\":118,\"caption\":\"Riccione S.r.l.\"},\"image\":{\"@id\":\"https:\\\/\\\/riccionepiadina.com\\\/de\\\/#\\\/schema\\\/logo\\\/image\\\/\"},\"sameAs\":[\"https:\\\/\\\/www.facebook.com\\\/Riccione.Piadina\",\"https:\\\/\\\/www.youtube.com\\\/user\\\/RICCIONEPIADINA\",\"https:\\\/\\\/www.instagram.com\\\/riccionepiadina\\\/\"]}]}<\/script>\n<!-- \/ Yoast SEO plugin. -->","yoast_head_json":{"title":"Kundenbereich - Riccione Piadina","robots":{"index":"index","follow":"follow","max-snippet":"max-snippet:-1","max-image-preview":"max-image-preview:large","max-video-preview":"max-video-preview:-1"},"canonical":"https:\/\/riccionepiadina.com\/de\/kundenbereich\/","og_locale":"de_DE","og_type":"article","og_title":"Kundenbereich - Riccione Piadina","og_description":"[vc_row css_animation=&#8220;&#8220; row_type=&#8220;row&#8220; use_row_as_full_screen_section=&#8220;no&#8220; type=&#8220;grid&#8220; angled_section=&#8220;no&#8220; text_align=&#8220;center&#8220; background_image_as_pattern=&#8220;without_pattern&#8220; z_index=&#8220;&#8220; css=&#8220;.vc_custom_1684163230359{padding-top: 100px !important;padding-bottom: 100px !important;}&#8220;][vc_column width=&#8220;1\/6&#8243;][\/vc_column][vc_column...","og_url":"https:\/\/riccionepiadina.com\/de\/kundenbereich\/","og_site_name":"Riccione Piadina","article_publisher":"https:\/\/www.facebook.com\/Riccione.Piadina","article_modified_time":"2024-03-12T16:01:18+00:00","twitter_card":"summary_large_image","twitter_misc":{"Gesch\u00e4tzte Lesezeit":"5\u00a0Minuten"},"schema":{"@context":"https:\/\/schema.org","@graph":[{"@type":"WebPage","@id":"https:\/\/riccionepiadina.com\/de\/kundenbereich\/","url":"https:\/\/riccionepiadina.com\/de\/kundenbereich\/","name":"Kundenbereich - Riccione Piadina","isPartOf":{"@id":"https:\/\/riccionepiadina.com\/de\/#website"},"datePublished":"2023-05-25T10:22:11+00:00","dateModified":"2024-03-12T16:01:18+00:00","breadcrumb":{"@id":"https:\/\/riccionepiadina.com\/de\/kundenbereich\/#breadcrumb"},"inLanguage":"de","potentialAction":[{"@type":"ReadAction","target":["https:\/\/riccionepiadina.com\/de\/kundenbereich\/"]}]},{"@type":"BreadcrumbList","@id":"https:\/\/riccionepiadina.com\/de\/kundenbereich\/#breadcrumb","itemListElement":[{"@type":"ListItem","position":1,"name":"Home","item":"https:\/\/riccionepiadina.com\/de\/"},{"@type":"ListItem","position":2,"name":"Kundenbereich"}]},{"@type":"WebSite","@id":"https:\/\/riccionepiadina.com\/de\/#website","url":"https:\/\/riccionepiadina.com\/de\/","name":"Riccione Piadina","description":"Riccione Piadina seit mehr als 30 Jahren in der italienischen Piadina Romagnola: Classica, Biologica, Senza Glutine, Integrale und echtes IGP alla Riminese","publisher":{"@id":"https:\/\/riccionepiadina.com\/de\/#organization"},"alternateName":"Riccione Piadina","potentialAction":[{"@type":"SearchAction","target":{"@type":"EntryPoint","urlTemplate":"https:\/\/riccionepiadina.com\/de\/?s={search_term_string}"},"query-input":{"@type":"PropertyValueSpecification","valueRequired":true,"valueName":"search_term_string"}}],"inLanguage":"de"},{"@type":"Organization","@id":"https:\/\/riccionepiadina.com\/de\/#organization","name":"Riccione S.r.l.","url":"https:\/\/riccionepiadina.com\/de\/","logo":{"@type":"ImageObject","inLanguage":"de","@id":"https:\/\/riccionepiadina.com\/de\/#\/schema\/logo\/image\/","url":"https:\/\/riccionepiadina.com\/wp-content\/uploads\/2023\/05\/Riccione-Piadina-produzione-piadine-romagnole-certificate.png","contentUrl":"https:\/\/riccionepiadina.com\/wp-content\/uploads\/2023\/05\/Riccione-Piadina-produzione-piadine-romagnole-certificate.png","width":152,"height":118,"caption":"Riccione S.r.l."},"image":{"@id":"https:\/\/riccionepiadina.com\/de\/#\/schema\/logo\/image\/"},"sameAs":["https:\/\/www.facebook.com\/Riccione.Piadina","https:\/\/www.youtube.com\/user\/RICCIONEPIADINA","https:\/\/www.instagram.com\/riccionepiadina\/"]}]}},"_links":{"self":[{"href":"https:\/\/riccionepiadina.com\/de\/wp-json\/wp\/v2\/pages\/5146","targetHints":{"allow":["GET"]}}],"collection":[{"href":"https:\/\/riccionepiadina.com\/de\/wp-json\/wp\/v2\/pages"}],"about":[{"href":"https:\/\/riccionepiadina.com\/de\/wp-json\/wp\/v2\/types\/page"}],"author":[{"embeddable":true,"href":"https:\/\/riccionepiadina.com\/de\/wp-json\/wp\/v2\/users\/1"}],"replies":[{"embeddable":true,"href":"https:\/\/riccionepiadina.com\/de\/wp-json\/wp\/v2\/comments?post=5146"}],"version-history":[{"count":12,"href":"https:\/\/riccionepiadina.com\/de\/wp-json\/wp\/v2\/pages\/5146\/revisions"}],"predecessor-version":[{"id":7174,"href":"https:\/\/riccionepiadina.com\/de\/wp-json\/wp\/v2\/pages\/5146\/revisions\/7174"}],"wp:attachment":[{"href":"https:\/\/riccionepiadina.com\/de\/wp-json\/wp\/v2\/media?parent=5146"}],"curies":[{"name":"wp","href":"https:\/\/api.w.org\/{rel}","templated":true}]}}