{"id":5217,"date":"2023-06-06T13:37:52","date_gmt":"2023-06-06T13:37:52","guid":{"rendered":"https:\/\/riccionepiadina.com\/ueber-uns\/geschichte\/"},"modified":"2024-03-12T15:15:30","modified_gmt":"2024-03-12T15:15:30","slug":"geschichte","status":"publish","type":"page","link":"https:\/\/riccionepiadina.com\/de\/ueber-uns\/geschichte\/","title":{"rendered":"Geschichte"},"content":{"rendered":"<section class=\"wpb-content-wrapper\"><p>[vc_row css_animation=&#8220;&#8220; row_type=&#8220;row&#8220; use_row_as_full_screen_section=&#8220;no&#8220; type=&#8220;full_width&#8220; angled_section=&#8220;no&#8220; text_align=&#8220;left&#8220; background_image_as_pattern=&#8220;without_pattern&#8220; z_index=&#8220;&#8220;][vc_column][qode_elements_holder number_of_columns=&#8220;two_columns&#8220;][qode_elements_holder_item cover=&#8220;yes&#8220; vertical_alignment=&#8220;middle&#8220; advanced_animations=&#8220;no&#8220; background_image=&#8220;1575&#8243; item_padding=&#8220;20% 10% 20% 10%&#8220;][\/qode_elements_holder_item][qode_elements_holder_item vertical_alignment=&#8220;middle&#8220; advanced_animations=&#8220;no&#8220; item_padding=&#8220;20% 13% 20% 13%&#8220;][vc_column_text]<\/p>\n<h1>Wir machen Piadine<\/h1>\n<p>[\/vc_column_text][vc_empty_space height=&#8220;30px&#8220;][vc_column_text]Die <strong>wahre Piadina Romagnola<\/strong>, das ist unsere Geschichte.<\/p>\n<p>Wir machen die Piadine in unserer Heimat, in <strong>Riccione<\/strong>. &nbsp;Unser Name steht f\u00fcr alles, was wir sind.<br \/>\nEr verk\u00f6rpert in einer warmen Umarmung die Tradition und das Gebiet.[\/vc_column_text][vc_empty_space height=&#8220;30px&#8220;][vc_column_text]Und wir sind stolz darauf. &nbsp;<strong>Riccione<\/strong> ist der Ort, an dem wir entstanden sind, eine kleine Stadt an <strong>der Adria<\/strong>, die mittlerweile alle kennen, und einer <strong>der beliebtesten Urlaubsorte in Italien<\/strong>, wo viele Menschen eine gute Zeit hatten und mit der viele <strong>sch\u00f6ne<\/strong> Erinnerungen verbunden sind, an einen <strong>Urlaub<\/strong>, an <strong>unbeschwerte Stunden<\/strong> und an <strong>Spa\u00df<\/strong> und der unsere <strong>Heimat<\/strong> ist.[\/vc_column_text][vc_empty_space height=&#8220;30px&#8220;]<a  itemprop=\"url\" href=\"\/de\/produkte\/\" target=\"_self\"  class=\"qbutton  default\" style=\"\">Kategorien durchbl\u00e4ttern<\/a>[\/qode_elements_holder_item][\/qode_elements_holder][\/vc_column][\/vc_row][vc_row css_animation=&#8220;&#8220; row_type=&#8220;row&#8220; use_row_as_full_screen_section=&#8220;no&#8220; type=&#8220;full_width&#8220; angled_section=&#8220;no&#8220; text_align=&#8220;left&#8220; background_image_as_pattern=&#8220;without_pattern&#8220; z_index=&#8220;&#8220;][vc_column][qode_elements_holder number_of_columns=&#8220;two_columns&#8220;][qode_elements_holder_item advanced_animations=&#8220;no&#8220; item_padding=&#8220;15% 10% 15% 10%&#8220;][vc_column_text]<\/p>\n<h1>Die Piadina, unser typisches Produkt<\/h1>\n<p>[\/vc_column_text][vc_empty_space height=&#8220;43px&#8220;][vc_column_text]Wer nach <strong>Riccione<\/strong> kommt, der m\u00f6chte eine Piadina essen, das ist ein Grundgesetz der Mathematik.<br \/>\nDenn die Piadina ist nicht nur ein einfaches Produkt, dessen Rezept seit Generationen weitergegeben wird: Sie ist ein universelles Gericht, das zu allem passt und jedem ein L\u00e4cheln ins Gesicht zaubert.[\/vc_column_text][vc_empty_space height=&#8220;40px&#8220;][vc_column_text]Wir machen das, was den Menschen gef\u00e4llt. Und wir sind die einzigen, die sich Riccione Piadina nennen d\u00fcrfen. Unser Ziel ist es, die wahre Piadina Romagnola \u00fcberall bekannt zu machen.[\/vc_column_text][vc_empty_space height=&#8220;40px&#8220;][vc_column_text]Wir blicken auf <strong>30 Jahre Geschichte<\/strong> zur\u00fcck: ein Vierteljahrhundert ist ein wundersch\u00f6nes Alter und zeigt, dass Teamwork gro\u00dfartige Ergebnisse liefern kann.<\/p>\n<p>Dank der Erfahrung, die wir angesammelt haben, k\u00f6nnen wir mit der Aussicht <strong>in die Zukunft blicken<\/strong>, uns in den kommenden Jahren noch weiter <strong>zu verbessern<\/strong> und immer <strong>zu \u00fcberraschen<\/strong> und dabei immer das <strong>Symbol f\u00fcr die Qualit\u00e4t<\/strong> und die <strong>Zuverl\u00e4ssigkeit<\/strong> zu bleiben, das wir heute <strong>in der Welt der Piadine<\/strong> sind.[\/vc_column_text][vc_empty_space height=&#8220;40px&#8220;]<a  itemprop=\"url\" href=\"\/de\/ueber-uns\/riccione-piadina\/\" target=\"_self\"  class=\"qbutton  default\" style=\"\">\u00dcber uns<\/a>[\/qode_elements_holder_item][qode_elements_holder_item cover=&#8220;yes&#8220; vertical_alignment=&#8220;middle&#8220; advanced_animations=&#8220;no&#8220; item_padding=&#8220;15% 10% 15% 10%&#8220; background_image=&#8220;1847&#8243;][\/qode_elements_holder_item][\/qode_elements_holder][\/vc_column][\/vc_row][vc_row css_animation=&#8220;&#8220; row_type=&#8220;row&#8220; use_row_as_full_screen_section=&#8220;no&#8220; type=&#8220;full_width&#8220; angled_section=&#8220;no&#8220; text_align=&#8220;left&#8220; background_image_as_pattern=&#8220;without_pattern&#8220; z_index=&#8220;&#8220;][vc_column][qode_elements_holder number_of_columns=&#8220;two_columns&#8220;][qode_elements_holder_item cover=&#8220;yes&#8220; vertical_alignment=&#8220;middle&#8220; advanced_animations=&#8220;no&#8220; background_image=&#8220;2563&#8243;][\/qode_elements_holder_item][qode_elements_holder_item vertical_alignment=&#8220;middle&#8220; advanced_animations=&#8220;no&#8220; item_padding=&#8220;15% 10% 15% 10%&#8220;][vc_column_text]<\/p>\n<h1>Die Produktionsst\u00e4tte, das Synonym f\u00fcr den Erfolg<\/h1>\n<p>[\/vc_column_text][vc_empty_space height=&#8220;30px&#8220;][vc_column_text]Wir sprechen dabei nur \u00fcber das Know-how, das wir uns im Laufe der Jahre angeeignet haben und das <strong>Fachwissen und effizienten Produktionsstandards<\/strong> umfasst, die es uns erm\u00f6glicht haben, bedeutende <strong>wirtschaftliche Ziele<\/strong> zu erreichen. Es handelt sich viel mehr um die Atmosph\u00e4re, die in unseren Produktionsst\u00e4tten herrscht, in denen das Wissen dessen, was man tut, und die F\u00e4higkeit, die Rezepte <strong>zu verbessern<\/strong> und <strong>neue Produkte<\/strong> zu entwickeln, auszuprobieren und zu testen an der Tagesordnung sind und harmonisch mit dem Duft der Piadina verschmelzen, der durch unser Unternehmen zieht.[\/vc_column_text][vc_empty_space height=&#8220;30px&#8220;][vc_column_text]Genau das sind die Voraussetzungen daf\u00fcr, dass wir in der Lage sind, die wahre Piadina Romagnola zu produzieren und f\u00fcr eine absolut effiziente Produktion zu garantieren.<\/p>\n<p>Mit den neuesten Einf\u00fchrungen ist es uns in weniger als zwei Jahren gelungen, die <strong>Produktion pro Stunde<\/strong> um <strong>200%<\/strong> zu steigern und den Energieverbrauch um mehr als <strong>80%<\/strong> zu senken und den <strong>Ausschuss um mehr als 95%<\/strong> zu reduzieren.<\/p>\n<p>Wir sind stolz auf die Ergebnisse, die wir erzielt haben, auch deshalb, weil wir dabei einer ethischen Entscheidung in einer historischen Epoche folgen, in der eine m\u00f6glichst geringe Umweltbelastung von entscheidender Bedeutung ist.[\/vc_column_text][vc_empty_space height=&#8220;30px&#8220;]<a  itemprop=\"url\" href=\"\/de\/ueber-uns\/das-gebiet\/\" target=\"_self\"  class=\"qbutton  default\" style=\"\">Das Gebiet<\/a>[\/qode_elements_holder_item][\/qode_elements_holder][\/vc_column][\/vc_row][vc_row css_animation=&#8220;&#8220; row_type=&#8220;row&#8220; use_row_as_full_screen_section=&#8220;no&#8220; type=&#8220;full_width&#8220; angled_section=&#8220;no&#8220; text_align=&#8220;left&#8220; background_image_as_pattern=&#8220;without_pattern&#8220; z_index=&#8220;&#8220;][vc_column][qode_elements_holder number_of_columns=&#8220;two_columns&#8220;][qode_elements_holder_item vertical_alignment=&#8220;middle&#8220; advanced_animations=&#8220;no&#8220; item_padding=&#8220;15% 10% 15% 10%&#8220;][vc_column_text]<\/p>\n<h1>Eine ethische Entscheidung f\u00fcr die Umwelt<\/h1>\n<p>[\/vc_column_text][vc_empty_space height=&#8220;30px&#8220;][vc_column_text]Wir haben auf unserem Unternehmen eine Photovoltaikanlage installiert und sind Teil des <strong>Projekts Repower<\/strong> f\u00fcr die Entwicklung und Erzeugung umweltvertr\u00e4glicher Energie.<\/p>\n<p>Auf dem allerneuesten Stand der Technik zu sein, ist eine Entscheidung, und unser Fokus liegt immer auf neuen <strong>umweltfreundlichen Entwicklungen<\/strong>, auf der <strong>Reduzierung von Verschwendung<\/strong> und auf der M\u00f6glichkeit, einen Betrag <strong>zum Schutz unseres Planeten<\/strong> zu leisten.[\/vc_column_text][vc_empty_space height=&#8220;30px&#8220;][vc_column_text]Die <strong>Verbesserung der Produktion<\/strong> hat unseren <strong>Mitarbeitern<\/strong> die M\u00f6glichkeit gegebenen, einen <strong>Qualit\u00e4tssprung<\/strong> zu machen und zu Fachpersonal zu werden, dass nicht nur einfache Handlagert\u00e4tigkeiten durchf\u00fchrt, sondern f\u00fcr die <strong>Kontrolle der Anlage<\/strong> und die <strong>Optimierung der Qualit\u00e4t<\/strong> zust\u00e4ndig ist.<\/p>\n<p>Wir sprechen deshalb nicht von Arbeitern, sondern von <strong>Mitarbeiters<\/strong>, den jeder von ihnen leistet einen Betrag zum bestm\u00f6glichen Gelingen von jeder einzelnen Piadina. Und die Ergebnisse sind sp\u00fcrbar.[\/vc_column_text][vc_empty_space height=&#8220;30px&#8220;]<a  itemprop=\"url\" href=\"\/de\/ueber-uns\/nachhaltigkeit\/\" target=\"_self\"  class=\"qbutton  default\" style=\"\">Nachhaltigkeit<\/a>[\/qode_elements_holder_item][qode_elements_holder_item cover=&#8220;yes&#8220; vertical_alignment=&#8220;middle&#8220; advanced_animations=&#8220;no&#8220; background_image=&#8220;2561&#8243;][\/qode_elements_holder_item][\/qode_elements_holder][\/vc_column][\/vc_row][vc_row css_animation=&#8220;&#8220; row_type=&#8220;row&#8220; use_row_as_full_screen_section=&#8220;no&#8220; type=&#8220;full_width&#8220; angled_section=&#8220;no&#8220; text_align=&#8220;left&#8220; background_image_as_pattern=&#8220;without_pattern&#8220; z_index=&#8220;&#8220;][vc_column][qode_elements_holder number_of_columns=&#8220;two_columns&#8220;][qode_elements_holder_item vertical_alignment=&#8220;top&#8220; advanced_animations=&#8220;no&#8220; item_padding=&#8220;10% 15% 10% 15%&#8220; background_color=&#8220;#f6eee3&#8243;][vc_column_text]<\/p>\n<h3>Der Geschmack vorab<\/h3>\n<p>[\/vc_column_text][vc_empty_space][vc_column_text]Abonnieren Sie jetzt unseren Newsletter und Sie erhalten die neuesten News, die besten Rezepte und die exklusivsten Angebote.[\/vc_column_text][vc_empty_space][vc_column_text]\n\t\t\t<form id=\"sib_signup_form_1\" method=\"post\" class=\"sib_signup_form\">\n\t\t\t\t<div class=\"sib_loader\" style=\"display:none;\"><img\n\t\t\t\t\t\t\tsrc=\"https:\/\/riccionepiadina.com\/wp-includes\/images\/spinner.gif\" alt=\"loader\"><\/div>\n\t\t\t\t<input type=\"hidden\" name=\"sib_form_action\" value=\"subscribe_form_submit\">\n\t\t\t\t<input type=\"hidden\" name=\"sib_form_id\" value=\"1\">\n                <input type=\"hidden\" name=\"sib_form_alert_notice\" value=\"Ti preghiamo di compilare tutti i campi richiesti\">\n                <input type=\"hidden\" name=\"sib_form_invalid_email_notice\" value=\"L&#039;indirizzo email non \u00e8 valido\">\n                <input type=\"hidden\" name=\"sib_security\" value=\"de112bd69c\">\n\t\t\t\t<div class=\"sib_signup_box_inside_1\">\n\t\t\t\t\t<div style=\"\/*display:none*\/\" class=\"sib_msg_disp\">\n\t\t\t\t\t<\/div>\n                    \t\t\t\t\t  <div class=\"two-columns\">\r\n<div class=\"column\">\r\n    <input type=\"email\" name=\"email\" class=\"wpcf7-form-control wpcf7-text wpcf7-email wpcf7-validates-as-required wpcf7-validates-as-email\" placeholder=\"Inserisci la tua email\">\r\n  <\/div>\r\n  <div class=\"column\">\r\n      <input type=\"submit\" class=\"qbutton\" value=\"Iscriviti\">\r\n  <\/div>\r\n<\/div>\r\n\r\n<div style=\"text-align:left;padding-top:35px\"><input type=\"checkbox\" name=\"terms\" required=\"required\"> Dichiaro di aver preso visione della privacy e cookie policy di <a href=\"https:\/\/riccionepiadina.com\" target=\"_self\">Riccione S.r.l.<\/a> <\/div>\r\n\r\n<style>\r\n.two-columns {\r\n  display: flex;\r\n  flex-direction: row;\r\n  flex-wrap: wrap;\r\n}\r\n\r\n.column {\r\n  flex: 1;\r\n  max-width: 70%;\r\n  padding-right: 10px;\r\n}\r\n\r\n.clearfix:after {\r\n  content: \"\";\r\n  clear: both;\r\n  display: block;\r\n}\r\n\r\n\r\n<\/style>\t\t\t\t<\/div>\n\t\t\t<\/form>\n\t\t\t<style>\n\t\t\t\tform#sib_signup_form_1 p.sib-alert-message {\n    padding: 6px 12px;\n    margin-bottom: 20px;\n    border: 1px solid transparent;\n    border-radius: 4px;\n    -webkit-box-sizing: border-box;\n    -moz-box-sizing: border-box;\n    box-sizing: border-box;\n}\nform#sib_signup_form_1 p.sib-alert-message-error {\n    background-color: #f2dede;\n    border-color: #ebccd1;\n    color: #a94442;\n}\nform#sib_signup_form_1 p.sib-alert-message-success {\n    background-color: #dff0d8;\n    border-color: #d6e9c6;\n    color: #3c763d;\n}\nform#sib_signup_form_1 p.sib-alert-message-warning {\n    background-color: #fcf8e3;\n    border-color: #faebcc;\n    color: #8a6d3b;\n}\n\t\t\t<\/style>\n\t\t\t[\/vc_column_text][vc_empty_space][\/qode_elements_holder_item][qode_elements_holder_item vertical_alignment=&#8220;top&#8220; advanced_animations=&#8220;no&#8220; item_padding=&#8220;10% 15% 10% 15%&#8220; background_color=&#8220;#fdf5ea&#8220;][vc_column_text]<\/p>\n<h3>Mehr als ein Benutzeraccount<\/h3>\n<p>[\/vc_column_text][vc_empty_space][vc_column_text]Reservierter Bereich f\u00fcr Profis, wir arbeiten zusammen, damit Ihr Gesch\u00e4ft w\u00e4chst.[\/vc_column_text][vc_empty_space]<a  itemprop=\"url\" href=\"\/de\/login\" target=\"_self\"  class=\"qbutton  default\" style=\"\">Anmelden<\/a>[vc_empty_space][vc_column_text]Wenn Sie noch keine Zugangsdaten haben, <a href=\"https:\/\/riccionepiadina.com\/de\/anmelden\/\">registrieren Sie sich<\/a> jetzt.[\/vc_column_text][\/qode_elements_holder_item][\/qode_elements_holder][\/vc_column][\/vc_row]<\/p>\n<\/section>","protected":false},"excerpt":{"rendered":"<p>[vc_row css_animation=&#8220;&#8220; row_type=&#8220;row&#8220; use_row_as_full_screen_section=&#8220;no&#8220; type=&#8220;full_width&#8220; angled_section=&#8220;no&#8220; text_align=&#8220;left&#8220; background_image_as_pattern=&#8220;without_pattern&#8220; z_index=&#8220;&#8220;][vc_column][qode_elements_holder number_of_columns=&#8220;two_columns&#8220;][qode_elements_holder_item cover=&#8220;yes&#8220; vertical_alignment=&#8220;middle&#8220; advanced_animations=&#8220;no&#8220; background_image=&#8220;1575&#8243; item_padding=&#8220;20%&#8230;<\/p>\n","protected":false},"author":1,"featured_media":0,"parent":5207,"menu_order":0,"comment_status":"closed","ping_status":"closed","template":"full_width.php","meta":{"footnotes":""},"class_list":["post-5217","page","type-page","status-publish","hentry"],"yoast_head":"<!-- This site is optimized with the Yoast SEO plugin v27.4 - https:\/\/yoast.com\/product\/yoast-seo-wordpress\/ -->\n<title>Geschichte - Riccione Piadina<\/title>\n<meta name=\"robots\" content=\"index, follow, max-snippet:-1, max-image-preview:large, max-video-preview:-1\" \/>\n<link rel=\"canonical\" href=\"https:\/\/riccionepiadina.com\/de\/ueber-uns\/geschichte\/\" \/>\n<meta property=\"og:locale\" content=\"de_DE\" \/>\n<meta property=\"og:type\" content=\"article\" \/>\n<meta property=\"og:title\" content=\"Geschichte - Riccione Piadina\" \/>\n<meta property=\"og:description\" content=\"[vc_row css_animation=&#8220;&#8220; row_type=&#8220;row&#8220; use_row_as_full_screen_section=&#8220;no&#8220; type=&#8220;full_width&#8220; angled_section=&#8220;no&#8220; text_align=&#8220;left&#8220; background_image_as_pattern=&#8220;without_pattern&#8220; z_index=&#8220;&#8220;][vc_column][qode_elements_holder number_of_columns=&#8220;two_columns&#8220;][qode_elements_holder_item cover=&#8220;yes&#8220; vertical_alignment=&#8220;middle&#8220; advanced_animations=&#8220;no&#8220; background_image=&#8220;1575&#8243; item_padding=&#8220;20%...\" \/>\n<meta property=\"og:url\" content=\"https:\/\/riccionepiadina.com\/de\/ueber-uns\/geschichte\/\" \/>\n<meta property=\"og:site_name\" content=\"Riccione Piadina\" \/>\n<meta property=\"article:publisher\" content=\"https:\/\/www.facebook.com\/Riccione.Piadina\" \/>\n<meta property=\"article:modified_time\" content=\"2024-03-12T15:15:30+00:00\" \/>\n<meta name=\"twitter:card\" content=\"summary_large_image\" \/>\n<meta name=\"twitter:label1\" content=\"Gesch\u00e4tzte Lesezeit\" \/>\n\t<meta name=\"twitter:data1\" content=\"7\u00a0Minuten\" \/>\n<script type=\"application\/ld+json\" class=\"yoast-schema-graph\">{\"@context\":\"https:\\\/\\\/schema.org\",\"@graph\":[{\"@type\":\"WebPage\",\"@id\":\"https:\\\/\\\/riccionepiadina.com\\\/de\\\/ueber-uns\\\/geschichte\\\/\",\"url\":\"https:\\\/\\\/riccionepiadina.com\\\/de\\\/ueber-uns\\\/geschichte\\\/\",\"name\":\"Geschichte - Riccione Piadina\",\"isPartOf\":{\"@id\":\"https:\\\/\\\/riccionepiadina.com\\\/de\\\/#website\"},\"datePublished\":\"2023-06-06T13:37:52+00:00\",\"dateModified\":\"2024-03-12T15:15:30+00:00\",\"breadcrumb\":{\"@id\":\"https:\\\/\\\/riccionepiadina.com\\\/de\\\/ueber-uns\\\/geschichte\\\/#breadcrumb\"},\"inLanguage\":\"de\",\"potentialAction\":[{\"@type\":\"ReadAction\",\"target\":[\"https:\\\/\\\/riccionepiadina.com\\\/de\\\/ueber-uns\\\/geschichte\\\/\"]}]},{\"@type\":\"BreadcrumbList\",\"@id\":\"https:\\\/\\\/riccionepiadina.com\\\/de\\\/ueber-uns\\\/geschichte\\\/#breadcrumb\",\"itemListElement\":[{\"@type\":\"ListItem\",\"position\":1,\"name\":\"Home\",\"item\":\"https:\\\/\\\/riccionepiadina.com\\\/de\\\/\"},{\"@type\":\"ListItem\",\"position\":2,\"name\":\"\u00dcber uns\",\"item\":\"https:\\\/\\\/riccionepiadina.com\\\/de\\\/chi-siamo\\\/\"},{\"@type\":\"ListItem\",\"position\":3,\"name\":\"Geschichte\"}]},{\"@type\":\"WebSite\",\"@id\":\"https:\\\/\\\/riccionepiadina.com\\\/de\\\/#website\",\"url\":\"https:\\\/\\\/riccionepiadina.com\\\/de\\\/\",\"name\":\"Riccione Piadina\",\"description\":\"Riccione Piadina seit mehr als 30 Jahren in der italienischen Piadina Romagnola: Classica, Biologica, Senza Glutine, Integrale und echtes IGP alla Riminese\",\"publisher\":{\"@id\":\"https:\\\/\\\/riccionepiadina.com\\\/de\\\/#organization\"},\"alternateName\":\"Riccione Piadina\",\"potentialAction\":[{\"@type\":\"SearchAction\",\"target\":{\"@type\":\"EntryPoint\",\"urlTemplate\":\"https:\\\/\\\/riccionepiadina.com\\\/de\\\/?s={search_term_string}\"},\"query-input\":{\"@type\":\"PropertyValueSpecification\",\"valueRequired\":true,\"valueName\":\"search_term_string\"}}],\"inLanguage\":\"de\"},{\"@type\":\"Organization\",\"@id\":\"https:\\\/\\\/riccionepiadina.com\\\/de\\\/#organization\",\"name\":\"Riccione S.r.l.\",\"url\":\"https:\\\/\\\/riccionepiadina.com\\\/de\\\/\",\"logo\":{\"@type\":\"ImageObject\",\"inLanguage\":\"de\",\"@id\":\"https:\\\/\\\/riccionepiadina.com\\\/de\\\/#\\\/schema\\\/logo\\\/image\\\/\",\"url\":\"https:\\\/\\\/riccionepiadina.com\\\/wp-content\\\/uploads\\\/2023\\\/05\\\/Riccione-Piadina-produzione-piadine-romagnole-certificate.png\",\"contentUrl\":\"https:\\\/\\\/riccionepiadina.com\\\/wp-content\\\/uploads\\\/2023\\\/05\\\/Riccione-Piadina-produzione-piadine-romagnole-certificate.png\",\"width\":152,\"height\":118,\"caption\":\"Riccione S.r.l.\"},\"image\":{\"@id\":\"https:\\\/\\\/riccionepiadina.com\\\/de\\\/#\\\/schema\\\/logo\\\/image\\\/\"},\"sameAs\":[\"https:\\\/\\\/www.facebook.com\\\/Riccione.Piadina\",\"https:\\\/\\\/www.youtube.com\\\/user\\\/RICCIONEPIADINA\",\"https:\\\/\\\/www.instagram.com\\\/riccionepiadina\\\/\"]}]}<\/script>\n<!-- \/ Yoast SEO plugin. -->","yoast_head_json":{"title":"Geschichte - Riccione Piadina","robots":{"index":"index","follow":"follow","max-snippet":"max-snippet:-1","max-image-preview":"max-image-preview:large","max-video-preview":"max-video-preview:-1"},"canonical":"https:\/\/riccionepiadina.com\/de\/ueber-uns\/geschichte\/","og_locale":"de_DE","og_type":"article","og_title":"Geschichte - Riccione Piadina","og_description":"[vc_row css_animation=&#8220;&#8220; row_type=&#8220;row&#8220; use_row_as_full_screen_section=&#8220;no&#8220; type=&#8220;full_width&#8220; angled_section=&#8220;no&#8220; text_align=&#8220;left&#8220; background_image_as_pattern=&#8220;without_pattern&#8220; z_index=&#8220;&#8220;][vc_column][qode_elements_holder number_of_columns=&#8220;two_columns&#8220;][qode_elements_holder_item cover=&#8220;yes&#8220; vertical_alignment=&#8220;middle&#8220; advanced_animations=&#8220;no&#8220; background_image=&#8220;1575&#8243; item_padding=&#8220;20%...","og_url":"https:\/\/riccionepiadina.com\/de\/ueber-uns\/geschichte\/","og_site_name":"Riccione Piadina","article_publisher":"https:\/\/www.facebook.com\/Riccione.Piadina","article_modified_time":"2024-03-12T15:15:30+00:00","twitter_card":"summary_large_image","twitter_misc":{"Gesch\u00e4tzte Lesezeit":"7\u00a0Minuten"},"schema":{"@context":"https:\/\/schema.org","@graph":[{"@type":"WebPage","@id":"https:\/\/riccionepiadina.com\/de\/ueber-uns\/geschichte\/","url":"https:\/\/riccionepiadina.com\/de\/ueber-uns\/geschichte\/","name":"Geschichte - Riccione Piadina","isPartOf":{"@id":"https:\/\/riccionepiadina.com\/de\/#website"},"datePublished":"2023-06-06T13:37:52+00:00","dateModified":"2024-03-12T15:15:30+00:00","breadcrumb":{"@id":"https:\/\/riccionepiadina.com\/de\/ueber-uns\/geschichte\/#breadcrumb"},"inLanguage":"de","potentialAction":[{"@type":"ReadAction","target":["https:\/\/riccionepiadina.com\/de\/ueber-uns\/geschichte\/"]}]},{"@type":"BreadcrumbList","@id":"https:\/\/riccionepiadina.com\/de\/ueber-uns\/geschichte\/#breadcrumb","itemListElement":[{"@type":"ListItem","position":1,"name":"Home","item":"https:\/\/riccionepiadina.com\/de\/"},{"@type":"ListItem","position":2,"name":"\u00dcber uns","item":"https:\/\/riccionepiadina.com\/de\/chi-siamo\/"},{"@type":"ListItem","position":3,"name":"Geschichte"}]},{"@type":"WebSite","@id":"https:\/\/riccionepiadina.com\/de\/#website","url":"https:\/\/riccionepiadina.com\/de\/","name":"Riccione Piadina","description":"Riccione Piadina seit mehr als 30 Jahren in der italienischen Piadina Romagnola: Classica, Biologica, Senza Glutine, Integrale und echtes IGP alla Riminese","publisher":{"@id":"https:\/\/riccionepiadina.com\/de\/#organization"},"alternateName":"Riccione Piadina","potentialAction":[{"@type":"SearchAction","target":{"@type":"EntryPoint","urlTemplate":"https:\/\/riccionepiadina.com\/de\/?s={search_term_string}"},"query-input":{"@type":"PropertyValueSpecification","valueRequired":true,"valueName":"search_term_string"}}],"inLanguage":"de"},{"@type":"Organization","@id":"https:\/\/riccionepiadina.com\/de\/#organization","name":"Riccione S.r.l.","url":"https:\/\/riccionepiadina.com\/de\/","logo":{"@type":"ImageObject","inLanguage":"de","@id":"https:\/\/riccionepiadina.com\/de\/#\/schema\/logo\/image\/","url":"https:\/\/riccionepiadina.com\/wp-content\/uploads\/2023\/05\/Riccione-Piadina-produzione-piadine-romagnole-certificate.png","contentUrl":"https:\/\/riccionepiadina.com\/wp-content\/uploads\/2023\/05\/Riccione-Piadina-produzione-piadine-romagnole-certificate.png","width":152,"height":118,"caption":"Riccione S.r.l."},"image":{"@id":"https:\/\/riccionepiadina.com\/de\/#\/schema\/logo\/image\/"},"sameAs":["https:\/\/www.facebook.com\/Riccione.Piadina","https:\/\/www.youtube.com\/user\/RICCIONEPIADINA","https:\/\/www.instagram.com\/riccionepiadina\/"]}]}},"_links":{"self":[{"href":"https:\/\/riccionepiadina.com\/de\/wp-json\/wp\/v2\/pages\/5217","targetHints":{"allow":["GET"]}}],"collection":[{"href":"https:\/\/riccionepiadina.com\/de\/wp-json\/wp\/v2\/pages"}],"about":[{"href":"https:\/\/riccionepiadina.com\/de\/wp-json\/wp\/v2\/types\/page"}],"author":[{"embeddable":true,"href":"https:\/\/riccionepiadina.com\/de\/wp-json\/wp\/v2\/users\/1"}],"replies":[{"embeddable":true,"href":"https:\/\/riccionepiadina.com\/de\/wp-json\/wp\/v2\/comments?post=5217"}],"version-history":[{"count":18,"href":"https:\/\/riccionepiadina.com\/de\/wp-json\/wp\/v2\/pages\/5217\/revisions"}],"predecessor-version":[{"id":7080,"href":"https:\/\/riccionepiadina.com\/de\/wp-json\/wp\/v2\/pages\/5217\/revisions\/7080"}],"up":[{"embeddable":true,"href":"https:\/\/riccionepiadina.com\/de\/wp-json\/wp\/v2\/pages\/5207"}],"wp:attachment":[{"href":"https:\/\/riccionepiadina.com\/de\/wp-json\/wp\/v2\/media?parent=5217"}],"curies":[{"name":"wp","href":"https:\/\/api.w.org\/{rel}","templated":true}]}}