{"id":5738,"date":"2023-07-19T16:33:31","date_gmt":"2023-07-19T16:33:31","guid":{"rendered":"https:\/\/riccionepiadina.com\/kundenservice-2\/"},"modified":"2024-03-12T10:14:46","modified_gmt":"2024-03-12T10:14:46","slug":"kundenservice-2","status":"publish","type":"page","link":"https:\/\/riccionepiadina.com\/de\/kundenservice-2\/","title":{"rendered":"Kundenservice"},"content":{"rendered":"<section class=\"wpb-content-wrapper\"><p>[vc_row css_animation=&#8220;&#8220; row_type=&#8220;row&#8220; use_row_as_full_screen_section=&#8220;no&#8220; type=&#8220;grid&#8220; angled_section=&#8220;no&#8220; text_align=&#8220;center&#8220; background_image_as_pattern=&#8220;without_pattern&#8220; z_index=&#8220;&#8220; css=&#8220;.vc_custom_1684163230359{padding-top: 100px !important;padding-bottom: 100px !important;}&#8220;][vc_column width=&#8220;1\/6&#8243;][\/vc_column][vc_column width=&#8220;2\/3&#8243;][vc_column_text]<\/p>\n<h1>Ihre Zufriedenheit hat f\u00fcr uns oberste Priorit\u00e4t<\/h1>\n<p>[\/vc_column_text][vc_empty_space][vc_column_text]<\/p>\n<h2>Senden Sie uns Ihre Meldungen von Problemen, wir bem\u00fchen uns, die Probleme so schnell wie m\u00f6glich zu l\u00f6sen.<\/h2>\n<p>[\/vc_column_text][vc_empty_space]\n<div class=\"wpcf7 no-js\" id=\"wpcf7-f5737-o1\" lang=\"de-DE\" dir=\"ltr\" data-wpcf7-id=\"5737\">\n<div class=\"screen-reader-response\"><p role=\"status\" aria-live=\"polite\" aria-atomic=\"true\"><\/p> <ul><\/ul><\/div>\n<form action=\"\/de\/wp-json\/wp\/v2\/pages\/5738#wpcf7-f5737-o1\" method=\"post\" class=\"wpcf7-form init cf7_custom_style_1\" aria-label=\"Kontaktformular\" enctype=\"multipart\/form-data\" novalidate=\"novalidate\" data-status=\"init\">\n<fieldset class=\"hidden-fields-container\"><input type=\"hidden\" name=\"_wpcf7\" value=\"5737\" \/><input type=\"hidden\" name=\"_wpcf7_version\" value=\"6.1.5\" \/><input type=\"hidden\" name=\"_wpcf7_locale\" value=\"de_DE\" \/><input type=\"hidden\" name=\"_wpcf7_unit_tag\" value=\"wpcf7-f5737-o1\" \/><input type=\"hidden\" name=\"_wpcf7_container_post\" value=\"0\" \/><input type=\"hidden\" name=\"_wpcf7_posted_data_hash\" value=\"\" \/>\n<\/fieldset>\n<div class=\"two_columns_50_50 clearfix\">\n\n <div class=\"column1\">\n  <div class=\"column_inner\">\n   <span class=\"wpcf7-form-control-wrap\" data-name=\"first-name\"><input size=\"40\" maxlength=\"400\" class=\"wpcf7-form-control wpcf7-text wpcf7-validates-as-required\" aria-required=\"true\" aria-invalid=\"false\" placeholder=\"Nome*\" value=\"\" type=\"text\" name=\"first-name\" \/><\/span>\n  <\/div>\n <\/div>\n\n <div class=\"column2\">\n  <div class=\"column_inner\">\n   <span class=\"wpcf7-form-control-wrap\" data-name=\"last-name\"><input size=\"40\" maxlength=\"400\" class=\"wpcf7-form-control wpcf7-text wpcf7-validates-as-required\" aria-required=\"true\" aria-invalid=\"false\" placeholder=\"Cognome*\" value=\"\" type=\"text\" name=\"last-name\" \/><\/span>\n  <\/div>\n <\/div>\n\n <div class=\"column1\">\n  <div class=\"column_inner\">\n   <span class=\"wpcf7-form-control-wrap\" data-name=\"email\"><input size=\"40\" maxlength=\"400\" class=\"wpcf7-form-control wpcf7-email wpcf7-validates-as-required wpcf7-text wpcf7-validates-as-email\" aria-required=\"true\" aria-invalid=\"false\" placeholder=\"Email*\" value=\"\" type=\"email\" name=\"email\" \/><\/span>\n  <\/div>\n <\/div>\n\n <div class=\"column2\">\n  <div class=\"column_inner\">\n   <span class=\"wpcf7-form-control-wrap\" data-name=\"telefono\"><input size=\"40\" maxlength=\"400\" class=\"wpcf7-form-control wpcf7-tel wpcf7-validates-as-required wpcf7-text wpcf7-validates-as-tel\" aria-required=\"true\" aria-invalid=\"false\" placeholder=\"Telefono*\" value=\"\" type=\"tel\" name=\"telefono\" \/><\/span>\n  <\/div>\n <\/div>\n\n<div class=\"column1\">\n  <div class=\"column_inner\">\n   <span class=\"wpcf7-form-control-wrap\" data-name=\"indirizzo\"><input size=\"40\" maxlength=\"400\" class=\"wpcf7-form-control wpcf7-text wpcf7-validates-as-required\" aria-required=\"true\" aria-invalid=\"false\" placeholder=\"Indirizzo*\" value=\"\" type=\"text\" name=\"indirizzo\" \/><\/span>\n  <\/div>\n <\/div>\n\n <div class=\"column2\">\n  <div class=\"column_inner\">\n   <span class=\"wpcf7-form-control-wrap\" data-name=\"citta\"><input size=\"40\" maxlength=\"400\" class=\"wpcf7-form-control wpcf7-text\" aria-invalid=\"false\" placeholder=\"Citt\u00e0\" value=\"\" type=\"text\" name=\"citta\" \/><\/span>\n  <\/div>\n <\/div>\n\n\n<\/div>\n\n<div style=\"text-align:center\"><span class=\"wpcf7-form-control-wrap\" data-name=\"your-message\"><textarea cols=\"40\" rows=\"10\" maxlength=\"2000\" class=\"wpcf7-form-control wpcf7-textarea wpcf7-validates-as-required\" aria-required=\"true\" aria-invalid=\"false\" placeholder=\"Scrivi il tuo messaggio...\" name=\"your-message\"><\/textarea><\/span><\/div>\n\n<div style=\"text-align:left; padding:25px;\"><label>H\u00e4ngen Sie eventuelle Fotos an <\/label><span class=\"wpcf7-form-control-wrap\" data-name=\"Foto\"><input size=\"40\" class=\"wpcf7-form-control wpcf7-file wpcf7-validates-as-required\" accept=\"audio\/*,video\/*,image\/*\" aria-required=\"true\" aria-invalid=\"false\" type=\"file\" name=\"Foto\" \/><\/span><\/div>\n\n<div style=\"text-align:center\"><input class=\"wpcf7-form-control wpcf7-submit has-spinner\" type=\"submit\" value=\"INVIA\" \/><\/div>\n\n<div style=\"text-align:center; padding:25px;\"><label>\n  <span class=\"wpcf7-form-control-wrap\" data-name=\"privacy-acceptance\"><span class=\"wpcf7-form-control wpcf7-acceptance\"><span class=\"wpcf7-list-item\"><input type=\"checkbox\" name=\"privacy-acceptance\" value=\"1\" aria-invalid=\"false\" \/><\/span><\/span><\/span>\n  Ich habe die <a href=\"https:\/\/riccionepiadina.com\/privacy-policy\">Datenschutzerkl\u00e4rung<\/a> \u00fcber die Verarbeitung meiner personenbezogenen Daten gelesen und willige ein.\n<\/label><\/div><div class=\"wpcf7-response-output\" aria-hidden=\"true\"><\/div>\n<\/form>\n<\/div>\n[\/vc_column][vc_column width=&#8220;1\/6&#8243;][\/vc_column][\/vc_row]<\/p>\n<\/section>","protected":false},"excerpt":{"rendered":"<p>[vc_row css_animation=&#8220;&#8220; row_type=&#8220;row&#8220; use_row_as_full_screen_section=&#8220;no&#8220; type=&#8220;grid&#8220; angled_section=&#8220;no&#8220; text_align=&#8220;center&#8220; background_image_as_pattern=&#8220;without_pattern&#8220; z_index=&#8220;&#8220; css=&#8220;.vc_custom_1684163230359{padding-top: 100px !important;padding-bottom: 100px !important;}&#8220;][vc_column width=&#8220;1\/6&#8243;][\/vc_column][vc_column&#8230;<\/p>\n","protected":false},"author":1,"featured_media":0,"parent":0,"menu_order":0,"comment_status":"closed","ping_status":"closed","template":"full_width.php","meta":{"footnotes":""},"class_list":["post-5738","page","type-page","status-publish","hentry"],"yoast_head":"<!-- This site is optimized with the Yoast SEO plugin v27.4 - https:\/\/yoast.com\/product\/yoast-seo-wordpress\/ -->\n<title>Kundenservice - Riccione Piadina<\/title>\n<meta name=\"robots\" content=\"index, follow, max-snippet:-1, max-image-preview:large, max-video-preview:-1\" \/>\n<link rel=\"canonical\" href=\"https:\/\/riccionepiadina.com\/de\/kundenservice-2\/\" \/>\n<meta property=\"og:locale\" content=\"de_DE\" \/>\n<meta property=\"og:type\" content=\"article\" \/>\n<meta property=\"og:title\" content=\"Kundenservice - Riccione Piadina\" \/>\n<meta property=\"og:description\" content=\"[vc_row css_animation=&#8220;&#8220; row_type=&#8220;row&#8220; use_row_as_full_screen_section=&#8220;no&#8220; type=&#8220;grid&#8220; angled_section=&#8220;no&#8220; text_align=&#8220;center&#8220; background_image_as_pattern=&#8220;without_pattern&#8220; z_index=&#8220;&#8220; css=&#8220;.vc_custom_1684163230359{padding-top: 100px !important;padding-bottom: 100px !important;}&#8220;][vc_column width=&#8220;1\/6&#8243;][\/vc_column][vc_column...\" \/>\n<meta property=\"og:url\" content=\"https:\/\/riccionepiadina.com\/de\/kundenservice-2\/\" \/>\n<meta property=\"og:site_name\" content=\"Riccione Piadina\" \/>\n<meta property=\"article:publisher\" content=\"https:\/\/www.facebook.com\/Riccione.Piadina\" \/>\n<meta property=\"article:modified_time\" content=\"2024-03-12T10:14:46+00:00\" \/>\n<meta name=\"twitter:card\" content=\"summary_large_image\" \/>\n<meta name=\"twitter:label1\" content=\"Gesch\u00e4tzte Lesezeit\" \/>\n\t<meta name=\"twitter:data1\" content=\"1\u00a0Minute\" \/>\n<script type=\"application\/ld+json\" class=\"yoast-schema-graph\">{\"@context\":\"https:\\\/\\\/schema.org\",\"@graph\":[{\"@type\":\"WebPage\",\"@id\":\"https:\\\/\\\/riccionepiadina.com\\\/de\\\/kundenservice-2\\\/\",\"url\":\"https:\\\/\\\/riccionepiadina.com\\\/de\\\/kundenservice-2\\\/\",\"name\":\"Kundenservice - Riccione Piadina\",\"isPartOf\":{\"@id\":\"https:\\\/\\\/riccionepiadina.com\\\/de\\\/#website\"},\"datePublished\":\"2023-07-19T16:33:31+00:00\",\"dateModified\":\"2024-03-12T10:14:46+00:00\",\"breadcrumb\":{\"@id\":\"https:\\\/\\\/riccionepiadina.com\\\/de\\\/kundenservice-2\\\/#breadcrumb\"},\"inLanguage\":\"de\",\"potentialAction\":[{\"@type\":\"ReadAction\",\"target\":[\"https:\\\/\\\/riccionepiadina.com\\\/de\\\/kundenservice-2\\\/\"]}]},{\"@type\":\"BreadcrumbList\",\"@id\":\"https:\\\/\\\/riccionepiadina.com\\\/de\\\/kundenservice-2\\\/#breadcrumb\",\"itemListElement\":[{\"@type\":\"ListItem\",\"position\":1,\"name\":\"Home\",\"item\":\"https:\\\/\\\/riccionepiadina.com\\\/de\\\/\"},{\"@type\":\"ListItem\",\"position\":2,\"name\":\"Kundenservice\"}]},{\"@type\":\"WebSite\",\"@id\":\"https:\\\/\\\/riccionepiadina.com\\\/de\\\/#website\",\"url\":\"https:\\\/\\\/riccionepiadina.com\\\/de\\\/\",\"name\":\"Riccione Piadina\",\"description\":\"Riccione Piadina seit mehr als 30 Jahren in der italienischen Piadina Romagnola: Classica, Biologica, Senza Glutine, Integrale und echtes IGP alla Riminese\",\"publisher\":{\"@id\":\"https:\\\/\\\/riccionepiadina.com\\\/de\\\/#organization\"},\"alternateName\":\"Riccione Piadina\",\"potentialAction\":[{\"@type\":\"SearchAction\",\"target\":{\"@type\":\"EntryPoint\",\"urlTemplate\":\"https:\\\/\\\/riccionepiadina.com\\\/de\\\/?s={search_term_string}\"},\"query-input\":{\"@type\":\"PropertyValueSpecification\",\"valueRequired\":true,\"valueName\":\"search_term_string\"}}],\"inLanguage\":\"de\"},{\"@type\":\"Organization\",\"@id\":\"https:\\\/\\\/riccionepiadina.com\\\/de\\\/#organization\",\"name\":\"Riccione S.r.l.\",\"url\":\"https:\\\/\\\/riccionepiadina.com\\\/de\\\/\",\"logo\":{\"@type\":\"ImageObject\",\"inLanguage\":\"de\",\"@id\":\"https:\\\/\\\/riccionepiadina.com\\\/de\\\/#\\\/schema\\\/logo\\\/image\\\/\",\"url\":\"https:\\\/\\\/riccionepiadina.com\\\/wp-content\\\/uploads\\\/2023\\\/05\\\/Riccione-Piadina-produzione-piadine-romagnole-certificate.png\",\"contentUrl\":\"https:\\\/\\\/riccionepiadina.com\\\/wp-content\\\/uploads\\\/2023\\\/05\\\/Riccione-Piadina-produzione-piadine-romagnole-certificate.png\",\"width\":152,\"height\":118,\"caption\":\"Riccione S.r.l.\"},\"image\":{\"@id\":\"https:\\\/\\\/riccionepiadina.com\\\/de\\\/#\\\/schema\\\/logo\\\/image\\\/\"},\"sameAs\":[\"https:\\\/\\\/www.facebook.com\\\/Riccione.Piadina\",\"https:\\\/\\\/www.youtube.com\\\/user\\\/RICCIONEPIADINA\",\"https:\\\/\\\/www.instagram.com\\\/riccionepiadina\\\/\"]}]}<\/script>\n<!-- \/ Yoast SEO plugin. -->","yoast_head_json":{"title":"Kundenservice - Riccione Piadina","robots":{"index":"index","follow":"follow","max-snippet":"max-snippet:-1","max-image-preview":"max-image-preview:large","max-video-preview":"max-video-preview:-1"},"canonical":"https:\/\/riccionepiadina.com\/de\/kundenservice-2\/","og_locale":"de_DE","og_type":"article","og_title":"Kundenservice - Riccione Piadina","og_description":"[vc_row css_animation=&#8220;&#8220; row_type=&#8220;row&#8220; use_row_as_full_screen_section=&#8220;no&#8220; type=&#8220;grid&#8220; angled_section=&#8220;no&#8220; text_align=&#8220;center&#8220; background_image_as_pattern=&#8220;without_pattern&#8220; z_index=&#8220;&#8220; css=&#8220;.vc_custom_1684163230359{padding-top: 100px !important;padding-bottom: 100px !important;}&#8220;][vc_column width=&#8220;1\/6&#8243;][\/vc_column][vc_column...","og_url":"https:\/\/riccionepiadina.com\/de\/kundenservice-2\/","og_site_name":"Riccione Piadina","article_publisher":"https:\/\/www.facebook.com\/Riccione.Piadina","article_modified_time":"2024-03-12T10:14:46+00:00","twitter_card":"summary_large_image","twitter_misc":{"Gesch\u00e4tzte Lesezeit":"1\u00a0Minute"},"schema":{"@context":"https:\/\/schema.org","@graph":[{"@type":"WebPage","@id":"https:\/\/riccionepiadina.com\/de\/kundenservice-2\/","url":"https:\/\/riccionepiadina.com\/de\/kundenservice-2\/","name":"Kundenservice - Riccione Piadina","isPartOf":{"@id":"https:\/\/riccionepiadina.com\/de\/#website"},"datePublished":"2023-07-19T16:33:31+00:00","dateModified":"2024-03-12T10:14:46+00:00","breadcrumb":{"@id":"https:\/\/riccionepiadina.com\/de\/kundenservice-2\/#breadcrumb"},"inLanguage":"de","potentialAction":[{"@type":"ReadAction","target":["https:\/\/riccionepiadina.com\/de\/kundenservice-2\/"]}]},{"@type":"BreadcrumbList","@id":"https:\/\/riccionepiadina.com\/de\/kundenservice-2\/#breadcrumb","itemListElement":[{"@type":"ListItem","position":1,"name":"Home","item":"https:\/\/riccionepiadina.com\/de\/"},{"@type":"ListItem","position":2,"name":"Kundenservice"}]},{"@type":"WebSite","@id":"https:\/\/riccionepiadina.com\/de\/#website","url":"https:\/\/riccionepiadina.com\/de\/","name":"Riccione Piadina","description":"Riccione Piadina seit mehr als 30 Jahren in der italienischen Piadina Romagnola: Classica, Biologica, Senza Glutine, Integrale und echtes IGP alla Riminese","publisher":{"@id":"https:\/\/riccionepiadina.com\/de\/#organization"},"alternateName":"Riccione Piadina","potentialAction":[{"@type":"SearchAction","target":{"@type":"EntryPoint","urlTemplate":"https:\/\/riccionepiadina.com\/de\/?s={search_term_string}"},"query-input":{"@type":"PropertyValueSpecification","valueRequired":true,"valueName":"search_term_string"}}],"inLanguage":"de"},{"@type":"Organization","@id":"https:\/\/riccionepiadina.com\/de\/#organization","name":"Riccione S.r.l.","url":"https:\/\/riccionepiadina.com\/de\/","logo":{"@type":"ImageObject","inLanguage":"de","@id":"https:\/\/riccionepiadina.com\/de\/#\/schema\/logo\/image\/","url":"https:\/\/riccionepiadina.com\/wp-content\/uploads\/2023\/05\/Riccione-Piadina-produzione-piadine-romagnole-certificate.png","contentUrl":"https:\/\/riccionepiadina.com\/wp-content\/uploads\/2023\/05\/Riccione-Piadina-produzione-piadine-romagnole-certificate.png","width":152,"height":118,"caption":"Riccione S.r.l."},"image":{"@id":"https:\/\/riccionepiadina.com\/de\/#\/schema\/logo\/image\/"},"sameAs":["https:\/\/www.facebook.com\/Riccione.Piadina","https:\/\/www.youtube.com\/user\/RICCIONEPIADINA","https:\/\/www.instagram.com\/riccionepiadina\/"]}]}},"_links":{"self":[{"href":"https:\/\/riccionepiadina.com\/de\/wp-json\/wp\/v2\/pages\/5738","targetHints":{"allow":["GET"]}}],"collection":[{"href":"https:\/\/riccionepiadina.com\/de\/wp-json\/wp\/v2\/pages"}],"about":[{"href":"https:\/\/riccionepiadina.com\/de\/wp-json\/wp\/v2\/types\/page"}],"author":[{"embeddable":true,"href":"https:\/\/riccionepiadina.com\/de\/wp-json\/wp\/v2\/users\/1"}],"replies":[{"embeddable":true,"href":"https:\/\/riccionepiadina.com\/de\/wp-json\/wp\/v2\/comments?post=5738"}],"version-history":[{"count":4,"href":"https:\/\/riccionepiadina.com\/de\/wp-json\/wp\/v2\/pages\/5738\/revisions"}],"predecessor-version":[{"id":6821,"href":"https:\/\/riccionepiadina.com\/de\/wp-json\/wp\/v2\/pages\/5738\/revisions\/6821"}],"wp:attachment":[{"href":"https:\/\/riccionepiadina.com\/de\/wp-json\/wp\/v2\/media?parent=5738"}],"curies":[{"name":"wp","href":"https:\/\/api.w.org\/{rel}","templated":true}]}}