{"id":5755,"date":"2023-10-28T16:02:50","date_gmt":"2023-10-28T16:02:50","guid":{"rendered":"https:\/\/riccionepiadina.com\/30-gemeinsame-jahre\/"},"modified":"2024-03-12T14:58:05","modified_gmt":"2024-03-12T14:58:05","slug":"30-gemeinsame-jahre","status":"publish","type":"page","link":"https:\/\/riccionepiadina.com\/de\/ueber-uns\/30-gemeinsame-jahre\/","title":{"rendered":"30 gemeinsame Jahre"},"content":{"rendered":"<section class=\"wpb-content-wrapper\"><p>[vc_row css_animation=&#8220;&#8220; row_type=&#8220;row&#8220; use_row_as_full_screen_section=&#8220;no&#8220; type=&#8220;full_width&#8220; angled_section=&#8220;no&#8220; text_align=&#8220;left&#8220; background_image_as_pattern=&#8220;without_pattern&#8220; z_index=&#8220;&#8220;][vc_column width=&#8220;1\/2&#8243;][qode_elements_holder number_of_columns=&#8220;one_column&#8220; switch_to_one_column=&#8220;1300&#8243;][qode_elements_holder_item vertical_alignment=&#8220;top&#8220; advanced_animations=&#8220;no&#8220; item_padding=&#8220;5% 10% 5% 10%&#8220; item_padding_600_768=&#8220;30px 20px 30px 20px&#8220; item_padding_480_600=&#8220;30px 20px 30px 20px&#8220; item_padding_480=&#8220;30px 20px 30px 20px&#8220;][vc_single_image image=&#8220;4229&#8243; img_size=&#8220;medium&#8220; qode_css_animation=&#8220;&#8220;][vc_empty_space height=&#8220;30px&#8220;][vc_column_text]<\/p>\n<h1>30 gemeinsame Jahre<\/h1>\n<p>[\/vc_column_text][vc_empty_space height=&#8220;30px&#8220;][vc_column_text]<em>Als du den Ball zum ersten Mal geschossen hast&#8230;<\/em><br \/>\n<em>Als du in der Schule zusammen mit mir dein Pausenbrot gegessen hast&#8230;<\/em><br \/>\n<em>Als du eine schlechte Note bekommen hast und ich dich getr\u00f6stet habe&#8230;<\/em><br \/>\n<em>Als deine Mama dich \u00fcberraschen wollte&#8230;<\/em><br \/>\n<em>Als du sie deinem Opa aus Mailand hast probieren lassen und sie zu seinem\u2028Lieblingsgericht geworden ist&#8230;<\/em><br \/>\n<em>Als du die Sonntage mit deiner Familie und deinen Lieben verbracht hast&#8230;<\/em>[\/vc_column_text][vc_empty_space height=&#8220;30px&#8220;][vc_column_text]<em>Als du ihr Herz mit einer Piadina erobert hast&#8230;<\/em><br \/>\n<em>Als sie dich zum L\u00e4cheln brachte, obwohl du traurig warst&#8230;<\/em><br \/>\n<em>Als du Lust zum Feiern hattest&#8230;<\/em><br \/>\n<em>Als sie dich nach deinem ersten Liebeskummer getr\u00f6stet hat&#8230;<\/em><br \/>\n<em>Als sie dich bei schlechtem Wetter an deinen Sommer erinnert hat&#8230;<\/em><br \/>\n<em>Als du einen Aperitif mit Sand unter den F\u00fc\u00dfen genossen hast&#8230;<\/em><br \/>\n<em>Als du nicht wusstest, was du essen solltest, und mich im K\u00fchlschrank gefunden hast&#8230;<\/em><br \/>\n<em>Als du aus der Diskothek gekommen bist und gro\u00dfen Hunger hattest&#8230;<\/em>[\/vc_column_text][vc_empty_space height=&#8220;30px&#8220;][vc_column_text]<em>Als du 2006 die Fu\u00dfball-Weltmeisterschaft mit uns gefeiert hast&#8230;<\/em><br \/>\n<em>Als du sie deinem Kind zum Probieren gegeben hast&#8230;<\/em><br \/>\n<em>Als du Romagna besucht hast&#8230;<\/em><br \/>\n<em>Als du deine Freunde \u00fcberrascht hast&#8230;<\/em><br \/>\n<em>Als du dein Lieblingslied geh\u00f6rt hast&#8230;<\/em><br \/>\n<em>Als du an deinen Urlaub in Romagna gedacht hast&#8230;<\/em><br \/>\n<em>und immer dann, wenn du gemeinsam mit mir emotional geworden bist,<br \/>\ndenn dir ist es zu verdanken, dass diese Magie jeden Tag aufs Neue passiert.<\/em>[\/vc_column_text][vc_empty_space height=&#8220;30px&#8220;][vc_column_text]<\/p>\n<h2><i>&#8230; die Piadina ist ein Gem\u00fctszustand.<\/i><\/h2>\n<p>[\/vc_column_text][\/qode_elements_holder_item][\/qode_elements_holder][\/vc_column][vc_column width=&#8220;1\/2&#8243;][vc_empty_space height=&#8220;52px&#8220;][vc_single_image image=&#8220;4074&#8243; img_size=&#8220;full&#8220; qode_css_animation=&#8220;&#8220;][vc_empty_space][vc_single_image image=&#8220;4048&#8243; img_size=&#8220;full&#8220; qode_css_animation=&#8220;&#8220;][\/vc_column][\/vc_row][vc_row css_animation=&#8220;&#8220; row_type=&#8220;row&#8220; use_row_as_full_screen_section=&#8220;no&#8220; type=&#8220;full_width&#8220; angled_section=&#8220;no&#8220; text_align=&#8220;left&#8220; background_image_as_pattern=&#8220;without_pattern&#8220; z_index=&#8220;&#8220;][vc_column][qode_elements_holder number_of_columns=&#8220;two_columns&#8220; switch_to_one_column=&#8220;1300&#8243;][qode_elements_holder_item vertical_alignment=&#8220;middle&#8220; advanced_animations=&#8220;no&#8220;]\n\t\t\t<!-- START Romagna in tutti i sensi REVOLUTION SLIDER 6.7.38 --><p class=\"rs-p-wp-fix\"><\/p>\n\t\t\t<rs-module-wrap id=\"rev_slider_10_1_wrapper\" data-source=\"gallery\" style=\"visibility:hidden;background:transparent;padding:0;margin:0px auto;margin-top:0;margin-bottom:0;\">\n\t\t\t\t<rs-module id=\"rev_slider_10_1\" style=\"\" data-version=\"6.7.38\">\n\t\t\t\t\t<rs-slides style=\"overflow: hidden; position: absolute;\">\n\t\t\t\t\t\t<rs-slide style=\"position: absolute;\" data-key=\"rs-36\" data-title=\"Slide\" data-in=\"o:0;\" data-out=\"a:false;\">\n\t\t\t\t\t\t\t<img decoding=\"async\" src=\"\/\/riccionepiadina.com\/wp-content\/plugins\/revslider\/sr6\/assets\/assets\/dummy.png\" alt=\"\" title=\"30 gemeinsame Jahre\" class=\"rev-slidebg tp-rs-img rs-lazyload\" data-lazyload=\"\/\/i.vimeocdn.com\/video\/1667236074-bf71cf8e45684d19ea78084b93445f90527ced3c239033046ed62f62fdadc448-d_640\" data-parallax=\"off\" data-no-retina>\n\t\t\t\t\t\t\t<rs-bgvideo \n\t\t\t\t\t\t\t\tdata-video=\"vc:none;w:100%;h:100%;nse:false;l:true;ptimer:false;\"\n\t\t\t\t\t\t\t\tdata-vimeoid=\"825053544\"\n\t\t\t\t\t\t\t\tdata-vatr=\"background=1&amp;dnt=true\"\n\t\t\t\t\t\t\t><\/rs-bgvideo>\n<!---->\t\t\t\t\t<\/rs-slide>\n\t\t\t\t\t<\/rs-slides>\n\t\t\t\t<\/rs-module>\n\t\t\t\t<script>\n\t\t\t\t\tsetREVStartSize({c: 'rev_slider_10_1',rl:[1240,1024,778,480],el:[900],gw:[1240],gh:[900],type:'hero',justify:'',layout:'fullwidth',mh:\"0\"});if (window.RS_MODULES!==undefined && window.RS_MODULES.modules!==undefined && window.RS_MODULES.modules[\"revslider101\"]!==undefined) {window.RS_MODULES.modules[\"revslider101\"].once = false;window.revapi10 = undefined;if (window.RS_MODULES.checkMinimal!==undefined) window.RS_MODULES.checkMinimal()}\n\t\t\t\t<\/script>\n\t\t\t<\/rs-module-wrap>\n\t\t\t<!-- END REVOLUTION SLIDER -->\n[\/qode_elements_holder_item][qode_elements_holder_item vertical_alignment=&#8220;middle&#8220; advanced_animations=&#8220;no&#8220; item_padding=&#8220;15% 10% 15% 10%&#8220; background_color=&#8220;#ff8a00&#8243; item_padding_600_768=&#8220;30px 20px 30px 20px&#8220; item_padding_480_600=&#8220;30px 20px 30px 20px&#8220; item_padding_480=&#8220;30px 20px 30px 20px&#8220;][vc_column_text]<\/p>\n<h1><span style=\"color: #ffffff;\">Romagna in jeder Hinsicht<\/span><\/h1>\n<p>[\/vc_column_text][vc_empty_space height=&#8220;30px&#8220;][vc_column_text]<span style=\"color: #ffffff;\">Bei Riccione Piadina treffen Kultur, Aromen und Geschichte aufeinander, um Erinnerungen zu schaffen.<\/span>[\/vc_column_text][vc_empty_space height=&#8220;30px&#8220;]<a  itemprop=\"url\" href=\"\/de\/ueber-uns\/\" target=\"_self\"  class=\"qbutton  white default\" style=\"\">Mehr erfahren<\/a>[\/qode_elements_holder_item][\/qode_elements_holder][\/vc_column][\/vc_row][vc_row css_animation=&#8220;&#8220; row_type=&#8220;row&#8220; use_row_as_full_screen_section=&#8220;no&#8220; type=&#8220;full_width&#8220; angled_section=&#8220;no&#8220; text_align=&#8220;left&#8220; background_image_as_pattern=&#8220;without_pattern&#8220; z_index=&#8220;&#8220;][vc_column][qode_elements_holder number_of_columns=&#8220;two_columns&#8220; switch_to_one_column=&#8220;1300&#8243;][qode_elements_holder_item vertical_alignment=&#8220;top&#8220; advanced_animations=&#8220;no&#8220; item_padding=&#8220;10% 15% 10% 15%&#8220; background_color=&#8220;#f6eee3&#8243;][vc_column_text]<\/p>\n<h3>Der Geschmack vorab<\/h3>\n<p>[\/vc_column_text][vc_empty_space][vc_column_text]Abonnieren Sie jetzt unseren Newsletter und Sie erhalten die neuesten News, die besten Rezepte und die exklusivsten Angebote.[\/vc_column_text][vc_empty_space][vc_column_text]<\/p>\n<p class=\"p1\"><span class=\"s1\">\n\t\t\t<form id=\"sib_signup_form_1\" method=\"post\" class=\"sib_signup_form\">\n\t\t\t\t<div class=\"sib_loader\" style=\"display:none;\"><img\n\t\t\t\t\t\t\tsrc=\"https:\/\/riccionepiadina.com\/wp-includes\/images\/spinner.gif\" alt=\"loader\"><\/div>\n\t\t\t\t<input type=\"hidden\" name=\"sib_form_action\" value=\"subscribe_form_submit\">\n\t\t\t\t<input type=\"hidden\" name=\"sib_form_id\" value=\"1\">\n                <input type=\"hidden\" name=\"sib_form_alert_notice\" value=\"Ti preghiamo di compilare tutti i campi richiesti\">\n                <input type=\"hidden\" name=\"sib_form_invalid_email_notice\" value=\"L&#039;indirizzo email non \u00e8 valido\">\n                <input type=\"hidden\" name=\"sib_security\" value=\"de112bd69c\">\n\t\t\t\t<div class=\"sib_signup_box_inside_1\">\n\t\t\t\t\t<div style=\"\/*display:none*\/\" class=\"sib_msg_disp\">\n\t\t\t\t\t<\/div>\n                    \t\t\t\t\t  <div class=\"two-columns\">\r\n<div class=\"column\">\r\n    <input type=\"email\" name=\"email\" class=\"wpcf7-form-control wpcf7-text wpcf7-email wpcf7-validates-as-required wpcf7-validates-as-email\" placeholder=\"Inserisci la tua email\">\r\n  <\/div>\r\n  <div class=\"column\">\r\n      <input type=\"submit\" class=\"qbutton\" value=\"Iscriviti\">\r\n  <\/div>\r\n<\/div>\r\n\r\n<div style=\"text-align:left;padding-top:35px\"><input type=\"checkbox\" name=\"terms\" required=\"required\"> Dichiaro di aver preso visione della privacy e cookie policy di <a href=\"https:\/\/riccionepiadina.com\" target=\"_self\">Riccione S.r.l.<\/a> <\/div>\r\n\r\n<style>\r\n.two-columns {\r\n  display: flex;\r\n  flex-direction: row;\r\n  flex-wrap: wrap;\r\n}\r\n\r\n.column {\r\n  flex: 1;\r\n  max-width: 70%;\r\n  padding-right: 10px;\r\n}\r\n\r\n.clearfix:after {\r\n  content: \"\";\r\n  clear: both;\r\n  display: block;\r\n}\r\n\r\n\r\n<\/style>\t\t\t\t<\/div>\n\t\t\t<\/form>\n\t\t\t<style>\n\t\t\t\tform#sib_signup_form_1 p.sib-alert-message {\n    padding: 6px 12px;\n    margin-bottom: 20px;\n    border: 1px solid transparent;\n    border-radius: 4px;\n    -webkit-box-sizing: border-box;\n    -moz-box-sizing: border-box;\n    box-sizing: border-box;\n}\nform#sib_signup_form_1 p.sib-alert-message-error {\n    background-color: #f2dede;\n    border-color: #ebccd1;\n    color: #a94442;\n}\nform#sib_signup_form_1 p.sib-alert-message-success {\n    background-color: #dff0d8;\n    border-color: #d6e9c6;\n    color: #3c763d;\n}\nform#sib_signup_form_1 p.sib-alert-message-warning {\n    background-color: #fcf8e3;\n    border-color: #faebcc;\n    color: #8a6d3b;\n}\n\t\t\t<\/style>\n\t\t\t<\/span><\/p>\n<p>[\/vc_column_text][vc_empty_space][\/qode_elements_holder_item][qode_elements_holder_item vertical_alignment=&#8220;top&#8220; advanced_animations=&#8220;no&#8220; item_padding=&#8220;10% 15% 10% 15%&#8220; background_color=&#8220;#fdf5ea&#8220;][vc_column_text]<\/p>\n<h3>Mehr als ein Benutzeraccount<\/h3>\n<p>[\/vc_column_text][vc_empty_space][vc_column_text]Reservierter Bereich f\u00fcr Profis, wir arbeiten zusammen, damit Ihr Gesch\u00e4ft w\u00e4chst.[\/vc_column_text][vc_empty_space]<a  itemprop=\"url\" href=\"\/de\/login\" target=\"_self\"  class=\"qbutton  default\" style=\"\">Anmelden<\/a>[vc_empty_space][vc_column_text]Wenn Sie noch keine Zugangsdaten haben, <a href=\"https:\/\/riccionepiadina.com\/de\/anmelden\/\">registrieren Sie sich<\/a> jetzt.[\/vc_column_text][\/qode_elements_holder_item][\/qode_elements_holder][\/vc_column][\/vc_row]<\/p>\n<\/section>","protected":false},"excerpt":{"rendered":"<p>[vc_row css_animation=&#8220;&#8220; row_type=&#8220;row&#8220; use_row_as_full_screen_section=&#8220;no&#8220; type=&#8220;full_width&#8220; angled_section=&#8220;no&#8220; text_align=&#8220;left&#8220; background_image_as_pattern=&#8220;without_pattern&#8220; z_index=&#8220;&#8220;][vc_column width=&#8220;1\/2&#8243;][qode_elements_holder number_of_columns=&#8220;one_column&#8220; switch_to_one_column=&#8220;1300&#8243;][qode_elements_holder_item vertical_alignment=&#8220;top&#8220; advanced_animations=&#8220;no&#8220; item_padding=&#8220;5%&#8230;<\/p>\n","protected":false},"author":1,"featured_media":0,"parent":5207,"menu_order":0,"comment_status":"closed","ping_status":"closed","template":"full_width.php","meta":{"footnotes":""},"class_list":["post-5755","page","type-page","status-publish","hentry"],"yoast_head":"<!-- This site is optimized with the Yoast SEO plugin v27.4 - https:\/\/yoast.com\/product\/yoast-seo-wordpress\/ -->\n<title>30 gemeinsame Jahre - Riccione Piadina<\/title>\n<meta name=\"robots\" content=\"index, follow, max-snippet:-1, max-image-preview:large, max-video-preview:-1\" \/>\n<link rel=\"canonical\" href=\"https:\/\/riccionepiadina.com\/de\/ueber-uns\/30-gemeinsame-jahre\/\" \/>\n<meta property=\"og:locale\" content=\"de_DE\" \/>\n<meta property=\"og:type\" content=\"article\" \/>\n<meta property=\"og:title\" content=\"30 gemeinsame Jahre - Riccione Piadina\" \/>\n<meta property=\"og:description\" content=\"[vc_row css_animation=&#8220;&#8220; row_type=&#8220;row&#8220; use_row_as_full_screen_section=&#8220;no&#8220; type=&#8220;full_width&#8220; angled_section=&#8220;no&#8220; text_align=&#8220;left&#8220; background_image_as_pattern=&#8220;without_pattern&#8220; z_index=&#8220;&#8220;][vc_column width=&#8220;1\/2&#8243;][qode_elements_holder number_of_columns=&#8220;one_column&#8220; switch_to_one_column=&#8220;1300&#8243;][qode_elements_holder_item vertical_alignment=&#8220;top&#8220; advanced_animations=&#8220;no&#8220; item_padding=&#8220;5%...\" \/>\n<meta property=\"og:url\" content=\"https:\/\/riccionepiadina.com\/de\/ueber-uns\/30-gemeinsame-jahre\/\" \/>\n<meta property=\"og:site_name\" content=\"Riccione Piadina\" \/>\n<meta property=\"article:publisher\" content=\"https:\/\/www.facebook.com\/Riccione.Piadina\" \/>\n<meta property=\"article:modified_time\" content=\"2024-03-12T14:58:05+00:00\" \/>\n<meta name=\"twitter:card\" content=\"summary_large_image\" \/>\n<meta name=\"twitter:label1\" content=\"Gesch\u00e4tzte Lesezeit\" \/>\n\t<meta name=\"twitter:data1\" content=\"3\u00a0Minuten\" \/>\n<script type=\"application\/ld+json\" class=\"yoast-schema-graph\">{\"@context\":\"https:\\\/\\\/schema.org\",\"@graph\":[{\"@type\":\"WebPage\",\"@id\":\"https:\\\/\\\/riccionepiadina.com\\\/de\\\/ueber-uns\\\/30-gemeinsame-jahre\\\/\",\"url\":\"https:\\\/\\\/riccionepiadina.com\\\/de\\\/ueber-uns\\\/30-gemeinsame-jahre\\\/\",\"name\":\"30 gemeinsame Jahre - Riccione Piadina\",\"isPartOf\":{\"@id\":\"https:\\\/\\\/riccionepiadina.com\\\/de\\\/#website\"},\"datePublished\":\"2023-10-28T16:02:50+00:00\",\"dateModified\":\"2024-03-12T14:58:05+00:00\",\"breadcrumb\":{\"@id\":\"https:\\\/\\\/riccionepiadina.com\\\/de\\\/ueber-uns\\\/30-gemeinsame-jahre\\\/#breadcrumb\"},\"inLanguage\":\"de\",\"potentialAction\":[{\"@type\":\"ReadAction\",\"target\":[\"https:\\\/\\\/riccionepiadina.com\\\/de\\\/ueber-uns\\\/30-gemeinsame-jahre\\\/\"]}]},{\"@type\":\"BreadcrumbList\",\"@id\":\"https:\\\/\\\/riccionepiadina.com\\\/de\\\/ueber-uns\\\/30-gemeinsame-jahre\\\/#breadcrumb\",\"itemListElement\":[{\"@type\":\"ListItem\",\"position\":1,\"name\":\"Home\",\"item\":\"https:\\\/\\\/riccionepiadina.com\\\/de\\\/\"},{\"@type\":\"ListItem\",\"position\":2,\"name\":\"30 gemeinsame Jahre\"}]},{\"@type\":\"WebSite\",\"@id\":\"https:\\\/\\\/riccionepiadina.com\\\/de\\\/#website\",\"url\":\"https:\\\/\\\/riccionepiadina.com\\\/de\\\/\",\"name\":\"Riccione Piadina\",\"description\":\"Riccione Piadina seit mehr als 30 Jahren in der italienischen Piadina Romagnola: Classica, Biologica, Senza Glutine, Integrale und echtes IGP alla Riminese\",\"publisher\":{\"@id\":\"https:\\\/\\\/riccionepiadina.com\\\/de\\\/#organization\"},\"alternateName\":\"Riccione Piadina\",\"potentialAction\":[{\"@type\":\"SearchAction\",\"target\":{\"@type\":\"EntryPoint\",\"urlTemplate\":\"https:\\\/\\\/riccionepiadina.com\\\/de\\\/?s={search_term_string}\"},\"query-input\":{\"@type\":\"PropertyValueSpecification\",\"valueRequired\":true,\"valueName\":\"search_term_string\"}}],\"inLanguage\":\"de\"},{\"@type\":\"Organization\",\"@id\":\"https:\\\/\\\/riccionepiadina.com\\\/de\\\/#organization\",\"name\":\"Riccione S.r.l.\",\"url\":\"https:\\\/\\\/riccionepiadina.com\\\/de\\\/\",\"logo\":{\"@type\":\"ImageObject\",\"inLanguage\":\"de\",\"@id\":\"https:\\\/\\\/riccionepiadina.com\\\/de\\\/#\\\/schema\\\/logo\\\/image\\\/\",\"url\":\"https:\\\/\\\/riccionepiadina.com\\\/wp-content\\\/uploads\\\/2023\\\/05\\\/Riccione-Piadina-produzione-piadine-romagnole-certificate.png\",\"contentUrl\":\"https:\\\/\\\/riccionepiadina.com\\\/wp-content\\\/uploads\\\/2023\\\/05\\\/Riccione-Piadina-produzione-piadine-romagnole-certificate.png\",\"width\":152,\"height\":118,\"caption\":\"Riccione S.r.l.\"},\"image\":{\"@id\":\"https:\\\/\\\/riccionepiadina.com\\\/de\\\/#\\\/schema\\\/logo\\\/image\\\/\"},\"sameAs\":[\"https:\\\/\\\/www.facebook.com\\\/Riccione.Piadina\",\"https:\\\/\\\/www.youtube.com\\\/user\\\/RICCIONEPIADINA\",\"https:\\\/\\\/www.instagram.com\\\/riccionepiadina\\\/\"]}]}<\/script>\n<!-- \/ Yoast SEO plugin. -->","yoast_head_json":{"title":"30 gemeinsame Jahre - Riccione Piadina","robots":{"index":"index","follow":"follow","max-snippet":"max-snippet:-1","max-image-preview":"max-image-preview:large","max-video-preview":"max-video-preview:-1"},"canonical":"https:\/\/riccionepiadina.com\/de\/ueber-uns\/30-gemeinsame-jahre\/","og_locale":"de_DE","og_type":"article","og_title":"30 gemeinsame Jahre - Riccione Piadina","og_description":"[vc_row css_animation=&#8220;&#8220; row_type=&#8220;row&#8220; use_row_as_full_screen_section=&#8220;no&#8220; type=&#8220;full_width&#8220; angled_section=&#8220;no&#8220; text_align=&#8220;left&#8220; background_image_as_pattern=&#8220;without_pattern&#8220; z_index=&#8220;&#8220;][vc_column width=&#8220;1\/2&#8243;][qode_elements_holder number_of_columns=&#8220;one_column&#8220; switch_to_one_column=&#8220;1300&#8243;][qode_elements_holder_item vertical_alignment=&#8220;top&#8220; advanced_animations=&#8220;no&#8220; item_padding=&#8220;5%...","og_url":"https:\/\/riccionepiadina.com\/de\/ueber-uns\/30-gemeinsame-jahre\/","og_site_name":"Riccione Piadina","article_publisher":"https:\/\/www.facebook.com\/Riccione.Piadina","article_modified_time":"2024-03-12T14:58:05+00:00","twitter_card":"summary_large_image","twitter_misc":{"Gesch\u00e4tzte Lesezeit":"3\u00a0Minuten"},"schema":{"@context":"https:\/\/schema.org","@graph":[{"@type":"WebPage","@id":"https:\/\/riccionepiadina.com\/de\/ueber-uns\/30-gemeinsame-jahre\/","url":"https:\/\/riccionepiadina.com\/de\/ueber-uns\/30-gemeinsame-jahre\/","name":"30 gemeinsame Jahre - Riccione Piadina","isPartOf":{"@id":"https:\/\/riccionepiadina.com\/de\/#website"},"datePublished":"2023-10-28T16:02:50+00:00","dateModified":"2024-03-12T14:58:05+00:00","breadcrumb":{"@id":"https:\/\/riccionepiadina.com\/de\/ueber-uns\/30-gemeinsame-jahre\/#breadcrumb"},"inLanguage":"de","potentialAction":[{"@type":"ReadAction","target":["https:\/\/riccionepiadina.com\/de\/ueber-uns\/30-gemeinsame-jahre\/"]}]},{"@type":"BreadcrumbList","@id":"https:\/\/riccionepiadina.com\/de\/ueber-uns\/30-gemeinsame-jahre\/#breadcrumb","itemListElement":[{"@type":"ListItem","position":1,"name":"Home","item":"https:\/\/riccionepiadina.com\/de\/"},{"@type":"ListItem","position":2,"name":"30 gemeinsame Jahre"}]},{"@type":"WebSite","@id":"https:\/\/riccionepiadina.com\/de\/#website","url":"https:\/\/riccionepiadina.com\/de\/","name":"Riccione Piadina","description":"Riccione Piadina seit mehr als 30 Jahren in der italienischen Piadina Romagnola: Classica, Biologica, Senza Glutine, Integrale und echtes IGP alla Riminese","publisher":{"@id":"https:\/\/riccionepiadina.com\/de\/#organization"},"alternateName":"Riccione Piadina","potentialAction":[{"@type":"SearchAction","target":{"@type":"EntryPoint","urlTemplate":"https:\/\/riccionepiadina.com\/de\/?s={search_term_string}"},"query-input":{"@type":"PropertyValueSpecification","valueRequired":true,"valueName":"search_term_string"}}],"inLanguage":"de"},{"@type":"Organization","@id":"https:\/\/riccionepiadina.com\/de\/#organization","name":"Riccione S.r.l.","url":"https:\/\/riccionepiadina.com\/de\/","logo":{"@type":"ImageObject","inLanguage":"de","@id":"https:\/\/riccionepiadina.com\/de\/#\/schema\/logo\/image\/","url":"https:\/\/riccionepiadina.com\/wp-content\/uploads\/2023\/05\/Riccione-Piadina-produzione-piadine-romagnole-certificate.png","contentUrl":"https:\/\/riccionepiadina.com\/wp-content\/uploads\/2023\/05\/Riccione-Piadina-produzione-piadine-romagnole-certificate.png","width":152,"height":118,"caption":"Riccione S.r.l."},"image":{"@id":"https:\/\/riccionepiadina.com\/de\/#\/schema\/logo\/image\/"},"sameAs":["https:\/\/www.facebook.com\/Riccione.Piadina","https:\/\/www.youtube.com\/user\/RICCIONEPIADINA","https:\/\/www.instagram.com\/riccionepiadina\/"]}]}},"_links":{"self":[{"href":"https:\/\/riccionepiadina.com\/de\/wp-json\/wp\/v2\/pages\/5755","targetHints":{"allow":["GET"]}}],"collection":[{"href":"https:\/\/riccionepiadina.com\/de\/wp-json\/wp\/v2\/pages"}],"about":[{"href":"https:\/\/riccionepiadina.com\/de\/wp-json\/wp\/v2\/types\/page"}],"author":[{"embeddable":true,"href":"https:\/\/riccionepiadina.com\/de\/wp-json\/wp\/v2\/users\/1"}],"replies":[{"embeddable":true,"href":"https:\/\/riccionepiadina.com\/de\/wp-json\/wp\/v2\/comments?post=5755"}],"version-history":[{"count":8,"href":"https:\/\/riccionepiadina.com\/de\/wp-json\/wp\/v2\/pages\/5755\/revisions"}],"predecessor-version":[{"id":6974,"href":"https:\/\/riccionepiadina.com\/de\/wp-json\/wp\/v2\/pages\/5755\/revisions\/6974"}],"up":[{"embeddable":true,"href":"https:\/\/riccionepiadina.com\/de\/wp-json\/wp\/v2\/pages\/5207"}],"wp:attachment":[{"href":"https:\/\/riccionepiadina.com\/de\/wp-json\/wp\/v2\/media?parent=5755"}],"curies":[{"name":"wp","href":"https:\/\/api.w.org\/{rel}","templated":true}]}}