{"id":4618,"date":"2023-05-24T12:56:19","date_gmt":"2023-05-24T12:56:19","guid":{"rendered":"https:\/\/riccionepiadina.com\/les-matieres-premieres\/sel\/"},"modified":"2024-03-12T16:20:38","modified_gmt":"2024-03-12T16:20:38","slug":"sel","status":"publish","type":"page","link":"https:\/\/riccionepiadina.com\/fr\/les-matieres-premieres\/sel\/","title":{"rendered":"Sel"},"content":{"rendered":"<section class=\"wpb-content-wrapper\"><p>[vc_row css_animation=\u00a0\u00bb\u00a0\u00bb row_type=\u00a0\u00bbrow\u00a0\u00bb use_row_as_full_screen_section=\u00a0\u00bbno\u00a0\u00bb type=\u00a0\u00bbfull_width\u00a0\u00bb angled_section=\u00a0\u00bbno\u00a0\u00bb text_align=\u00a0\u00bbleft\u00a0\u00bb background_image_as_pattern=\u00a0\u00bbwithout_pattern\u00a0\u00bb z_index=\u00a0\u00bb\u00a0\u00bb][vc_column][qode_elements_holder number_of_columns=\u00a0\u00bbtwo_columns\u00a0\u00bb switch_to_one_column=\u00a0\u00bb1300&Prime;][qode_elements_holder_item vertical_alignment=\u00a0\u00bbmiddle\u00a0\u00bb advanced_animations=\u00a0\u00bbno\u00a0\u00bb item_padding=\u00a0\u00bb15% 10% 15% 10%\u00a0\u00bb background_color=\u00a0\u00bb#fdf5ea\u00a0\u00bb item_padding_600_768=\u00a0\u00bb30px 20px 30px 20px\u00a0\u00bb item_padding_480_600=\u00a0\u00bb30px 20px 30px 20px\u00a0\u00bb item_padding_480=\u00a0\u00bb30px 20px 30px 20px\u00a0\u00bb][vc_column_text]<\/p>\n<h1>Du sel italien trait\u00e9 avec soin<\/h1>\n<p>[\/vc_column_text][vc_empty_space][vc_column_text]Nous choisissons du <strong>sel italien<\/strong> de Sardaigne parce que nous croyons en nos <strong>\u00e9conomies locales<\/strong>, toujours s\u00fbres et garanties.[\/vc_column_text][vc_column_text]Le sel marin que nous utilisons pour la piadina romagnole contient des substances indispensables au bon fonctionnement de l&rsquo;organisme humain, parfaitement \u00e9quilibr\u00e9es entre elles, comme le <strong>sodium<\/strong>, le <strong>magn\u00e9sium<\/strong>, le <strong>calcium<\/strong>, le <strong>potassium<\/strong>, etc.[\/vc_column_text][vc_column_text]Nous souhaitons permettre \u00e0 chacun de d\u00e9couvrir les bienfaits de cet extraordinaire fruit de la terre, qui pousse dans le sol typique de la Romagne, humide et doux, proche de la mer, qui nous fournit l&rsquo;ingr\u00e9dient principal de la <strong>v\u00e9ritable piadina romagnole<\/strong>.[\/vc_column_text][vc_empty_space]<a  itemprop=\"url\" href=\"\/fr\/nos-produits\/\" target=\"_self\"  class=\"qbutton  default\" style=\"\">Parcourez les cat\u00e9gories de produits<\/a>[\/qode_elements_holder_item][qode_elements_holder_item cover=\u00a0\u00bbyes\u00a0\u00bb vertical_alignment=\u00a0\u00bbmiddle\u00a0\u00bb advanced_animations=\u00a0\u00bbno\u00a0\u00bb item_padding=\u00a0\u00bb20% 10% 20% 10%\u00a0\u00bb background_image=\u00a0\u00bb2552&Prime; item_padding_600_768=\u00a0\u00bb160px 10px 160px 10px\u00a0\u00bb item_padding_480_600=\u00a0\u00bb160px 10px 160px 10px\u00a0\u00bb item_padding_480=\u00a0\u00bb160px 10px 160px 10px\u00a0\u00bb item_padding_768_1024=\u00a0\u00bb270px 10px 270px 10px\u00a0\u00bb][\/qode_elements_holder_item][\/qode_elements_holder][\/vc_column][\/vc_row][vc_row css_animation=\u00a0\u00bb\u00a0\u00bb row_type=\u00a0\u00bbrow\u00a0\u00bb use_row_as_full_screen_section=\u00a0\u00bbno\u00a0\u00bb type=\u00a0\u00bbfull_width\u00a0\u00bb angled_section=\u00a0\u00bbno\u00a0\u00bb text_align=\u00a0\u00bbleft\u00a0\u00bb background_image_as_pattern=\u00a0\u00bbwithout_pattern\u00a0\u00bb z_index=\u00a0\u00bb\u00a0\u00bb][vc_column][qode_elements_holder number_of_columns=\u00a0\u00bbtwo_columns\u00a0\u00bb switch_to_one_column=\u00a0\u00bb1300&Prime;][qode_elements_holder_item cover=\u00a0\u00bbyes\u00a0\u00bb vertical_alignment=\u00a0\u00bbmiddle\u00a0\u00bb advanced_animations=\u00a0\u00bbno\u00a0\u00bb background_image=\u00a0\u00bb1460&Prime; item_padding=\u00a0\u00bb20% 10% 20% 10%\u00a0\u00bb item_padding_768_1024=\u00a0\u00bb270px 10px 270px 10px\u00a0\u00bb item_padding_600_768=\u00a0\u00bb160px 10px 160px 10px\u00a0\u00bb item_padding_480_600=\u00a0\u00bb160px 10px 160px 10px\u00a0\u00bb item_padding_480=\u00a0\u00bb160px 10px 160px 10px\u00a0\u00bb][\/qode_elements_holder_item][qode_elements_holder_item vertical_alignment=\u00a0\u00bbmiddle\u00a0\u00bb advanced_animations=\u00a0\u00bbno\u00a0\u00bb item_padding=\u00a0\u00bb15% 10% 15% 10%\u00a0\u00bb item_padding_600_768=\u00a0\u00bb30px 20px 30px 20px\u00a0\u00bb item_padding_480_600=\u00a0\u00bb30px 20px 30px 20px\u00a0\u00bb item_padding_480=\u00a0\u00bb30px 20px 30px 20px\u00a0\u00bb][vc_column_text]<\/p>\n<h1>Sel de Sardaigne<\/h1>\n<p>[\/vc_column_text][vc_empty_space][vc_column_text]La&nbsp;<strong>Sardaigne<\/strong> est l&rsquo;une des principales r\u00e9gions productrices de sel marin. D\u2019anciennes traditions transmises depuis des ann\u00e9es pour apporter \u00e0 votre table la saveur authentique de la terre sarde.[\/vc_column_text][vc_column_text]Produit naturel extrait par \u00e9vaporation de l&rsquo;eau de mer, il conserve la saveur originale de la <strong>mer de Sardaigne<\/strong>. Le produit obtenu est un sel marin d&rsquo;une qualit\u00e9 exceptionnelle, parfait pour la <a href=\"https:\/\/riccionepiadina.com\/fr\/nos-produits\/\">piadina romagnole<\/a>, connue et appr\u00e9ci\u00e9e dans le monde entier pour ses caract\u00e9ristiques chimiques et organoleptiques.[\/vc_column_text][\/qode_elements_holder_item][\/qode_elements_holder][\/vc_column][\/vc_row][vc_row css_animation=\u00a0\u00bb\u00a0\u00bb row_type=\u00a0\u00bbrow\u00a0\u00bb use_row_as_full_screen_section=\u00a0\u00bbno\u00a0\u00bb type=\u00a0\u00bbgrid\u00a0\u00bb angled_section=\u00a0\u00bbno\u00a0\u00bb text_align=\u00a0\u00bbleft\u00a0\u00bb background_image_as_pattern=\u00a0\u00bbwithout_pattern\u00a0\u00bb z_index=\u00a0\u00bb\u00a0\u00bb css=\u00a0\u00bb.vc_custom_1687788066160{padding-top: 100px !important;padding-bottom: 100px !important;background-color: #f6eee3 !important;}\u00a0\u00bb][vc_column][vc_column_text]<\/p>\n<h1>Les mati\u00e8res premi\u00e8res<\/h1>\n<p>[\/vc_column_text][vc_empty_space][vc_column_text]Garantie d\u2019excellence : Des mati\u00e8res premi\u00e8res certifi\u00e9es, territoriales et contr\u00f4l\u00e9es.[\/vc_column_text][vc_empty_space]<a  itemprop=\"url\" href=\"\/fr\/les-matieres-premieres\/\" target=\"_self\"  class=\"qbutton  default\" style=\"\">D\u00e9couvrez-les toutes<\/a>[\/vc_column][\/vc_row][vc_row css_animation=\u00a0\u00bb\u00a0\u00bb row_type=\u00a0\u00bbrow\u00a0\u00bb use_row_as_full_screen_section=\u00a0\u00bbno\u00a0\u00bb type=\u00a0\u00bbfull_width\u00a0\u00bb angled_section=\u00a0\u00bbno\u00a0\u00bb text_align=\u00a0\u00bbleft\u00a0\u00bb background_image_as_pattern=\u00a0\u00bbwithout_pattern\u00a0\u00bb z_index=\u00a0\u00bb\u00a0\u00bb css=\u00a0\u00bb.vc_custom_1689066534831{padding-top: 120px !important;padding-bottom: 120px !important;background-position: center !important;background-repeat: no-repeat !important;background-size: cover !important;}\u00a0\u00bb][vc_column][qode_elements_holder number_of_columns=\u00a0\u00bbtwo_columns\u00a0\u00bb switch_to_one_column=\u00a0\u00bb1300&Prime;][qode_elements_holder_item advanced_animations=\u00a0\u00bbno\u00a0\u00bb item_padding=\u00a0\u00bb20% 15% 20% 15%\u00a0\u00bb item_padding_600_768=\u00a0\u00bb20px 40px 20px 40px\u00a0\u00bb item_padding_480_600=\u00a0\u00bb20px 10px 20px 10px\u00a0\u00bb item_padding_480=\u00a0\u00bb20px 40px 20px 40px\u00a0\u00bb][vc_column_text]<\/p>\n<h1 style=\"text-align: left;\">Sa Majest\u00e9 la piadina.<\/h1>\n<p>[\/vc_column_text][vc_empty_space height=\u00a0\u00bb43px\u00a0\u00bb][vc_column_text]Explorez les lignes de <a href=\"https:\/\/riccionepiadina.com\/fr\/prodotti\/piadina-romagnola-igp-alla-riminese\/\">piadine classiques et IGP<\/a>, <a href=\"https:\/\/riccionepiadina.com\/fr\/nos-produits\/piadina-bio\/\">bio<\/a>, <a href=\"https:\/\/riccionepiadina.com\/fr\/nos-produits\/piadine-speciales\/\">sp\u00e9ciales<\/a>, <a href=\"https:\/\/riccionepiadina.com\/piadine-confezionate\/piadina-senza-glutine\/\">sans gluten<\/a>, de <a href=\"https:\/\/riccionepiadina.com\/fr\/nos-produits\/cassoni-romagnoli\/\">Cassoni Romagnoli<\/a> et bien d\u2019autres sp\u00e9cialit\u00e9s exquises.[\/vc_column_text][vc_empty_space height=\u00a0\u00bb40px\u00a0\u00bb]<a  itemprop=\"url\" href=\"\/fr\/nos-produits\/\" target=\"_self\"  class=\"qbutton  default\" style=\"\">Parcourez les cat\u00e9gories<\/a>[\/qode_elements_holder_item][qode_elements_holder_item vertical_alignment=\u00a0\u00bbmiddle\u00a0\u00bb advanced_animations=\u00a0\u00bbno\u00a0\u00bb item_padding=\u00a0\u00bb8% 0% 8% 0%\u00a0\u00bb][vc_single_image image=\u00a0\u00bb1162&Prime; img_size=\u00a0\u00bbfull\u00a0\u00bb alignment=\u00a0\u00bbcenter\u00a0\u00bb qode_css_animation=\u00a0\u00bb\u00a0\u00bb][\/qode_elements_holder_item][\/qode_elements_holder][\/vc_column][\/vc_row][vc_row css_animation=\u00a0\u00bb\u00a0\u00bb row_type=\u00a0\u00bbrow\u00a0\u00bb use_row_as_full_screen_section=\u00a0\u00bbno\u00a0\u00bb type=\u00a0\u00bbfull_width\u00a0\u00bb angled_section=\u00a0\u00bbno\u00a0\u00bb text_align=\u00a0\u00bbleft\u00a0\u00bb background_image_as_pattern=\u00a0\u00bbwithout_pattern\u00a0\u00bb z_index=\u00a0\u00bb\u00a0\u00bb][vc_column][qode_elements_holder number_of_columns=\u00a0\u00bbtwo_columns\u00a0\u00bb switch_to_one_column=\u00a0\u00bb1300&Prime;][qode_elements_holder_item vertical_alignment=\u00a0\u00bbtop\u00a0\u00bb advanced_animations=\u00a0\u00bbno\u00a0\u00bb item_padding=\u00a0\u00bb10% 15% 10% 15%\u00a0\u00bb background_color=\u00a0\u00bb#f6eee3&Prime;][vc_column_text]<\/p>\n<h3>Le go\u00fbt en avant-premi\u00e8re<\/h3>\n<p>[\/vc_column_text][vc_empty_space][vc_column_text]Inscrivez-vous d\u00e8s maintenant et vous recevrez les derni\u00e8res nouveaut\u00e9s, les meilleures recettes et les offres les plus exclusives.[\/vc_column_text][vc_empty_space][vc_column_text]\n\t\t\t<form id=\"sib_signup_form_1\" method=\"post\" class=\"sib_signup_form\">\n\t\t\t\t<div class=\"sib_loader\" style=\"display:none;\"><img\n\t\t\t\t\t\t\tsrc=\"https:\/\/riccionepiadina.com\/wp-includes\/images\/spinner.gif\" alt=\"loader\"><\/div>\n\t\t\t\t<input type=\"hidden\" name=\"sib_form_action\" value=\"subscribe_form_submit\">\n\t\t\t\t<input type=\"hidden\" name=\"sib_form_id\" value=\"1\">\n                <input type=\"hidden\" name=\"sib_form_alert_notice\" value=\"Ti preghiamo di compilare tutti i campi richiesti\">\n                <input type=\"hidden\" name=\"sib_form_invalid_email_notice\" value=\"L&#039;indirizzo email non \u00e8 valido\">\n                <input type=\"hidden\" name=\"sib_security\" value=\"de112bd69c\">\n\t\t\t\t<div class=\"sib_signup_box_inside_1\">\n\t\t\t\t\t<div style=\"\/*display:none*\/\" class=\"sib_msg_disp\">\n\t\t\t\t\t<\/div>\n                    \t\t\t\t\t  <div class=\"two-columns\">\r\n<div class=\"column\">\r\n    <input type=\"email\" name=\"email\" class=\"wpcf7-form-control wpcf7-text wpcf7-email wpcf7-validates-as-required wpcf7-validates-as-email\" placeholder=\"Inserisci la tua email\">\r\n  <\/div>\r\n  <div class=\"column\">\r\n      <input type=\"submit\" class=\"qbutton\" value=\"Iscriviti\">\r\n  <\/div>\r\n<\/div>\r\n\r\n<div style=\"text-align:left;padding-top:35px\"><input type=\"checkbox\" name=\"terms\" required=\"required\"> Dichiaro di aver preso visione della privacy e cookie policy di <a href=\"https:\/\/riccionepiadina.com\" target=\"_self\">Riccione S.r.l.<\/a> <\/div>\r\n\r\n<style>\r\n.two-columns {\r\n  display: flex;\r\n  flex-direction: row;\r\n  flex-wrap: wrap;\r\n}\r\n\r\n.column {\r\n  flex: 1;\r\n  max-width: 70%;\r\n  padding-right: 10px;\r\n}\r\n\r\n.clearfix:after {\r\n  content: \"\";\r\n  clear: both;\r\n  display: block;\r\n}\r\n\r\n\r\n<\/style>\t\t\t\t<\/div>\n\t\t\t<\/form>\n\t\t\t<style>\n\t\t\t\tform#sib_signup_form_1 p.sib-alert-message {\n    padding: 6px 12px;\n    margin-bottom: 20px;\n    border: 1px solid transparent;\n    border-radius: 4px;\n    -webkit-box-sizing: border-box;\n    -moz-box-sizing: border-box;\n    box-sizing: border-box;\n}\nform#sib_signup_form_1 p.sib-alert-message-error {\n    background-color: #f2dede;\n    border-color: #ebccd1;\n    color: #a94442;\n}\nform#sib_signup_form_1 p.sib-alert-message-success {\n    background-color: #dff0d8;\n    border-color: #d6e9c6;\n    color: #3c763d;\n}\nform#sib_signup_form_1 p.sib-alert-message-warning {\n    background-color: #fcf8e3;\n    border-color: #faebcc;\n    color: #8a6d3b;\n}\n\t\t\t<\/style>\n\t\t\t[\/vc_column_text][vc_empty_space][\/qode_elements_holder_item][qode_elements_holder_item vertical_alignment=\u00a0\u00bbtop\u00a0\u00bb advanced_animations=\u00a0\u00bbno\u00a0\u00bb item_padding=\u00a0\u00bb10% 15% 10% 15%\u00a0\u00bb background_color=\u00a0\u00bb#fdf5ea\u00a0\u00bb][vc_column_text]<\/p>\n<h3>Plus qu\u2019un compte<\/h3>\n<p>[\/vc_column_text][vc_empty_space][vc_column_text]Un espace r\u00e9serv\u00e9 consacr\u00e9 aux professionnels, nous collaborons pour faire grandir votre activit\u00e9.[\/vc_column_text][vc_empty_space]<a  itemprop=\"url\" href=\"\/area-clienti\" target=\"_self\"  class=\"qbutton  default\" style=\"\">Se connecter<\/a>[vc_empty_space][vc_column_text]Si vous n\u2019\u00eates pas connect\u00e9, <a href=\"https:\/\/riccionepiadina.com\/fr\/se-connecter\/\">inscrivez-vous<\/a> d\u00e8s maintenant.[\/vc_column_text][\/qode_elements_holder_item][\/qode_elements_holder][\/vc_column][\/vc_row]<\/p>\n<\/section>","protected":false},"excerpt":{"rendered":"<p>[vc_row css_animation=\u00a0\u00bb\u00a0\u00bb row_type=\u00a0\u00bbrow\u00a0\u00bb use_row_as_full_screen_section=\u00a0\u00bbno\u00a0\u00bb type=\u00a0\u00bbfull_width\u00a0\u00bb angled_section=\u00a0\u00bbno\u00a0\u00bb text_align=\u00a0\u00bbleft\u00a0\u00bb background_image_as_pattern=\u00a0\u00bbwithout_pattern\u00a0\u00bb z_index=\u00a0\u00bb\u00a0\u00bb][vc_column][qode_elements_holder number_of_columns=\u00a0\u00bbtwo_columns\u00a0\u00bb switch_to_one_column=\u00a0\u00bb1300&Prime;][qode_elements_holder_item vertical_alignment=\u00a0\u00bbmiddle\u00a0\u00bb advanced_animations=\u00a0\u00bbno\u00a0\u00bb item_padding=\u00a0\u00bb15% 10%&#8230;<\/p>\n","protected":false},"author":1,"featured_media":0,"parent":4587,"menu_order":0,"comment_status":"closed","ping_status":"closed","template":"full_width.php","meta":{"footnotes":""},"class_list":["post-4618","page","type-page","status-publish","hentry"],"yoast_head":"<!-- This site is optimized with the Yoast SEO plugin v27.4 - https:\/\/yoast.com\/product\/yoast-seo-wordpress\/ -->\n<title>Sel - Riccione Piadina<\/title>\n<meta name=\"robots\" content=\"index, follow, max-snippet:-1, max-image-preview:large, max-video-preview:-1\" \/>\n<link rel=\"canonical\" href=\"https:\/\/riccionepiadina.com\/fr\/les-matieres-premieres\/sel\/\" \/>\n<meta property=\"og:locale\" content=\"fr_FR\" \/>\n<meta property=\"og:type\" content=\"article\" \/>\n<meta property=\"og:title\" content=\"Sel - Riccione Piadina\" \/>\n<meta property=\"og:description\" content=\"[vc_row css_animation=\u00a0\u00bb\u00a0\u00bb row_type=\u00a0\u00bbrow\u00a0\u00bb use_row_as_full_screen_section=\u00a0\u00bbno\u00a0\u00bb type=\u00a0\u00bbfull_width\u00a0\u00bb angled_section=\u00a0\u00bbno\u00a0\u00bb text_align=\u00a0\u00bbleft\u00a0\u00bb background_image_as_pattern=\u00a0\u00bbwithout_pattern\u00a0\u00bb z_index=\u00a0\u00bb\u00a0\u00bb][vc_column][qode_elements_holder number_of_columns=\u00a0\u00bbtwo_columns\u00a0\u00bb switch_to_one_column=\u00a0\u00bb1300&Prime;][qode_elements_holder_item vertical_alignment=\u00a0\u00bbmiddle\u00a0\u00bb advanced_animations=\u00a0\u00bbno\u00a0\u00bb item_padding=\u00a0\u00bb15% 10%...\" \/>\n<meta property=\"og:url\" content=\"https:\/\/riccionepiadina.com\/fr\/les-matieres-premieres\/sel\/\" \/>\n<meta property=\"og:site_name\" content=\"Riccione Piadina\" \/>\n<meta property=\"article:publisher\" content=\"https:\/\/www.facebook.com\/Riccione.Piadina\" \/>\n<meta property=\"article:modified_time\" content=\"2024-03-12T16:20:38+00:00\" \/>\n<meta name=\"twitter:card\" content=\"summary_large_image\" \/>\n<meta name=\"twitter:label1\" content=\"Dur\u00e9e de lecture estim\u00e9e\" \/>\n\t<meta name=\"twitter:data1\" content=\"5 minutes\" \/>\n<script type=\"application\/ld+json\" class=\"yoast-schema-graph\">{\"@context\":\"https:\\\/\\\/schema.org\",\"@graph\":[{\"@type\":\"WebPage\",\"@id\":\"https:\\\/\\\/riccionepiadina.com\\\/fr\\\/les-matieres-premieres\\\/sel\\\/\",\"url\":\"https:\\\/\\\/riccionepiadina.com\\\/fr\\\/les-matieres-premieres\\\/sel\\\/\",\"name\":\"Sel - Riccione Piadina\",\"isPartOf\":{\"@id\":\"https:\\\/\\\/riccionepiadina.com\\\/fr\\\/#website\"},\"datePublished\":\"2023-05-24T12:56:19+00:00\",\"dateModified\":\"2024-03-12T16:20:38+00:00\",\"breadcrumb\":{\"@id\":\"https:\\\/\\\/riccionepiadina.com\\\/fr\\\/les-matieres-premieres\\\/sel\\\/#breadcrumb\"},\"inLanguage\":\"fr-FR\",\"potentialAction\":[{\"@type\":\"ReadAction\",\"target\":[\"https:\\\/\\\/riccionepiadina.com\\\/fr\\\/les-matieres-premieres\\\/sel\\\/\"]}]},{\"@type\":\"BreadcrumbList\",\"@id\":\"https:\\\/\\\/riccionepiadina.com\\\/fr\\\/les-matieres-premieres\\\/sel\\\/#breadcrumb\",\"itemListElement\":[{\"@type\":\"ListItem\",\"position\":1,\"name\":\"Home\",\"item\":\"https:\\\/\\\/riccionepiadina.com\\\/fr\\\/\"},{\"@type\":\"ListItem\",\"position\":2,\"name\":\"Les mati\u00e8res premi\u00e8res\",\"item\":\"https:\\\/\\\/riccionepiadina.com\\\/fr\\\/materie-prime\\\/\"},{\"@type\":\"ListItem\",\"position\":3,\"name\":\"Sel\"}]},{\"@type\":\"WebSite\",\"@id\":\"https:\\\/\\\/riccionepiadina.com\\\/fr\\\/#website\",\"url\":\"https:\\\/\\\/riccionepiadina.com\\\/fr\\\/\",\"name\":\"Riccione Piadina\",\"description\":\"Riccione Piadina d'autres 30 ans porta nelle tavole degli Italiani la piadina romagnola: Classica,Biologica,Senza Glutine,Integrale et la vera IGP alla Riminese\",\"publisher\":{\"@id\":\"https:\\\/\\\/riccionepiadina.com\\\/fr\\\/#organization\"},\"alternateName\":\"Riccione Piadina\",\"potentialAction\":[{\"@type\":\"SearchAction\",\"target\":{\"@type\":\"EntryPoint\",\"urlTemplate\":\"https:\\\/\\\/riccionepiadina.com\\\/fr\\\/?s={search_term_string}\"},\"query-input\":{\"@type\":\"PropertyValueSpecification\",\"valueRequired\":true,\"valueName\":\"search_term_string\"}}],\"inLanguage\":\"fr-FR\"},{\"@type\":\"Organization\",\"@id\":\"https:\\\/\\\/riccionepiadina.com\\\/fr\\\/#organization\",\"name\":\"Riccione S.r.l.\",\"url\":\"https:\\\/\\\/riccionepiadina.com\\\/fr\\\/\",\"logo\":{\"@type\":\"ImageObject\",\"inLanguage\":\"fr-FR\",\"@id\":\"https:\\\/\\\/riccionepiadina.com\\\/fr\\\/#\\\/schema\\\/logo\\\/image\\\/\",\"url\":\"https:\\\/\\\/riccionepiadina.com\\\/wp-content\\\/uploads\\\/2023\\\/05\\\/Riccione-Piadina-produzione-piadine-romagnole-certificate.png\",\"contentUrl\":\"https:\\\/\\\/riccionepiadina.com\\\/wp-content\\\/uploads\\\/2023\\\/05\\\/Riccione-Piadina-produzione-piadine-romagnole-certificate.png\",\"width\":152,\"height\":118,\"caption\":\"Riccione S.r.l.\"},\"image\":{\"@id\":\"https:\\\/\\\/riccionepiadina.com\\\/fr\\\/#\\\/schema\\\/logo\\\/image\\\/\"},\"sameAs\":[\"https:\\\/\\\/www.facebook.com\\\/Riccione.Piadina\",\"https:\\\/\\\/www.youtube.com\\\/user\\\/RICCIONEPIADINA\",\"https:\\\/\\\/www.instagram.com\\\/riccionepiadina\\\/\"]}]}<\/script>\n<!-- \/ Yoast SEO plugin. -->","yoast_head_json":{"title":"Sel - Riccione Piadina","robots":{"index":"index","follow":"follow","max-snippet":"max-snippet:-1","max-image-preview":"max-image-preview:large","max-video-preview":"max-video-preview:-1"},"canonical":"https:\/\/riccionepiadina.com\/fr\/les-matieres-premieres\/sel\/","og_locale":"fr_FR","og_type":"article","og_title":"Sel - Riccione Piadina","og_description":"[vc_row css_animation=\u00a0\u00bb\u00a0\u00bb row_type=\u00a0\u00bbrow\u00a0\u00bb use_row_as_full_screen_section=\u00a0\u00bbno\u00a0\u00bb type=\u00a0\u00bbfull_width\u00a0\u00bb angled_section=\u00a0\u00bbno\u00a0\u00bb text_align=\u00a0\u00bbleft\u00a0\u00bb background_image_as_pattern=\u00a0\u00bbwithout_pattern\u00a0\u00bb z_index=\u00a0\u00bb\u00a0\u00bb][vc_column][qode_elements_holder number_of_columns=\u00a0\u00bbtwo_columns\u00a0\u00bb switch_to_one_column=\u00a0\u00bb1300&Prime;][qode_elements_holder_item vertical_alignment=\u00a0\u00bbmiddle\u00a0\u00bb advanced_animations=\u00a0\u00bbno\u00a0\u00bb item_padding=\u00a0\u00bb15% 10%...","og_url":"https:\/\/riccionepiadina.com\/fr\/les-matieres-premieres\/sel\/","og_site_name":"Riccione Piadina","article_publisher":"https:\/\/www.facebook.com\/Riccione.Piadina","article_modified_time":"2024-03-12T16:20:38+00:00","twitter_card":"summary_large_image","twitter_misc":{"Dur\u00e9e de lecture estim\u00e9e":"5 minutes"},"schema":{"@context":"https:\/\/schema.org","@graph":[{"@type":"WebPage","@id":"https:\/\/riccionepiadina.com\/fr\/les-matieres-premieres\/sel\/","url":"https:\/\/riccionepiadina.com\/fr\/les-matieres-premieres\/sel\/","name":"Sel - Riccione Piadina","isPartOf":{"@id":"https:\/\/riccionepiadina.com\/fr\/#website"},"datePublished":"2023-05-24T12:56:19+00:00","dateModified":"2024-03-12T16:20:38+00:00","breadcrumb":{"@id":"https:\/\/riccionepiadina.com\/fr\/les-matieres-premieres\/sel\/#breadcrumb"},"inLanguage":"fr-FR","potentialAction":[{"@type":"ReadAction","target":["https:\/\/riccionepiadina.com\/fr\/les-matieres-premieres\/sel\/"]}]},{"@type":"BreadcrumbList","@id":"https:\/\/riccionepiadina.com\/fr\/les-matieres-premieres\/sel\/#breadcrumb","itemListElement":[{"@type":"ListItem","position":1,"name":"Home","item":"https:\/\/riccionepiadina.com\/fr\/"},{"@type":"ListItem","position":2,"name":"Les mati\u00e8res premi\u00e8res","item":"https:\/\/riccionepiadina.com\/fr\/materie-prime\/"},{"@type":"ListItem","position":3,"name":"Sel"}]},{"@type":"WebSite","@id":"https:\/\/riccionepiadina.com\/fr\/#website","url":"https:\/\/riccionepiadina.com\/fr\/","name":"Riccione Piadina","description":"Riccione Piadina d'autres 30 ans porta nelle tavole degli Italiani la piadina romagnola: Classica,Biologica,Senza Glutine,Integrale et la vera IGP alla Riminese","publisher":{"@id":"https:\/\/riccionepiadina.com\/fr\/#organization"},"alternateName":"Riccione Piadina","potentialAction":[{"@type":"SearchAction","target":{"@type":"EntryPoint","urlTemplate":"https:\/\/riccionepiadina.com\/fr\/?s={search_term_string}"},"query-input":{"@type":"PropertyValueSpecification","valueRequired":true,"valueName":"search_term_string"}}],"inLanguage":"fr-FR"},{"@type":"Organization","@id":"https:\/\/riccionepiadina.com\/fr\/#organization","name":"Riccione S.r.l.","url":"https:\/\/riccionepiadina.com\/fr\/","logo":{"@type":"ImageObject","inLanguage":"fr-FR","@id":"https:\/\/riccionepiadina.com\/fr\/#\/schema\/logo\/image\/","url":"https:\/\/riccionepiadina.com\/wp-content\/uploads\/2023\/05\/Riccione-Piadina-produzione-piadine-romagnole-certificate.png","contentUrl":"https:\/\/riccionepiadina.com\/wp-content\/uploads\/2023\/05\/Riccione-Piadina-produzione-piadine-romagnole-certificate.png","width":152,"height":118,"caption":"Riccione S.r.l."},"image":{"@id":"https:\/\/riccionepiadina.com\/fr\/#\/schema\/logo\/image\/"},"sameAs":["https:\/\/www.facebook.com\/Riccione.Piadina","https:\/\/www.youtube.com\/user\/RICCIONEPIADINA","https:\/\/www.instagram.com\/riccionepiadina\/"]}]}},"_links":{"self":[{"href":"https:\/\/riccionepiadina.com\/fr\/wp-json\/wp\/v2\/pages\/4618","targetHints":{"allow":["GET"]}}],"collection":[{"href":"https:\/\/riccionepiadina.com\/fr\/wp-json\/wp\/v2\/pages"}],"about":[{"href":"https:\/\/riccionepiadina.com\/fr\/wp-json\/wp\/v2\/types\/page"}],"author":[{"embeddable":true,"href":"https:\/\/riccionepiadina.com\/fr\/wp-json\/wp\/v2\/users\/1"}],"replies":[{"embeddable":true,"href":"https:\/\/riccionepiadina.com\/fr\/wp-json\/wp\/v2\/comments?post=4618"}],"version-history":[{"count":17,"href":"https:\/\/riccionepiadina.com\/fr\/wp-json\/wp\/v2\/pages\/4618\/revisions"}],"predecessor-version":[{"id":7248,"href":"https:\/\/riccionepiadina.com\/fr\/wp-json\/wp\/v2\/pages\/4618\/revisions\/7248"}],"up":[{"embeddable":true,"href":"https:\/\/riccionepiadina.com\/fr\/wp-json\/wp\/v2\/pages\/4587"}],"wp:attachment":[{"href":"https:\/\/riccionepiadina.com\/fr\/wp-json\/wp\/v2\/media?parent=4618"}],"curies":[{"name":"wp","href":"https:\/\/api.w.org\/{rel}","templated":true}]}}