{"id":4622,"date":"2023-05-24T12:59:05","date_gmt":"2023-05-24T12:59:05","guid":{"rendered":"https:\/\/riccionepiadina.com\/les-matieres-premieres\/eau\/"},"modified":"2024-03-12T16:16:23","modified_gmt":"2024-03-12T16:16:23","slug":"eau","status":"publish","type":"page","link":"https:\/\/riccionepiadina.com\/fr\/les-matieres-premieres\/eau\/","title":{"rendered":"Eau"},"content":{"rendered":"<section class=\"wpb-content-wrapper\"><p>[vc_row css_animation=\u00a0\u00bb\u00a0\u00bb row_type=\u00a0\u00bbrow\u00a0\u00bb use_row_as_full_screen_section=\u00a0\u00bbno\u00a0\u00bb type=\u00a0\u00bbfull_width\u00a0\u00bb angled_section=\u00a0\u00bbno\u00a0\u00bb text_align=\u00a0\u00bbleft\u00a0\u00bb background_image_as_pattern=\u00a0\u00bbwithout_pattern\u00a0\u00bb z_index=\u00a0\u00bb\u00a0\u00bb][vc_column][qode_elements_holder number_of_columns=\u00a0\u00bbtwo_columns\u00a0\u00bb switch_to_one_column=\u00a0\u00bb1300&Prime;][qode_elements_holder_item vertical_alignment=\u00a0\u00bbmiddle\u00a0\u00bb advanced_animations=\u00a0\u00bbno\u00a0\u00bb item_padding=\u00a0\u00bb15% 10% 15% 10%\u00a0\u00bb item_padding_600_768=\u00a0\u00bb30px 20px 30px 20px\u00a0\u00bb item_padding_480_600=\u00a0\u00bb30px 20px 30px 20px\u00a0\u00bb item_padding_480=\u00a0\u00bb30px 20px 30px 20px\u00a0\u00bb][vc_column_text]<\/p>\n<h1>L&rsquo;eau est le deuxi\u00e8me ingr\u00e9dient de notre recette<\/h1>\n<p>[\/vc_column_text][vc_empty_space][vc_column_text]L&rsquo;eau est indispensable \u00e0 l&rsquo;agr\u00e9gation de la farine et \u00e0 la formation de la maille du gluten.<br \/>\nC&rsquo;est en choisissant la bonne quantit\u00e9 d&rsquo;eau de la meilleure qualit\u00e9 que l&rsquo;on obtient la bonne alchimie pour cr\u00e9er une piadina de qualit\u00e9.<br \/>\nLa meilleure eau n&rsquo;existe pas, mais il y a des eaux qui r\u00e9pondent aux besoins de tous et dont les param\u00e8tres se rapprochent du concept de \u00ab\u00a0puret\u00e9\u00a0\u00bb, que nous associons \u00e0 un param\u00e8tre organoleptique excellent, c&rsquo;est-\u00e0-dire le fait de ne rien percevoir dans le go\u00fbt de l&rsquo;eau.[\/vc_column_text][vc_empty_space]<a  itemprop=\"url\" href=\"\/fr\/nos-produits\/\" target=\"_self\"  class=\"qbutton  default\" style=\"\">Parcourez les cat\u00e9gories de produits<\/a>[\/qode_elements_holder_item][qode_elements_holder_item cover=\u00a0\u00bbyes\u00a0\u00bb vertical_alignment=\u00a0\u00bbmiddle\u00a0\u00bb advanced_animations=\u00a0\u00bbno\u00a0\u00bb item_padding=\u00a0\u00bb20% 10% 20% 10%\u00a0\u00bb background_image=\u00a0\u00bb1580&Prime; item_padding_768_1024=\u00a0\u00bb270px 10px 270px 10px\u00a0\u00bb item_padding_600_768=\u00a0\u00bb160px 10px 160px 10px\u00a0\u00bb item_padding_480_600=\u00a0\u00bb160px 10px 160px 10px\u00a0\u00bb item_padding_480=\u00a0\u00bb160px 10px 160px 10px\u00a0\u00bb][\/qode_elements_holder_item][\/qode_elements_holder][\/vc_column][\/vc_row][vc_row css_animation=\u00a0\u00bb\u00a0\u00bb row_type=\u00a0\u00bbrow\u00a0\u00bb use_row_as_full_screen_section=\u00a0\u00bbno\u00a0\u00bb type=\u00a0\u00bbfull_width\u00a0\u00bb angled_section=\u00a0\u00bbno\u00a0\u00bb text_align=\u00a0\u00bbleft\u00a0\u00bb background_image_as_pattern=\u00a0\u00bbwithout_pattern\u00a0\u00bb z_index=\u00a0\u00bb\u00a0\u00bb][vc_column][qode_elements_holder background_color=\u00a0\u00bb#fdf5ea\u00a0\u00bb number_of_columns=\u00a0\u00bbtwo_columns\u00a0\u00bb][qode_elements_holder_item cover=\u00a0\u00bbyes\u00a0\u00bb vertical_alignment=\u00a0\u00bbmiddle\u00a0\u00bb advanced_animations=\u00a0\u00bbno\u00a0\u00bb background_image=\u00a0\u00bb1467&Prime; item_padding=\u00a0\u00bb20% 10% 20% 10%\u00a0\u00bb item_padding_768_1024=\u00a0\u00bb270px 10px 270px 10px\u00a0\u00bb item_padding_600_768=\u00a0\u00bb160px 10px 160px 10px\u00a0\u00bb item_padding_480_600=\u00a0\u00bb160px 10px 160px 10px\u00a0\u00bb item_padding_480=\u00a0\u00bb160px 10px 160px 10px\u00a0\u00bb][\/qode_elements_holder_item][qode_elements_holder_item vertical_alignment=\u00a0\u00bbmiddle\u00a0\u00bb advanced_animations=\u00a0\u00bbno\u00a0\u00bb item_padding=\u00a0\u00bb20% 10% 20% 10%\u00a0\u00bb item_padding_600_768=\u00a0\u00bb30px 20px 30px 20px\u00a0\u00bb item_padding_480_600=\u00a0\u00bb30px 20px 30px 20px\u00a0\u00bb item_padding_480=\u00a0\u00bb30px 20px 30px 20px\u00a0\u00bb][vc_column_text]<\/p>\n<h1>Une source locale, le barrage de Ridracoli<\/h1>\n<p>[\/vc_column_text][vc_empty_space][vc_column_text]L\u2019eau que nous utilisons chez Riccione Piadina provient du barrage de Ridracoli, une source locale, dans la province de Forl\u00ec-Cesena.<\/p>\n<p>C\u2019est une eau cristalline \u00e0 la teneur \u00e9quilibr\u00e9e en sels min\u00e9raux et au pH neutre, qui la rend ainsi id\u00e9ale pour la consommation comme eau \u00e0 boire et pour les pr\u00e9parations en cuisine.[\/vc_column_text][vc_empty_space][\/qode_elements_holder_item][\/qode_elements_holder][\/vc_column][\/vc_row][vc_row css_animation=\u00a0\u00bb\u00a0\u00bb row_type=\u00a0\u00bbrow\u00a0\u00bb use_row_as_full_screen_section=\u00a0\u00bbno\u00a0\u00bb type=\u00a0\u00bbgrid\u00a0\u00bb angled_section=\u00a0\u00bbno\u00a0\u00bb text_align=\u00a0\u00bbleft\u00a0\u00bb background_image_as_pattern=\u00a0\u00bbwithout_pattern\u00a0\u00bb z_index=\u00a0\u00bb\u00a0\u00bb css=\u00a0\u00bb.vc_custom_1684942102155{padding-top: 100px !important;padding-bottom: 100px !important;}\u00a0\u00bb][vc_column][vc_column_text]<\/p>\n<h1>Les mati\u00e8res premi\u00e8res<\/h1>\n<p>[\/vc_column_text][vc_empty_space][vc_column_text]Garantie d\u2019excellence : Des mati\u00e8res premi\u00e8res certifi\u00e9es, territoriales et contr\u00f4l\u00e9es.[\/vc_column_text][vc_empty_space]<a  itemprop=\"url\" href=\"\/fr\/les-matieres-premieres\/\" target=\"_self\"  class=\"qbutton  default\" style=\"\">D\u00e9couvrez-les toutes<\/a>[\/vc_column][\/vc_row][vc_row css_animation=\u00a0\u00bb\u00a0\u00bb row_type=\u00a0\u00bbrow\u00a0\u00bb use_row_as_full_screen_section=\u00a0\u00bbno\u00a0\u00bb type=\u00a0\u00bbfull_width\u00a0\u00bb angled_section=\u00a0\u00bbno\u00a0\u00bb text_align=\u00a0\u00bbleft\u00a0\u00bb background_image_as_pattern=\u00a0\u00bbwithout_pattern\u00a0\u00bb z_index=\u00a0\u00bb\u00a0\u00bb][vc_column][qode_elements_holder number_of_columns=\u00a0\u00bbtwo_columns\u00a0\u00bb switch_to_one_column=\u00a0\u00bb1300&Prime;][qode_elements_holder_item vertical_alignment=\u00a0\u00bbmiddle\u00a0\u00bb advanced_animations=\u00a0\u00bbno\u00a0\u00bb]\n\t\t\t<!-- START Romagna in tutti i sensi REVOLUTION SLIDER 6.7.38 --><p class=\"rs-p-wp-fix\"><\/p>\n\t\t\t<rs-module-wrap id=\"rev_slider_10_1_wrapper\" data-source=\"gallery\" style=\"visibility:hidden;background:transparent;padding:0;margin:0px auto;margin-top:0;margin-bottom:0;\">\n\t\t\t\t<rs-module id=\"rev_slider_10_1\" style=\"\" data-version=\"6.7.38\">\n\t\t\t\t\t<rs-slides style=\"overflow: hidden; position: absolute;\">\n\t\t\t\t\t\t<rs-slide style=\"position: absolute;\" data-key=\"rs-36\" data-title=\"Slide\" data-in=\"o:0;\" data-out=\"a:false;\">\n\t\t\t\t\t\t\t<img decoding=\"async\" src=\"\/\/riccionepiadina.com\/wp-content\/plugins\/revslider\/sr6\/assets\/assets\/dummy.png\" alt=\"\" title=\"Eau\" class=\"rev-slidebg tp-rs-img rs-lazyload\" data-lazyload=\"\/\/i.vimeocdn.com\/video\/1667236074-bf71cf8e45684d19ea78084b93445f90527ced3c239033046ed62f62fdadc448-d_640\" data-parallax=\"off\" data-no-retina>\n\t\t\t\t\t\t\t<rs-bgvideo \n\t\t\t\t\t\t\t\tdata-video=\"vc:none;w:100%;h:100%;nse:false;l:true;ptimer:false;\"\n\t\t\t\t\t\t\t\tdata-vimeoid=\"825053544\"\n\t\t\t\t\t\t\t\tdata-vatr=\"background=1&amp;dnt=true\"\n\t\t\t\t\t\t\t><\/rs-bgvideo>\n<!---->\t\t\t\t\t<\/rs-slide>\n\t\t\t\t\t<\/rs-slides>\n\t\t\t\t<\/rs-module>\n\t\t\t\t<script>\n\t\t\t\t\tsetREVStartSize({c: 'rev_slider_10_1',rl:[1240,1024,778,480],el:[900],gw:[1240],gh:[900],type:'hero',justify:'',layout:'fullwidth',mh:\"0\"});if (window.RS_MODULES!==undefined && window.RS_MODULES.modules!==undefined && window.RS_MODULES.modules[\"revslider101\"]!==undefined) {window.RS_MODULES.modules[\"revslider101\"].once = false;window.revapi10 = undefined;if (window.RS_MODULES.checkMinimal!==undefined) window.RS_MODULES.checkMinimal()}\n\t\t\t\t<\/script>\n\t\t\t<\/rs-module-wrap>\n\t\t\t<!-- END REVOLUTION SLIDER -->\n[\/qode_elements_holder_item][qode_elements_holder_item vertical_alignment=\u00a0\u00bbmiddle\u00a0\u00bb advanced_animations=\u00a0\u00bbno\u00a0\u00bb item_padding=\u00a0\u00bb15% 10% 15% 10%\u00a0\u00bb background_color=\u00a0\u00bb#ff8a00&Prime; item_padding_768_1024=\u00a0\u00bb270px 10px 270px 10px\u00a0\u00bb item_padding_600_768=\u00a0\u00bb160px 10px 160px 10px\u00a0\u00bb item_padding_480_600=\u00a0\u00bb160px 10px 160px 10px\u00a0\u00bb item_padding_480=\u00a0\u00bb160px 10px 160px 10px\u00a0\u00bb][vc_column_text]<\/p>\n<h1><span style=\"color: #ffffff;\">La Romagne tous azimuts<\/span><\/h1>\n<p>[\/vc_column_text][vc_empty_space height=\u00a0\u00bb30px\u00a0\u00bb][vc_column_text]<span style=\"color: #ffffff;\">Chez Riccione Piadina, la culture, les saveurs et l\u2019histoire se rencontrent pour cr\u00e9er des souvenirs. Notre engagement \u00e0 l\u2019\u00e9gard de la qualit\u00e9, de l\u2019authenticit\u00e9 et de l\u2019innovation est ce qui nous d\u00e9marque des autres marques.<\/span>[\/vc_column_text][vc_empty_space height=\u00a0\u00bb30px\u00a0\u00bb]<a  itemprop=\"url\" href=\"\/fr\/notre-entreprise\/riccione-piadina\/\" target=\"_self\"  class=\"qbutton  white default\" style=\"\">En savoir plus<\/a>[\/qode_elements_holder_item][\/qode_elements_holder][\/vc_column][\/vc_row][vc_row css_animation=\u00a0\u00bb\u00a0\u00bb row_type=\u00a0\u00bbrow\u00a0\u00bb use_row_as_full_screen_section=\u00a0\u00bbno\u00a0\u00bb type=\u00a0\u00bbgrid\u00a0\u00bb angled_section=\u00a0\u00bbno\u00a0\u00bb text_align=\u00a0\u00bbleft\u00a0\u00bb background_image_as_pattern=\u00a0\u00bbwithout_pattern\u00a0\u00bb z_index=\u00a0\u00bb\u00a0\u00bb css=\u00a0\u00bb.vc_custom_1684329099468{padding-top: 120px !important;padding-bottom: 120px !important;background-position: center !important;background-repeat: no-repeat !important;background-size: cover !important;}\u00a0\u00bb][vc_column][qode_elements_holder number_of_columns=\u00a0\u00bbtwo_columns\u00a0\u00bb switch_to_one_column=\u00a0\u00bb1300&Prime;][qode_elements_holder_item advanced_animations=\u00a0\u00bbno\u00a0\u00bb item_padding=\u00a0\u00bb20% 10% 20% 10%\u00a0\u00bb item_padding_600_768=\u00a0\u00bb30px 20px 30px 20px\u00a0\u00bb item_padding_480_600=\u00a0\u00bb30px 20px 30px 20px\u00a0\u00bb item_padding_480=\u00a0\u00bb30px 20px 30px 20px\u00a0\u00bb][vc_column_text]<\/p>\n<h1 style=\"text-align: left;\">Go\u00fbt, passion et excellence romagnole<\/h1>\n<p>[\/vc_column_text][vc_empty_space height=\u00a0\u00bb43px\u00a0\u00bb][vc_column_text]Explorez les lignes de <a href=\"https:\/\/riccionepiadina.com\/fr\/prodotti\/piadina-romagnola-igp-alla-riminese\/\">piadine classiques et IGP<\/a>, <a href=\"https:\/\/riccionepiadina.com\/fr\/nos-produits\/piadina-bio\/\">bio<\/a>, <a href=\"https:\/\/riccionepiadina.com\/fr\/nos-produits\/piadine-speciales\/\">sp\u00e9ciales<\/a>, <a href=\"https:\/\/riccionepiadina.com\/piadine-confezionate\/piadina-senza-glutine\/\">sans gluten<\/a>, de <a href=\"https:\/\/riccionepiadina.com\/fr\/nos-produits\/cassoni-romagnoli\/\">Cassoni Romagnoli<\/a> et bien d\u2019autres sp\u00e9cialit\u00e9s exquises.[\/vc_column_text][vc_empty_space height=\u00a0\u00bb40px\u00a0\u00bb]<a  itemprop=\"url\" href=\"\/fr\/nos-produits\/\" target=\"_self\"  class=\"qbutton  default\" style=\"\">Parcourez les cat\u00e9gories<\/a>[\/qode_elements_holder_item][qode_elements_holder_item vertical_alignment=\u00a0\u00bbmiddle\u00a0\u00bb advanced_animations=\u00a0\u00bbno\u00a0\u00bb][vc_single_image image=\u00a0\u00bb1162&Prime; img_size=\u00a0\u00bbfull\u00a0\u00bb alignment=\u00a0\u00bbcenter\u00a0\u00bb qode_css_animation=\u00a0\u00bb\u00a0\u00bb][\/qode_elements_holder_item][\/qode_elements_holder][\/vc_column][\/vc_row][vc_row css_animation=\u00a0\u00bb\u00a0\u00bb row_type=\u00a0\u00bbrow\u00a0\u00bb use_row_as_full_screen_section=\u00a0\u00bbno\u00a0\u00bb type=\u00a0\u00bbfull_width\u00a0\u00bb angled_section=\u00a0\u00bbno\u00a0\u00bb text_align=\u00a0\u00bbleft\u00a0\u00bb background_image_as_pattern=\u00a0\u00bbwithout_pattern\u00a0\u00bb z_index=\u00a0\u00bb\u00a0\u00bb][vc_column][qode_elements_holder number_of_columns=\u00a0\u00bbtwo_columns\u00a0\u00bb switch_to_one_column=\u00a0\u00bb1300&Prime;][qode_elements_holder_item vertical_alignment=\u00a0\u00bbtop\u00a0\u00bb advanced_animations=\u00a0\u00bbno\u00a0\u00bb item_padding=\u00a0\u00bb10% 15% 10% 15%\u00a0\u00bb background_color=\u00a0\u00bb#f6eee3&Prime;][vc_column_text]<\/p>\n<h3>Le go\u00fbt en avant-premi\u00e8re<\/h3>\n<p>[\/vc_column_text][vc_empty_space][vc_column_text]Inscrivez-vous d\u00e8s maintenant et vous recevrez les derni\u00e8res nouveaut\u00e9s, les meilleures recettes et les offres les plus exclusives.[\/vc_column_text][vc_empty_space][vc_column_text]\n\t\t\t<form id=\"sib_signup_form_1\" method=\"post\" class=\"sib_signup_form\">\n\t\t\t\t<div class=\"sib_loader\" style=\"display:none;\"><img\n\t\t\t\t\t\t\tsrc=\"https:\/\/riccionepiadina.com\/wp-includes\/images\/spinner.gif\" alt=\"loader\"><\/div>\n\t\t\t\t<input type=\"hidden\" name=\"sib_form_action\" value=\"subscribe_form_submit\">\n\t\t\t\t<input type=\"hidden\" name=\"sib_form_id\" value=\"1\">\n                <input type=\"hidden\" name=\"sib_form_alert_notice\" value=\"Ti preghiamo di compilare tutti i campi richiesti\">\n                <input type=\"hidden\" name=\"sib_form_invalid_email_notice\" value=\"L&#039;indirizzo email non \u00e8 valido\">\n                <input type=\"hidden\" name=\"sib_security\" value=\"cad0939883\">\n\t\t\t\t<div class=\"sib_signup_box_inside_1\">\n\t\t\t\t\t<div style=\"\/*display:none*\/\" class=\"sib_msg_disp\">\n\t\t\t\t\t<\/div>\n                    \t\t\t\t\t  <div class=\"two-columns\">\r\n<div class=\"column\">\r\n    <input type=\"email\" name=\"email\" class=\"wpcf7-form-control wpcf7-text wpcf7-email wpcf7-validates-as-required wpcf7-validates-as-email\" placeholder=\"Inserisci la tua email\">\r\n  <\/div>\r\n  <div class=\"column\">\r\n      <input type=\"submit\" class=\"qbutton\" value=\"Iscriviti\">\r\n  <\/div>\r\n<\/div>\r\n\r\n<div style=\"text-align:left;padding-top:35px\"><input type=\"checkbox\" name=\"terms\" required=\"required\"> Dichiaro di aver preso visione della privacy e cookie policy di <a href=\"https:\/\/riccionepiadina.com\" target=\"_self\">Riccione S.r.l.<\/a> <\/div>\r\n\r\n<style>\r\n.two-columns {\r\n  display: flex;\r\n  flex-direction: row;\r\n  flex-wrap: wrap;\r\n}\r\n\r\n.column {\r\n  flex: 1;\r\n  max-width: 70%;\r\n  padding-right: 10px;\r\n}\r\n\r\n.clearfix:after {\r\n  content: \"\";\r\n  clear: both;\r\n  display: block;\r\n}\r\n\r\n\r\n<\/style>\t\t\t\t<\/div>\n\t\t\t<\/form>\n\t\t\t<style>\n\t\t\t\tform#sib_signup_form_1 p.sib-alert-message {\n    padding: 6px 12px;\n    margin-bottom: 20px;\n    border: 1px solid transparent;\n    border-radius: 4px;\n    -webkit-box-sizing: border-box;\n    -moz-box-sizing: border-box;\n    box-sizing: border-box;\n}\nform#sib_signup_form_1 p.sib-alert-message-error {\n    background-color: #f2dede;\n    border-color: #ebccd1;\n    color: #a94442;\n}\nform#sib_signup_form_1 p.sib-alert-message-success {\n    background-color: #dff0d8;\n    border-color: #d6e9c6;\n    color: #3c763d;\n}\nform#sib_signup_form_1 p.sib-alert-message-warning {\n    background-color: #fcf8e3;\n    border-color: #faebcc;\n    color: #8a6d3b;\n}\n\t\t\t<\/style>\n\t\t\t[\/vc_column_text][vc_empty_space][\/qode_elements_holder_item][qode_elements_holder_item vertical_alignment=\u00a0\u00bbtop\u00a0\u00bb advanced_animations=\u00a0\u00bbno\u00a0\u00bb item_padding=\u00a0\u00bb10% 15% 10% 15%\u00a0\u00bb background_color=\u00a0\u00bb#fdf5ea\u00a0\u00bb][vc_column_text]<\/p>\n<h3>Plus qu\u2019un compte<\/h3>\n<p>[\/vc_column_text][vc_empty_space][vc_column_text]Un espace r\u00e9serv\u00e9 consacr\u00e9 aux professionnels, nous collaborons pour faire grandir votre activit\u00e9.[\/vc_column_text][vc_empty_space]<a  itemprop=\"url\" href=\"\/fr\/login\" target=\"_self\"  class=\"qbutton  default\" style=\"\">Se connecter<\/a>[vc_empty_space][vc_column_text]Si vous n\u2019\u00eates pas connect\u00e9, <a href=\"https:\/\/riccionepiadina.com\/fr\/se-connecter\/\">inscrivez-vous<\/a> d\u00e8s maintenant.[\/vc_column_text][\/qode_elements_holder_item][\/qode_elements_holder][\/vc_column][\/vc_row]<\/p>\n<\/section>","protected":false},"excerpt":{"rendered":"<p>[vc_row css_animation=\u00a0\u00bb\u00a0\u00bb row_type=\u00a0\u00bbrow\u00a0\u00bb use_row_as_full_screen_section=\u00a0\u00bbno\u00a0\u00bb type=\u00a0\u00bbfull_width\u00a0\u00bb angled_section=\u00a0\u00bbno\u00a0\u00bb text_align=\u00a0\u00bbleft\u00a0\u00bb background_image_as_pattern=\u00a0\u00bbwithout_pattern\u00a0\u00bb z_index=\u00a0\u00bb\u00a0\u00bb][vc_column][qode_elements_holder number_of_columns=\u00a0\u00bbtwo_columns\u00a0\u00bb switch_to_one_column=\u00a0\u00bb1300&Prime;][qode_elements_holder_item vertical_alignment=\u00a0\u00bbmiddle\u00a0\u00bb advanced_animations=\u00a0\u00bbno\u00a0\u00bb item_padding=\u00a0\u00bb15% 10%&#8230;<\/p>\n","protected":false},"author":1,"featured_media":0,"parent":4587,"menu_order":0,"comment_status":"closed","ping_status":"closed","template":"full_width.php","meta":{"footnotes":""},"class_list":["post-4622","page","type-page","status-publish","hentry"],"yoast_head":"<!-- This site is optimized with the Yoast SEO plugin v27.4 - https:\/\/yoast.com\/product\/yoast-seo-wordpress\/ -->\n<title>Eau - Riccione Piadina<\/title>\n<meta name=\"robots\" content=\"index, follow, max-snippet:-1, max-image-preview:large, max-video-preview:-1\" \/>\n<link rel=\"canonical\" href=\"https:\/\/riccionepiadina.com\/fr\/les-matieres-premieres\/eau\/\" \/>\n<meta property=\"og:locale\" content=\"fr_FR\" \/>\n<meta property=\"og:type\" content=\"article\" \/>\n<meta property=\"og:title\" content=\"Eau - Riccione Piadina\" \/>\n<meta property=\"og:description\" content=\"[vc_row css_animation=\u00a0\u00bb\u00a0\u00bb row_type=\u00a0\u00bbrow\u00a0\u00bb use_row_as_full_screen_section=\u00a0\u00bbno\u00a0\u00bb type=\u00a0\u00bbfull_width\u00a0\u00bb angled_section=\u00a0\u00bbno\u00a0\u00bb text_align=\u00a0\u00bbleft\u00a0\u00bb background_image_as_pattern=\u00a0\u00bbwithout_pattern\u00a0\u00bb z_index=\u00a0\u00bb\u00a0\u00bb][vc_column][qode_elements_holder number_of_columns=\u00a0\u00bbtwo_columns\u00a0\u00bb switch_to_one_column=\u00a0\u00bb1300&Prime;][qode_elements_holder_item vertical_alignment=\u00a0\u00bbmiddle\u00a0\u00bb advanced_animations=\u00a0\u00bbno\u00a0\u00bb item_padding=\u00a0\u00bb15% 10%...\" \/>\n<meta property=\"og:url\" content=\"https:\/\/riccionepiadina.com\/fr\/les-matieres-premieres\/eau\/\" \/>\n<meta property=\"og:site_name\" content=\"Riccione Piadina\" \/>\n<meta property=\"article:publisher\" content=\"https:\/\/www.facebook.com\/Riccione.Piadina\" \/>\n<meta property=\"article:modified_time\" content=\"2024-03-12T16:16:23+00:00\" \/>\n<meta name=\"twitter:card\" content=\"summary_large_image\" \/>\n<meta name=\"twitter:label1\" content=\"Dur\u00e9e de lecture estim\u00e9e\" \/>\n\t<meta name=\"twitter:data1\" content=\"6 minutes\" \/>\n<script type=\"application\/ld+json\" class=\"yoast-schema-graph\">{\"@context\":\"https:\\\/\\\/schema.org\",\"@graph\":[{\"@type\":\"WebPage\",\"@id\":\"https:\\\/\\\/riccionepiadina.com\\\/fr\\\/les-matieres-premieres\\\/eau\\\/\",\"url\":\"https:\\\/\\\/riccionepiadina.com\\\/fr\\\/les-matieres-premieres\\\/eau\\\/\",\"name\":\"Eau - Riccione Piadina\",\"isPartOf\":{\"@id\":\"https:\\\/\\\/riccionepiadina.com\\\/fr\\\/#website\"},\"datePublished\":\"2023-05-24T12:59:05+00:00\",\"dateModified\":\"2024-03-12T16:16:23+00:00\",\"breadcrumb\":{\"@id\":\"https:\\\/\\\/riccionepiadina.com\\\/fr\\\/les-matieres-premieres\\\/eau\\\/#breadcrumb\"},\"inLanguage\":\"fr-FR\",\"potentialAction\":[{\"@type\":\"ReadAction\",\"target\":[\"https:\\\/\\\/riccionepiadina.com\\\/fr\\\/les-matieres-premieres\\\/eau\\\/\"]}]},{\"@type\":\"BreadcrumbList\",\"@id\":\"https:\\\/\\\/riccionepiadina.com\\\/fr\\\/les-matieres-premieres\\\/eau\\\/#breadcrumb\",\"itemListElement\":[{\"@type\":\"ListItem\",\"position\":1,\"name\":\"Home\",\"item\":\"https:\\\/\\\/riccionepiadina.com\\\/fr\\\/\"},{\"@type\":\"ListItem\",\"position\":2,\"name\":\"Les mati\u00e8res premi\u00e8res\",\"item\":\"https:\\\/\\\/riccionepiadina.com\\\/fr\\\/materie-prime\\\/\"},{\"@type\":\"ListItem\",\"position\":3,\"name\":\"Eau\"}]},{\"@type\":\"WebSite\",\"@id\":\"https:\\\/\\\/riccionepiadina.com\\\/fr\\\/#website\",\"url\":\"https:\\\/\\\/riccionepiadina.com\\\/fr\\\/\",\"name\":\"Riccione Piadina\",\"description\":\"Riccione Piadina d'autres 30 ans porta nelle tavole degli Italiani la piadina romagnola: Classica,Biologica,Senza Glutine,Integrale et la vera IGP alla Riminese\",\"publisher\":{\"@id\":\"https:\\\/\\\/riccionepiadina.com\\\/fr\\\/#organization\"},\"alternateName\":\"Riccione Piadina\",\"potentialAction\":[{\"@type\":\"SearchAction\",\"target\":{\"@type\":\"EntryPoint\",\"urlTemplate\":\"https:\\\/\\\/riccionepiadina.com\\\/fr\\\/?s={search_term_string}\"},\"query-input\":{\"@type\":\"PropertyValueSpecification\",\"valueRequired\":true,\"valueName\":\"search_term_string\"}}],\"inLanguage\":\"fr-FR\"},{\"@type\":\"Organization\",\"@id\":\"https:\\\/\\\/riccionepiadina.com\\\/fr\\\/#organization\",\"name\":\"Riccione S.r.l.\",\"url\":\"https:\\\/\\\/riccionepiadina.com\\\/fr\\\/\",\"logo\":{\"@type\":\"ImageObject\",\"inLanguage\":\"fr-FR\",\"@id\":\"https:\\\/\\\/riccionepiadina.com\\\/fr\\\/#\\\/schema\\\/logo\\\/image\\\/\",\"url\":\"https:\\\/\\\/riccionepiadina.com\\\/wp-content\\\/uploads\\\/2023\\\/05\\\/Riccione-Piadina-produzione-piadine-romagnole-certificate.png\",\"contentUrl\":\"https:\\\/\\\/riccionepiadina.com\\\/wp-content\\\/uploads\\\/2023\\\/05\\\/Riccione-Piadina-produzione-piadine-romagnole-certificate.png\",\"width\":152,\"height\":118,\"caption\":\"Riccione S.r.l.\"},\"image\":{\"@id\":\"https:\\\/\\\/riccionepiadina.com\\\/fr\\\/#\\\/schema\\\/logo\\\/image\\\/\"},\"sameAs\":[\"https:\\\/\\\/www.facebook.com\\\/Riccione.Piadina\",\"https:\\\/\\\/www.youtube.com\\\/user\\\/RICCIONEPIADINA\",\"https:\\\/\\\/www.instagram.com\\\/riccionepiadina\\\/\"]}]}<\/script>\n<!-- \/ Yoast SEO plugin. -->","yoast_head_json":{"title":"Eau - Riccione Piadina","robots":{"index":"index","follow":"follow","max-snippet":"max-snippet:-1","max-image-preview":"max-image-preview:large","max-video-preview":"max-video-preview:-1"},"canonical":"https:\/\/riccionepiadina.com\/fr\/les-matieres-premieres\/eau\/","og_locale":"fr_FR","og_type":"article","og_title":"Eau - Riccione Piadina","og_description":"[vc_row css_animation=\u00a0\u00bb\u00a0\u00bb row_type=\u00a0\u00bbrow\u00a0\u00bb use_row_as_full_screen_section=\u00a0\u00bbno\u00a0\u00bb type=\u00a0\u00bbfull_width\u00a0\u00bb angled_section=\u00a0\u00bbno\u00a0\u00bb text_align=\u00a0\u00bbleft\u00a0\u00bb background_image_as_pattern=\u00a0\u00bbwithout_pattern\u00a0\u00bb z_index=\u00a0\u00bb\u00a0\u00bb][vc_column][qode_elements_holder number_of_columns=\u00a0\u00bbtwo_columns\u00a0\u00bb switch_to_one_column=\u00a0\u00bb1300&Prime;][qode_elements_holder_item vertical_alignment=\u00a0\u00bbmiddle\u00a0\u00bb advanced_animations=\u00a0\u00bbno\u00a0\u00bb item_padding=\u00a0\u00bb15% 10%...","og_url":"https:\/\/riccionepiadina.com\/fr\/les-matieres-premieres\/eau\/","og_site_name":"Riccione Piadina","article_publisher":"https:\/\/www.facebook.com\/Riccione.Piadina","article_modified_time":"2024-03-12T16:16:23+00:00","twitter_card":"summary_large_image","twitter_misc":{"Dur\u00e9e de lecture estim\u00e9e":"6 minutes"},"schema":{"@context":"https:\/\/schema.org","@graph":[{"@type":"WebPage","@id":"https:\/\/riccionepiadina.com\/fr\/les-matieres-premieres\/eau\/","url":"https:\/\/riccionepiadina.com\/fr\/les-matieres-premieres\/eau\/","name":"Eau - Riccione Piadina","isPartOf":{"@id":"https:\/\/riccionepiadina.com\/fr\/#website"},"datePublished":"2023-05-24T12:59:05+00:00","dateModified":"2024-03-12T16:16:23+00:00","breadcrumb":{"@id":"https:\/\/riccionepiadina.com\/fr\/les-matieres-premieres\/eau\/#breadcrumb"},"inLanguage":"fr-FR","potentialAction":[{"@type":"ReadAction","target":["https:\/\/riccionepiadina.com\/fr\/les-matieres-premieres\/eau\/"]}]},{"@type":"BreadcrumbList","@id":"https:\/\/riccionepiadina.com\/fr\/les-matieres-premieres\/eau\/#breadcrumb","itemListElement":[{"@type":"ListItem","position":1,"name":"Home","item":"https:\/\/riccionepiadina.com\/fr\/"},{"@type":"ListItem","position":2,"name":"Les mati\u00e8res premi\u00e8res","item":"https:\/\/riccionepiadina.com\/fr\/materie-prime\/"},{"@type":"ListItem","position":3,"name":"Eau"}]},{"@type":"WebSite","@id":"https:\/\/riccionepiadina.com\/fr\/#website","url":"https:\/\/riccionepiadina.com\/fr\/","name":"Riccione Piadina","description":"Riccione Piadina d'autres 30 ans porta nelle tavole degli Italiani la piadina romagnola: Classica,Biologica,Senza Glutine,Integrale et la vera IGP alla Riminese","publisher":{"@id":"https:\/\/riccionepiadina.com\/fr\/#organization"},"alternateName":"Riccione Piadina","potentialAction":[{"@type":"SearchAction","target":{"@type":"EntryPoint","urlTemplate":"https:\/\/riccionepiadina.com\/fr\/?s={search_term_string}"},"query-input":{"@type":"PropertyValueSpecification","valueRequired":true,"valueName":"search_term_string"}}],"inLanguage":"fr-FR"},{"@type":"Organization","@id":"https:\/\/riccionepiadina.com\/fr\/#organization","name":"Riccione S.r.l.","url":"https:\/\/riccionepiadina.com\/fr\/","logo":{"@type":"ImageObject","inLanguage":"fr-FR","@id":"https:\/\/riccionepiadina.com\/fr\/#\/schema\/logo\/image\/","url":"https:\/\/riccionepiadina.com\/wp-content\/uploads\/2023\/05\/Riccione-Piadina-produzione-piadine-romagnole-certificate.png","contentUrl":"https:\/\/riccionepiadina.com\/wp-content\/uploads\/2023\/05\/Riccione-Piadina-produzione-piadine-romagnole-certificate.png","width":152,"height":118,"caption":"Riccione S.r.l."},"image":{"@id":"https:\/\/riccionepiadina.com\/fr\/#\/schema\/logo\/image\/"},"sameAs":["https:\/\/www.facebook.com\/Riccione.Piadina","https:\/\/www.youtube.com\/user\/RICCIONEPIADINA","https:\/\/www.instagram.com\/riccionepiadina\/"]}]}},"_links":{"self":[{"href":"https:\/\/riccionepiadina.com\/fr\/wp-json\/wp\/v2\/pages\/4622","targetHints":{"allow":["GET"]}}],"collection":[{"href":"https:\/\/riccionepiadina.com\/fr\/wp-json\/wp\/v2\/pages"}],"about":[{"href":"https:\/\/riccionepiadina.com\/fr\/wp-json\/wp\/v2\/types\/page"}],"author":[{"embeddable":true,"href":"https:\/\/riccionepiadina.com\/fr\/wp-json\/wp\/v2\/users\/1"}],"replies":[{"embeddable":true,"href":"https:\/\/riccionepiadina.com\/fr\/wp-json\/wp\/v2\/comments?post=4622"}],"version-history":[{"count":21,"href":"https:\/\/riccionepiadina.com\/fr\/wp-json\/wp\/v2\/pages\/4622\/revisions"}],"predecessor-version":[{"id":7202,"href":"https:\/\/riccionepiadina.com\/fr\/wp-json\/wp\/v2\/pages\/4622\/revisions\/7202"}],"up":[{"embeddable":true,"href":"https:\/\/riccionepiadina.com\/fr\/wp-json\/wp\/v2\/pages\/4587"}],"wp:attachment":[{"href":"https:\/\/riccionepiadina.com\/fr\/wp-json\/wp\/v2\/media?parent=4622"}],"curies":[{"name":"wp","href":"https:\/\/api.w.org\/{rel}","templated":true}]}}